{"id":3787,"date":"2025-11-26T22:32:06","date_gmt":"2025-11-27T06:32:06","guid":{"rendered":"https:\/\/dronerepaire.com\/drone-parts-store\/dji-inspire-2-arm\/"},"modified":"2025-11-26T22:33:38","modified_gmt":"2025-11-27T06:33:38","slug":"dji-inspire-2-arm","status":"publish","type":"product","link":"https:\/\/dronerepaire.com\/fr\/drone-parts-store\/dji-inspire-2-arm\/","title":{"rendered":"Bras DJI Inspire 2"},"content":{"rendered":"<div class=\"product-specs-list-container\">\n<h2>Bras DJI Inspire 2<\/h2>\n<ul class=\"product-specs-list util-clearfix\">\n<li class=\"product-prop line-limit-length\"><span class=\"property-title\">Produit chimique tr\u00e8s pr\u00e9occupant :\u00a0<\/span><span class=\"property-desc line-limit-length\">Aucun<\/span><\/li>\n<li class=\"product-prop line-limit-length\"><span class=\"property-title\">Mod\u00e8le de drone compatible :\u00a0<\/span><span class=\"property-desc line-limit-length\">Bras pour DJI Inspire 2<\/span><\/li>\n<li class=\"product-prop line-limit-length\"><span class=\"property-title\">Num\u00e9ro de mod\u00e8le :\u00a0<\/span><span class=\"property-desc line-limit-length\">Bras pour DJI Inspire 2<\/span><\/li>\n<li class=\"product-prop line-limit-length\"><span class=\"property-title\">Marque de drone compatible :\u00a0<\/span><span class=\"property-desc line-limit-length\">DJI<\/span><\/li>\n<li class=\"product-prop line-limit-length\"><span class=\"property-title\">Nom de marque :\u00a0<\/span><span class=\"property-desc line-limit-length\">VOL AU SOLEIL<\/span><\/li>\n<li class=\"product-prop line-limit-length\"><span class=\"property-title\">Origine :\u00a0<\/span><span class=\"property-desc line-limit-length\">Chine continentale<\/span><\/li>\n<\/ul>\n<\/div>\n<p><span style=\"font-size: 18px;\"> Bras pour DJI Inspire 2<\/span><\/p>\n<p><span style=\"font-size: 18px;\">1) Obtenu d'un autre drone, mais il fonctionne bien.<\/span><\/p>\n<p><span style=\"font-size: 18px;\">Y compris\uff1a1 pi\u00e8ce de bras<\/span><\/p>\n<p><img loading=\"lazy\" decoding=\"async\" class=\"\" src=\"https:\/\/ae01.alicdn.com\/kf\/H5baf93a2120543719298cb6c8d3b7a74s.jpg\" width=\"566\" height=\"566\" alt=\"\" title=\"\"><\/p>","protected":false},"excerpt":{"rendered":"<p>DJI Inspire 2 Arm High-concerned chemical : None Mod\u00e8le de drone compatible : Bras pour DJI Inspire 2 Num\u00e9ro de mod\u00e8le : Bras pour DJI Inspire 2 Marque du drone compatible : DJI Nom de marque : SUNFLYING Origine : Mainland China Bras pour DJI Inspire 2 1.Obtenu \u00e0 partir d'un autre drone, mais il fonctionne bien Inclus\uff1a1piece Arm<\/p>","protected":false},"featured_media":3792,"comment_status":"open","ping_status":"closed","template":"","meta":[],"product_brand":[],"product_cat":[15],"product_tag":[],"class_list":{"0":"post-3787","1":"product","2":"type-product","3":"status-publish","4":"has-post-thumbnail","6":"product_cat-repair-tool","8":"first","9":"instock","10":"shipping-taxable","11":"purchasable","12":"product-type-variable"},"_links":{"self":[{"href":"https:\/\/dronerepaire.com\/fr\/wp-json\/wp\/v2\/product\/3787","targetHints":{"allow":["GET"]}}],"collection":[{"href":"https:\/\/dronerepaire.com\/fr\/wp-json\/wp\/v2\/product"}],"about":[{"href":"https:\/\/dronerepaire.com\/fr\/wp-json\/wp\/v2\/types\/product"}],"replies":[{"embeddable":true,"href":"https:\/\/dronerepaire.com\/fr\/wp-json\/wp\/v2\/comments?post=3787"}],"wp:featuredmedia":[{"embeddable":true,"href":"https:\/\/dronerepaire.com\/fr\/wp-json\/wp\/v2\/media\/3792"}],"wp:attachment":[{"href":"https:\/\/dronerepaire.com\/fr\/wp-json\/wp\/v2\/media?parent=3787"}],"wp:term":[{"taxonomy":"product_brand","embeddable":true,"href":"https:\/\/dronerepaire.com\/fr\/wp-json\/wp\/v2\/product_brand?post=3787"},{"taxonomy":"product_cat","embeddable":true,"href":"https:\/\/dronerepaire.com\/fr\/wp-json\/wp\/v2\/product_cat?post=3787"},{"taxonomy":"product_tag","embeddable":true,"href":"https:\/\/dronerepaire.com\/fr\/wp-json\/wp\/v2\/product_tag?post=3787"}],"curies":[{"name":"wp","href":"https:\/\/api.w.org\/{rel}","templated":true}]}}