{"id":3706,"date":"2025-11-26T22:06:23","date_gmt":"2025-11-27T06:06:23","guid":{"rendered":"https:\/\/dronerepaire.com\/drone-parts-store\/dji-o4-air-unit-pro-drone-omnidirectional-antenna-with-strong-anti-interference-capability\/"},"modified":"2025-11-26T22:08:57","modified_gmt":"2025-11-27T06:08:57","slug":"drone-omnidirectional-antenna","status":"publish","type":"product","link":"https:\/\/dronerepaire.com\/fr\/drone-parts-store\/antenne-omnidirectionnelle-pour-drone\/","title":{"rendered":"DJI O4 Air Unit Pro Drone antenne omnidirectionnelle avec forte capacit\u00e9 anti-interf\u00e9rence"},"content":{"rendered":"<div class=\"product-specs-list-container\">\n<h2>Antenne omnidirectionnelle pour drone DJI O4 Air Unit Pro<\/h2>\n<ul class=\"product-specs-list util-clearfix\">\n<li class=\"product-prop line-limit-length\"><span class=\"property-title\">Produit chimique tr\u00e8s pr\u00e9occupant :\u00a0<\/span><span class=\"property-desc line-limit-length\">Aucun<\/span><\/li>\n<li class=\"product-prop line-limit-length\"><span class=\"property-title\">Marque de drone compatible :\u00a0<\/span><span class=\"property-desc line-limit-length\">DJI<\/span><\/li>\n<li class=\"product-prop line-limit-length\"><span class=\"property-title\">Paquet :\u00a0<\/span><span class=\"property-desc line-limit-length\">Oui<\/span><\/li>\n<li class=\"product-prop line-limit-length\"><span class=\"property-title\">Poids :\u00a0<\/span><span class=\"property-desc line-limit-length\">2.1g<\/span><\/li>\n<li class=\"product-prop line-limit-length\"><span class=\"property-title\">Num\u00e9ro de mod\u00e8le :\u00a0<\/span><span class=\"property-desc line-limit-length\">DJI O4 Air Unit Pro<\/span><\/li>\n<li class=\"product-prop line-limit-length\"><span class=\"property-title\">Nom de marque :\u00a0<\/span><span class=\"property-desc line-limit-length\">soins aux mouches<\/span><\/li>\n<li class=\"product-prop line-limit-length\"><span class=\"property-title\">Origine :\u00a0<\/span><span class=\"property-desc line-limit-length\">Chine continentale<\/span><\/li>\n<\/ul>\n<\/div>\n<div class=\"detailmodule_html\">\n<div class=\"detail-desc-decorate-richtext\">\n<div>\n<div><strong>Vue d'ensemble<\/strong><\/div>\n<\/div>\n<div>\n<div>\n<div>\n<div>\n<p>Antenne omnidirectionnelle \u00e0 fr\u00e9quence unique, polaris\u00e9e dans le sens inverse des aiguilles d'une montre, avec de fortes capacit\u00e9s anti-interf\u00e9rences.<\/p>\n<p>Equip\u00e9 d'un connecteur I-PEX pour faciliter l'installation, il est recommand\u00e9 de l'utiliser par paire.<\/p>\n<\/div>\n<\/div>\n<div>\n<div><strong>Dans la bo\u00eete<\/strong><\/div>\n<div>\n<p>Antenne DJI O4 Air Unit Pro \u00d7 1<\/p>\n<\/div>\n<\/div>\n<div>\n<div><strong>Sp\u00e9cifications<\/strong><\/div>\n<div>\n<p>Poids : Environ 2,1 g<\/p>\n<p>Longueur : 110 mm<\/p>\n<\/div>\n<\/div>\n<div>\n<div><strong>Compatibilit\u00e9<\/strong><\/div>\n<div>\n<p>DJI O4 Air Unit Pro<\/p>\n<p>DJI O4 Air Unit<\/p>\n<\/div>\n<\/div>\n<\/div>\n<\/div>\n<\/div>\n<\/div>","protected":false},"excerpt":{"rendered":"<p>Drone omnidirectional antenna For DJI O4 Air Unit Pro High-concerned chemical:\u00a0None Compatible Drone Brand:\u00a0DJI Package:\u00a0Yes Weight:\u00a02.1g Model Number:\u00a0DJI O4 Air Unit Pro Brand Name:\u00a0flycare Origin:\u00a0Mainland China Overview Single-frequency counter-clockwise polarized omnidirectional antenna with strong anti-interference capabilities. Equipped with an I-PEX connector for easy installation.Recommended to use in pairs. In The Box DJI O4 Air Unit [&hellip;]<\/p>\n","protected":false},"featured_media":3711,"comment_status":"open","ping_status":"closed","template":"","meta":[],"product_brand":[],"product_cat":[15],"product_tag":[],"class_list":{"0":"post-3706","1":"product","2":"type-product","3":"status-publish","4":"has-post-thumbnail","6":"product_cat-repair-tool","8":"first","9":"instock","10":"shipping-taxable","11":"purchasable","12":"product-type-variable"},"_links":{"self":[{"href":"https:\/\/dronerepaire.com\/fr\/wp-json\/wp\/v2\/product\/3706","targetHints":{"allow":["GET"]}}],"collection":[{"href":"https:\/\/dronerepaire.com\/fr\/wp-json\/wp\/v2\/product"}],"about":[{"href":"https:\/\/dronerepaire.com\/fr\/wp-json\/wp\/v2\/types\/product"}],"replies":[{"embeddable":true,"href":"https:\/\/dronerepaire.com\/fr\/wp-json\/wp\/v2\/comments?post=3706"}],"wp:featuredmedia":[{"embeddable":true,"href":"https:\/\/dronerepaire.com\/fr\/wp-json\/wp\/v2\/media\/3711"}],"wp:attachment":[{"href":"https:\/\/dronerepaire.com\/fr\/wp-json\/wp\/v2\/media?parent=3706"}],"wp:term":[{"taxonomy":"product_brand","embeddable":true,"href":"https:\/\/dronerepaire.com\/fr\/wp-json\/wp\/v2\/product_brand?post=3706"},{"taxonomy":"product_cat","embeddable":true,"href":"https:\/\/dronerepaire.com\/fr\/wp-json\/wp\/v2\/product_cat?post=3706"},{"taxonomy":"product_tag","embeddable":true,"href":"https:\/\/dronerepaire.com\/fr\/wp-json\/wp\/v2\/product_tag?post=3706"}],"curies":[{"name":"wp","href":"https:\/\/api.w.org\/{rel}","templated":true}]}}