{"id":3698,"date":"2025-11-26T21:51:58","date_gmt":"2025-11-27T05:51:58","guid":{"rendered":"https:\/\/dronerepaire.com\/drone-parts-store\/dji-osmo-third-person-helmet-mount-kit-paired-with-a-carbon-fiber-rod-it-enables-unique-third-person-tracking-shots-original\/"},"modified":"2025-11-26T22:09:50","modified_gmt":"2025-11-27T06:09:50","slug":"dji-osmo-carbon-fiber-rod","status":"publish","type":"product","link":"https:\/\/dronerepaire.com\/fr\/drone-parts-store\/dji-osmo-carbon-fiber-rod\/","title":{"rendered":"La canne en fibre de carbone DJI Osmo permet des prises de vue uniques \u00e0 la troisi\u00e8me personne."},"content":{"rendered":"<div class=\"product-specs-list-container\">\n<h2>Canne en fibre de carbone DJI Osmo<\/h2>\n<ul class=\"product-specs-list util-clearfix\">\n<li class=\"product-prop line-limit-length\"><span class=\"property-title\">Produit chimique tr\u00e8s pr\u00e9occupant :\u00a0<\/span><span class=\"property-desc line-limit-length\">Aucun<\/span><\/li>\n<li class=\"product-prop line-limit-length\"><span class=\"property-title\">Paquet :\u00a0<\/span><span class=\"property-desc line-limit-length\">Oui<\/span><\/li>\n<li class=\"product-prop line-limit-length\"><span class=\"property-title\">Compatible Model:\u00a0<\/span><span class=\"property-desc line-limit-length\">DJI Osmo 360<\/span><\/li>\n<li class=\"product-prop line-limit-length\"><span class=\"property-title\">Compatible Brand:\u00a0<\/span><span class=\"property-desc line-limit-length\">DJI<\/span><\/li>\n<li class=\"product-prop line-limit-length\"><span class=\"property-title\">Type:\u00a0<\/span><span class=\"property-desc line-limit-length\">Straps &amp; Mounts<\/span><\/li>\n<li class=\"product-prop line-limit-length\"><span class=\"property-title\">Nom de marque :\u00a0<\/span><span class=\"property-desc line-limit-length\">DJI<\/span><\/li>\n<li class=\"product-prop line-limit-length\"><span class=\"property-title\">Origine :\u00a0<\/span><span class=\"property-desc line-limit-length\">Chine continentale<\/span><\/li>\n<\/ul>\n<\/div>\n<div class=\"detailmodule_html\">\n<div class=\"detail-desc-decorate-richtext\">\n<div class=\"detailmodule_text-image\">\n<h2 class=\"detail-desc-decorate-title\" style=\"font-family: OpenSans; font-size: 20px; font-weight: 900; line-height: 28px; white-space: pre-wrap; color: #000000; margin-bottom: 12px;\">DJI Osmo Third-Person Helmet Mount Kit<\/h2>\n<p class=\"detail-desc-decorate-content\" style=\"font-family: OpenSans; font-size: 14px; font-weight: 300; line-height: 20px; white-space: pre-wrap; color: #000000; margin-bottom: 12px;\">Curved base fits helmets securely and sticks firmly. Paired with a carbon fiber rod, it enables unique third-person tracking shots.<\/p>\n<div><img decoding=\"async\" class=\"detail-desc-decorate-image\" src=\"https:\/\/ae01.alicdn.com\/kf\/Sbb9cd8cc59724469825bf41dd4343dc9r.jpg\" alt=\"\" title=\"\"><\/div>\n<\/div>\n<div class=\"detailmodule_text\">\n<p class=\"detail-desc-decorate-title\" style=\"font-family: OpenSans; font-size: 20px; font-weight: 900; line-height: 28px; white-space: pre-wrap; color: #000000; margin-bottom: 12px;\">Vue d'ensemble<\/p>\n<p class=\"detail-desc-decorate-content\" style=\"font-family: OpenSans; font-size: 14px; font-weight: 300; line-height: 20px; white-space: pre-wrap; color: #000000; margin-bottom: 12px;\">The curved base fits snugly against the helmet and adheres firmly to stay in place. Paired with a high-strength carbon fiber straight rod, it enables a distinctive third-person tracking perspective.<\/p>\n<\/div>\n<div class=\"detailmodule_text\">\n<p class=\"detail-desc-decorate-title\" style=\"font-family: OpenSans; font-size: 20px; font-weight: 900; line-height: 28px; white-space: pre-wrap; color: #000000; margin-bottom: 12px;\">Tips<\/p>\n<p class=\"detail-desc-decorate-content\" style=\"font-family: OpenSans; font-size: 14px; font-weight: 300; line-height: 20px; white-space: pre-wrap; color: #000000; margin-bottom: 12px;\">1. When attaching the base, press firmly for more than 30 seconds, and let it sit for 30 minutes to ensure adhesion.<\/p>\n<p>2. This product is intended for one-time use on clean, curved surfaces only. If the surface is not sufficiently smooth, apply the included adhesive pad first, then attach the base.<\/p>\n<p>3. The ideal application temperature is between -10\u00b0C and 40\u00b0C (14\u00b0 F to 104\u00b0 F).<\/p>\n<p>4. After wearing, be sure to tighten the locking nut to prevent shaking or displacement due to significant bumps during movement.<\/p>\n<p>5. While capturing 360\u00b0 shots, The bottom of the camera facing the helmet may be closer than the minimum required stitching distance. Adjust the angle and composition to avoid close-range stitching flaws at the bottom.<\/p>\n<\/div>\n<div class=\"detailmodule_text\">\n<p class=\"detail-desc-decorate-title\" style=\"font-family: OpenSans; font-size: 20px; font-weight: 900; line-height: 28px; white-space: pre-wrap; color: #000000; margin-bottom: 12px;\">Dans la bo\u00eete<\/p>\n<p class=\"detail-desc-decorate-content\" style=\"font-family: OpenSans; font-size: 14px; font-weight: 300; line-height: 20px; white-space: pre-wrap; color: #000000; margin-bottom: 12px;\">Osmo Curved Adhesive Base Max \u00d7 1<\/p>\n<p>28 cm Carbon Fiber Straight Rod \u00d7 1<\/p>\n<p>1\/4; Thread to Dual Prong Adapter \u00d7 1<\/p>\n<p>Osmo Action Quick-Release Adapter Mount \u00d7 1<\/p>\n<p>Osmo Locking Screw \u00d7 1<\/p>\n<p>Screw Locking Wrench \u00d7 1<\/p>\n<p>Hex Key \u00d7 1<\/p>\n<\/div>\n<div class=\"detailmodule_text\">\n<p class=\"detail-desc-decorate-title\" style=\"font-family: OpenSans; font-size: 20px; font-weight: 900; line-height: 28px; white-space: pre-wrap; color: #000000; margin-bottom: 12px;\">Sp\u00e9cifications<\/p>\n<p class=\"detail-desc-decorate-content\" style=\"font-family: OpenSans; font-size: 14px; font-weight: 300; line-height: 20px; white-space: pre-wrap; color: #000000; margin-bottom: 12px;\">Osmo Curved Adhesive Base Max<\/p>\n<p>Dimensions: Approx. 50 \u00d7 55 \u00d7 24 mm (L \u00d7 W \u00d7 H)<\/p>\n<p>Weight: Approx. 17 g<\/p>\n<p>Hex Key<\/p>\n<p>Dimensions: Approx. 53 \u00d7 97 \u00d7 16 mm (L \u00d7 W \u00d7 H)<\/p>\n<p>Weight: Approx. 8 g<\/p>\n<p>28cm Carbon Fiber Straight Rod<\/p>\n<p>Dimensions: Approx. 291 \u00d7 17 \u00d7 23 mm (L \u00d7 W \u00d7 H)<\/p>\n<p>Weight: Approx. 45 g<\/p>\n<p>Osmo Locking Screw<\/p>\n<p>Dimensions: Approx. 13.3 \u00d7 23 \u00d7 55.6 mm (L \u00d7 W \u00d7 H)<\/p>\n<p>Weight: Approx. 12 g<\/p>\n<p>1\/4&#8221; Thread to Two-Prong Adapter<\/p>\n<p>Dimensions: Approx. 32\u00d718\u00d718 mm (L\u00d7W\u00d7H)<\/p>\n<p>Weight: Approx. 9 g<\/p>\n<p>Osmo Action Quick-Release Adapter Mount<\/p>\n<p>Dimensions: Approx. 41\u00d721\u00d734 mm (L\u00d7W\u00d7H)<\/p>\n<p>Weight: 16 g<\/p>\n<\/div>\n<div class=\"detailmodule_text\">\n<p class=\"detail-desc-decorate-title\" style=\"font-family: OpenSans; font-size: 20px; font-weight: 900; line-height: 28px; white-space: pre-wrap; color: #000000; margin-bottom: 12px;\">Compatibilit\u00e9<\/p>\n<p class=\"detail-desc-decorate-content\" style=\"font-family: OpenSans; font-size: 14px; font-weight: 300; line-height: 20px; white-space: pre-wrap; color: #000000; margin-bottom: 12px;\">Osmo 360<\/p>\n<\/div>\n<\/div>\n<\/div>","protected":false},"excerpt":{"rendered":"<p>DJI Osmo carbon fiber rod High-concerned chemical:\u00a0None Package:\u00a0Yes Compatible Model:\u00a0DJI Osmo 360 Compatible Brand:\u00a0DJI Type:\u00a0Straps &amp; Mounts Brand Name:\u00a0DJI Origin:\u00a0Mainland China DJI Osmo Third-Person Helmet Mount Kit Curved base fits helmets securely and sticks firmly. Paired with a carbon fiber rod, it enables unique third-person tracking shots. Overview The curved base fits snugly against the [&hellip;]<\/p>\n","protected":false},"featured_media":3704,"comment_status":"open","ping_status":"closed","template":"","meta":[],"product_brand":[],"product_cat":[15],"product_tag":[],"class_list":{"0":"post-3698","1":"product","2":"type-product","3":"status-publish","4":"has-post-thumbnail","6":"product_cat-repair-tool","8":"first","9":"instock","10":"shipping-taxable","11":"purchasable","12":"product-type-variable"},"_links":{"self":[{"href":"https:\/\/dronerepaire.com\/fr\/wp-json\/wp\/v2\/product\/3698","targetHints":{"allow":["GET"]}}],"collection":[{"href":"https:\/\/dronerepaire.com\/fr\/wp-json\/wp\/v2\/product"}],"about":[{"href":"https:\/\/dronerepaire.com\/fr\/wp-json\/wp\/v2\/types\/product"}],"replies":[{"embeddable":true,"href":"https:\/\/dronerepaire.com\/fr\/wp-json\/wp\/v2\/comments?post=3698"}],"wp:featuredmedia":[{"embeddable":true,"href":"https:\/\/dronerepaire.com\/fr\/wp-json\/wp\/v2\/media\/3704"}],"wp:attachment":[{"href":"https:\/\/dronerepaire.com\/fr\/wp-json\/wp\/v2\/media?parent=3698"}],"wp:term":[{"taxonomy":"product_brand","embeddable":true,"href":"https:\/\/dronerepaire.com\/fr\/wp-json\/wp\/v2\/product_brand?post=3698"},{"taxonomy":"product_cat","embeddable":true,"href":"https:\/\/dronerepaire.com\/fr\/wp-json\/wp\/v2\/product_cat?post=3698"},{"taxonomy":"product_tag","embeddable":true,"href":"https:\/\/dronerepaire.com\/fr\/wp-json\/wp\/v2\/product_tag?post=3698"}],"curies":[{"name":"wp","href":"https:\/\/api.w.org\/{rel}","templated":true}]}}