{"id":3281,"date":"2025-09-15T09:47:22","date_gmt":"2025-09-15T09:47:22","guid":{"rendered":"https:\/\/dronerepaire.com\/?post_type=product&#038;p=3281"},"modified":"2026-03-07T00:53:20","modified_gmt":"2026-03-07T08:53:20","slug":"dji-avata2-airdrop-device-400g-capacity-dropper","status":"publish","type":"product","link":"https:\/\/dronerepaire.com\/fr\/drone-parts-store\/dji-avata2-airdrop-device-400g-capacity-dropper\/","title":{"rendered":"DJI AVATA2 Airdrop Device | Dropper d'une capacit\u00e9 de 400g"},"content":{"rendered":"<h2><strong>DJI AVATA2 Airdrop Device | 400g Capacity Dropper | Remote Control Drone Accessory | STARTRC Official<\/strong><\/h2>\n<h2 class=\"text-xl font-bold text-text-100 mt-1 -mb-0.5\">Product Overview<\/h2>\n<p class=\"whitespace-normal break-words\">The STARTRC DJI Avata2 Dedicated Dropper is an airdrop device specifically designed for the DJI Avata2 drone, capable of achieving remote precision dropping of various items. It is widely applicable for wedding surprises, festival celebrations, marine rescue, fishing bait dropping, meal gift delivery, and many other scenarios.<\/p>\n<h2 class=\"text-xl font-bold text-text-100 mt-1 -mb-0.5\">Core Features<\/h2>\n<h3 class=\"text-lg font-bold text-text-100 mt-1 -mb-1.5\">Remote Dropping<\/h3>\n<ul class=\"[&amp;:not(:last-child)_ul]:pb-1 [&amp;:not(:last-child)_ol]:pb-1 list-disc space-y-1.5 pl-7\">\n<li class=\"whitespace-normal break-words\">Remote control with unlimited distance<\/li>\n<li class=\"whitespace-normal break-words\">Triggered by rotating Avata2 in place for more than 10 seconds via remote control<\/li>\n<li class=\"whitespace-normal break-words\">Quickly solves urgent needs, creating unlimited possibilities<\/li>\n<\/ul>\n<h3 class=\"text-lg font-bold text-text-100 mt-1 -mb-1.5\">Load Capacity<\/h3>\n<ul class=\"[&amp;:not(:last-child)_ul]:pb-1 [&amp;:not(:last-child)_ol]:pb-1 list-disc space-y-1.5 pl-7\">\n<li class=\"whitespace-normal break-words\">Maximum load capacity: 400g<\/li>\n<li class=\"whitespace-normal break-words\">Stable flight, safe and fast<\/li>\n<li class=\"whitespace-normal break-words\">Note: Camera and dropper cannot be used simultaneously to avoid overloading and crash risks<\/li>\n<\/ul>\n<h3 class=\"text-lg font-bold text-text-100 mt-1 -mb-1.5\">Long Endurance<\/h3>\n<ul class=\"[&amp;:not(:last-child)_ul]:pb-1 [&amp;:not(:last-child)_ol]:pb-1 list-disc space-y-1.5 pl-7\">\n<li class=\"whitespace-normal break-words\">Type-C charging port for fast charging<\/li>\n<li class=\"whitespace-normal break-words\">Safe and reliable charging system<\/li>\n<li class=\"whitespace-normal break-words\">Must be fully charged before first use<\/li>\n<\/ul>\n<h3 class=\"text-lg font-bold text-text-100 mt-1 -mb-1.5\">Lightweight &amp; Safe<\/h3>\n<ul class=\"[&amp;:not(:last-child)_ul]:pb-1 [&amp;:not(:last-child)_ol]:pb-1 list-disc space-y-1.5 pl-7\">\n<li class=\"whitespace-normal break-words\">Dropper net weight only 55g, lightweight design<\/li>\n<li class=\"whitespace-normal break-words\">Almost no impact on aircraft endurance<\/li>\n<li class=\"whitespace-normal break-words\">Lightweight with no heavy sensation<\/li>\n<\/ul>\n<h3 class=\"text-lg font-bold text-text-100 mt-1 -mb-1.5\">Quick Installation<\/h3>\n<ul class=\"[&amp;:not(:last-child)_ul]:pb-1 [&amp;:not(:last-child)_ol]:pb-1 list-disc space-y-1.5 pl-7\">\n<li class=\"whitespace-normal break-words\">Push-button clamp body fixing design<\/li>\n<li class=\"whitespace-normal break-words\">Components can be installed with a light push<\/li>\n<li class=\"whitespace-normal break-words\">Convenient operation, fast installation<\/li>\n<\/ul>\n<h3 class=\"text-lg font-bold text-text-100 mt-1 -mb-1.5\">Reusable<\/h3>\n<ul class=\"[&amp;:not(:last-child)_ul]:pb-1 [&amp;:not(:last-child)_ol]:pb-1 list-disc space-y-1.5 pl-7\">\n<li class=\"whitespace-normal break-words\">Eco-friendly design, reusable<\/li>\n<li class=\"whitespace-normal break-words\">Can drop 400 times when fully charged<\/li>\n<li class=\"whitespace-normal break-words\">Durable and environmentally friendly<\/li>\n<\/ul>\n<h2 class=\"text-xl font-bold text-text-100 mt-1 -mb-0.5\">Product Specifications<\/h2>\n<table class=\"bg-bg-100 min-w-full border-separate border-spacing-0 text-sm leading-[1.88888] whitespace-normal\">\n<thead class=\"border-b-border-100\/50 border-b-[0.5px] text-left\">\n<tr class=\"[tbody&gt;&amp;]:odd:bg-bg-500\/10\">\n<th class=\"text-text-000 [&amp;:not(:first-child)]:-x-[hsla(var(--border-100) \/ 0.5)] font-400 px-2 [&amp;:not(:first-child)]:border-l-[0.5px]\">Item<\/th>\n<th class=\"text-text-000 [&amp;:not(:first-child)]:-x-[hsla(var(--border-100) \/ 0.5)] font-400 px-2 [&amp;:not(:first-child)]:border-l-[0.5px]\">Specification<\/th>\n<\/tr>\n<\/thead>\n<tbody>\n<tr class=\"[tbody&gt;&amp;]:odd:bg-bg-500\/10\">\n<td class=\"border-t-border-100\/50 [&amp;:not(:first-child)]:-x-[hsla(var(--border-100) \/ 0.5)] border-t-[0.5px] px-2 [&amp;:not(:first-child)]:border-l-[0.5px]\">Product Name<\/td>\n<td class=\"border-t-border-100\/50 [&amp;:not(:first-child)]:-x-[hsla(var(--border-100) \/ 0.5)] border-t-[0.5px] px-2 [&amp;:not(:first-child)]:border-l-[0.5px]\">STARTRC DJI Avata2 Dedicated Dropper<\/td>\n<\/tr>\n<tr class=\"[tbody&gt;&amp;]:odd:bg-bg-500\/10\">\n<td class=\"border-t-border-100\/50 [&amp;:not(:first-child)]:-x-[hsla(var(--border-100) \/ 0.5)] border-t-[0.5px] px-2 [&amp;:not(:first-child)]:border-l-[0.5px]\">Compatible Model<\/td>\n<td class=\"border-t-border-100\/50 [&amp;:not(:first-child)]:-x-[hsla(var(--border-100) \/ 0.5)] border-t-[0.5px] px-2 [&amp;:not(:first-child)]:border-l-[0.5px]\">Avata2<\/td>\n<\/tr>\n<tr class=\"[tbody&gt;&amp;]:odd:bg-bg-500\/10\">\n<td class=\"border-t-border-100\/50 [&amp;:not(:first-child)]:-x-[hsla(var(--border-100) \/ 0.5)] border-t-[0.5px] px-2 [&amp;:not(:first-child)]:border-l-[0.5px]\">Product Model<\/td>\n<td class=\"border-t-border-100\/50 [&amp;:not(:first-child)]:-x-[hsla(var(--border-100) \/ 0.5)] border-t-[0.5px] px-2 [&amp;:not(:first-child)]:border-l-[0.5px]\">1144949<\/td>\n<\/tr>\n<tr class=\"[tbody&gt;&amp;]:odd:bg-bg-500\/10\">\n<td class=\"border-t-border-100\/50 [&amp;:not(:first-child)]:-x-[hsla(var(--border-100) \/ 0.5)] border-t-[0.5px] px-2 [&amp;:not(:first-child)]:border-l-[0.5px]\">Package Size<\/td>\n<td class=\"border-t-border-100\/50 [&amp;:not(:first-child)]:-x-[hsla(var(--border-100) \/ 0.5)] border-t-[0.5px] px-2 [&amp;:not(:first-child)]:border-l-[0.5px]\">83\u00d767\u00d7114mm<\/td>\n<\/tr>\n<tr class=\"[tbody&gt;&amp;]:odd:bg-bg-500\/10\">\n<td class=\"border-t-border-100\/50 [&amp;:not(:first-child)]:-x-[hsla(var(--border-100) \/ 0.5)] border-t-[0.5px] px-2 [&amp;:not(:first-child)]:border-l-[0.5px]\">Product Size<\/td>\n<td class=\"border-t-border-100\/50 [&amp;:not(:first-child)]:-x-[hsla(var(--border-100) \/ 0.5)] border-t-[0.5px] px-2 [&amp;:not(:first-child)]:border-l-[0.5px]\">102.5\u00d761\u00d761mm<\/td>\n<\/tr>\n<tr class=\"[tbody&gt;&amp;]:odd:bg-bg-500\/10\">\n<td class=\"border-t-border-100\/50 [&amp;:not(:first-child)]:-x-[hsla(var(--border-100) \/ 0.5)] border-t-[0.5px] px-2 [&amp;:not(:first-child)]:border-l-[0.5px]\">Product Gross Weight<\/td>\n<td class=\"border-t-border-100\/50 [&amp;:not(:first-child)]:-x-[hsla(var(--border-100) \/ 0.5)] border-t-[0.5px] px-2 [&amp;:not(:first-child)]:border-l-[0.5px]\">110g<\/td>\n<\/tr>\n<tr class=\"[tbody&gt;&amp;]:odd:bg-bg-500\/10\">\n<td class=\"border-t-border-100\/50 [&amp;:not(:first-child)]:-x-[hsla(var(--border-100) \/ 0.5)] border-t-[0.5px] px-2 [&amp;:not(:first-child)]:border-l-[0.5px]\">Product Net Weight<\/td>\n<td class=\"border-t-border-100\/50 [&amp;:not(:first-child)]:-x-[hsla(var(--border-100) \/ 0.5)] border-t-[0.5px] px-2 [&amp;:not(:first-child)]:border-l-[0.5px]\">55g<\/td>\n<\/tr>\n<tr class=\"[tbody&gt;&amp;]:odd:bg-bg-500\/10\">\n<td class=\"border-t-border-100\/50 [&amp;:not(:first-child)]:-x-[hsla(var(--border-100) \/ 0.5)] border-t-[0.5px] px-2 [&amp;:not(:first-child)]:border-l-[0.5px]\">Battery Capacity<\/td>\n<td class=\"border-t-border-100\/50 [&amp;:not(:first-child)]:-x-[hsla(var(--border-100) \/ 0.5)] border-t-[0.5px] px-2 [&amp;:not(:first-child)]:border-l-[0.5px]\">100mAh<\/td>\n<\/tr>\n<tr class=\"[tbody&gt;&amp;]:odd:bg-bg-500\/10\">\n<td class=\"border-t-border-100\/50 [&amp;:not(:first-child)]:-x-[hsla(var(--border-100) \/ 0.5)] border-t-[0.5px] px-2 [&amp;:not(:first-child)]:border-l-[0.5px]\">Charging Current<\/td>\n<td class=\"border-t-border-100\/50 [&amp;:not(:first-child)]:-x-[hsla(var(--border-100) \/ 0.5)] border-t-[0.5px] px-2 [&amp;:not(:first-child)]:border-l-[0.5px]\">50mA<\/td>\n<\/tr>\n<tr class=\"[tbody&gt;&amp;]:odd:bg-bg-500\/10\">\n<td class=\"border-t-border-100\/50 [&amp;:not(:first-child)]:-x-[hsla(var(--border-100) \/ 0.5)] border-t-[0.5px] px-2 [&amp;:not(:first-child)]:border-l-[0.5px]\">Charging Voltage<\/td>\n<td class=\"border-t-border-100\/50 [&amp;:not(:first-child)]:-x-[hsla(var(--border-100) \/ 0.5)] border-t-[0.5px] px-2 [&amp;:not(:first-child)]:border-l-[0.5px]\">5V<\/td>\n<\/tr>\n<tr class=\"[tbody&gt;&amp;]:odd:bg-bg-500\/10\">\n<td class=\"border-t-border-100\/50 [&amp;:not(:first-child)]:-x-[hsla(var(--border-100) \/ 0.5)] border-t-[0.5px] px-2 [&amp;:not(:first-child)]:border-l-[0.5px]\">Charging Time<\/td>\n<td class=\"border-t-border-100\/50 [&amp;:not(:first-child)]:-x-[hsla(var(--border-100) \/ 0.5)] border-t-[0.5px] px-2 [&amp;:not(:first-child)]:border-l-[0.5px]\">Approximately 1 hour<\/td>\n<\/tr>\n<tr class=\"[tbody&gt;&amp;]:odd:bg-bg-500\/10\">\n<td class=\"border-t-border-100\/50 [&amp;:not(:first-child)]:-x-[hsla(var(--border-100) \/ 0.5)] border-t-[0.5px] px-2 [&amp;:not(:first-child)]:border-l-[0.5px]\">Product Packaging<\/td>\n<td class=\"border-t-border-100\/50 [&amp;:not(:first-child)]:-x-[hsla(var(--border-100) \/ 0.5)] border-t-[0.5px] px-2 [&amp;:not(:first-child)]:border-l-[0.5px]\">Color Box<\/td>\n<\/tr>\n<tr class=\"[tbody&gt;&amp;]:odd:bg-bg-500\/10\">\n<td class=\"border-t-border-100\/50 [&amp;:not(:first-child)]:-x-[hsla(var(--border-100) \/ 0.5)] border-t-[0.5px] px-2 [&amp;:not(:first-child)]:border-l-[0.5px]\">Product Material<\/td>\n<td class=\"border-t-border-100\/50 [&amp;:not(:first-child)]:-x-[hsla(var(--border-100) \/ 0.5)] border-t-[0.5px] px-2 [&amp;:not(:first-child)]:border-l-[0.5px]\">ABS+PC<\/td>\n<\/tr>\n<\/tbody>\n<\/table>\n<h2 class=\"text-xl font-bold text-text-100 mt-1 -mb-0.5\">Package Contents<\/h2>\n<ul class=\"[&amp;:not(:last-child)_ul]:pb-1 [&amp;:not(:last-child)_ol]:pb-1 list-disc space-y-1.5 pl-7\">\n<li class=\"whitespace-normal break-words\">Magnetic dropper \u00d71<\/li>\n<li class=\"whitespace-normal break-words\">Screw rod \u00d71<\/li>\n<li class=\"whitespace-normal break-words\">Quarter thread connector \u00d71<\/li>\n<li class=\"whitespace-normal break-words\">Ring \u00d71<\/li>\n<li class=\"whitespace-normal break-words\">Drop line \u00d71<\/li>\n<li class=\"whitespace-normal break-words\">Charging cable \u00d71<\/li>\n<li class=\"whitespace-normal break-words\">Product manual \u00d71<\/li>\n<\/ul>\n<h2 class=\"text-xl font-bold text-text-100 mt-1 -mb-0.5\">Application Scenarios<\/h2>\n<ul class=\"[&amp;:not(:last-child)_ul]:pb-1 [&amp;:not(:last-child)_ol]:pb-1 list-disc space-y-1.5 pl-7\">\n<li class=\"whitespace-normal break-words\"><strong>Wedding Surprises<\/strong>: Romantic proposals, wedding ceremony petal or ring dropping<\/li>\n<li class=\"whitespace-normal break-words\"><strong>Festival Celebrations<\/strong>: Gift dropping during festive activities<\/li>\n<li class=\"whitespace-normal break-words\"><strong>Marine Rescue<\/strong>: Emergency rescue equipment dropping<\/li>\n<li class=\"whitespace-normal break-words\"><strong>Fishing Bait Dropping<\/strong>: Precise bait dropping to designated locations<\/li>\n<li class=\"whitespace-normal break-words\"><strong>Meal Gift Delivery<\/strong>: Surprise gift dropping during outdoor gatherings<\/li>\n<li class=\"whitespace-normal break-words\"><strong>Gift Surprises<\/strong>: Creative gift dropping for various occasions<\/li>\n<\/ul>\n","protected":false},"excerpt":{"rendered":"<p>STARTRC DJI AVATA2 est un dispositif de largage d\u00e9di\u00e9 avec une capacit\u00e9 de 400g et un poids l\u00e9ger de 55g pour un largage pr\u00e9cis \u00e0 distance. Parfait pour les mariages, les festivals, le sauvetage en mer, le largage d'app\u00e2ts de p\u00eache. Chargement rapide Type-C, 400 largages par charge compl\u00e8te, \u00e9cologique et durable. Produit officiel authentique avec une installation rapide et une s\u00e9curit\u00e9 fiable. Achetez maintenant pour des possibilit\u00e9s cr\u00e9atives illimit\u00e9es !<\/p>","protected":false},"featured_media":3282,"comment_status":"open","ping_status":"closed","template":"","meta":[],"product_brand":[],"product_cat":[39],"product_tag":[],"class_list":{"0":"post-3281","1":"product","2":"type-product","3":"status-publish","4":"has-post-thumbnail","6":"product_cat-propeller","8":"first","9":"instock","10":"sale","11":"shipping-taxable","12":"purchasable","13":"product-type-simple"},"_links":{"self":[{"href":"https:\/\/dronerepaire.com\/fr\/wp-json\/wp\/v2\/product\/3281","targetHints":{"allow":["GET"]}}],"collection":[{"href":"https:\/\/dronerepaire.com\/fr\/wp-json\/wp\/v2\/product"}],"about":[{"href":"https:\/\/dronerepaire.com\/fr\/wp-json\/wp\/v2\/types\/product"}],"replies":[{"embeddable":true,"href":"https:\/\/dronerepaire.com\/fr\/wp-json\/wp\/v2\/comments?post=3281"}],"wp:featuredmedia":[{"embeddable":true,"href":"https:\/\/dronerepaire.com\/fr\/wp-json\/wp\/v2\/media\/3282"}],"wp:attachment":[{"href":"https:\/\/dronerepaire.com\/fr\/wp-json\/wp\/v2\/media?parent=3281"}],"wp:term":[{"taxonomy":"product_brand","embeddable":true,"href":"https:\/\/dronerepaire.com\/fr\/wp-json\/wp\/v2\/product_brand?post=3281"},{"taxonomy":"product_cat","embeddable":true,"href":"https:\/\/dronerepaire.com\/fr\/wp-json\/wp\/v2\/product_cat?post=3281"},{"taxonomy":"product_tag","embeddable":true,"href":"https:\/\/dronerepaire.com\/fr\/wp-json\/wp\/v2\/product_tag?post=3281"}],"curies":[{"name":"wp","href":"https:\/\/api.w.org\/{rel}","templated":true}]}}