{"id":3257,"date":"2025-09-15T09:42:36","date_gmt":"2025-09-15T09:42:36","guid":{"rendered":"https:\/\/dronerepaire.com\/?post_type=product&#038;p=3257"},"modified":"2025-11-13T04:46:20","modified_gmt":"2025-11-13T12:46:20","slug":"55-cm-foldable-waterproof-drone-landing-pad-compatible-with-dji-mini-3-pro-mini-2-air-2s-mavic-3-avata","status":"publish","type":"product","link":"https:\/\/dronerepaire.com\/fr\/drone-parts-store\/55-cm-pliable-etanche-datterrissage-de-drone-compatible-avec-dji-mini-3-pro-mini-2-air-2s-mavic-3-avata\/","title":{"rendered":"Plaque d'atterrissage pliable et \u00e9tanche pour drone de 55 cm - Compatible avec DJI Mini 3 Pro \/ Mini 2 \/ Air 2S \/ Mavic 3 \/ Avata"},"content":{"rendered":"<h2>Aper\u00e7u de l'aire d'atterrissage pour drones<\/h2>\n<p>Cette plateforme d'atterrissage pliable et \u00e9tanche de 55 cm est compatible avec les drones DJI Mini 3 Pro, Mini 2, Air 2S, Mavic 3 et Avata. Avec son design bicolore r\u00e9versible et son tissu antid\u00e9rapant et durable, il sert \u00e0 la fois de surface de lancement\/atterrissage et de plateforme de maintenance, ce qui permet de r\u00e9duire la poussi\u00e8re et de rationaliser le remplacement des pales et le nettoyage du cardan.<\/p>\n<h2>Sp\u00e9cifications techniques<\/h2>\n<table style=\"border-collapse: collapse; width: 571px; height: 255px;\" border=\"0\" width=\"144\" cellspacing=\"0\" cellpadding=\"0\">\n<tbody>\n<tr style=\"height: 16.50pt;\">\n<td class=\"et2\" style=\"height: 16.50pt; width: 54.00pt;\" width=\"72\" height=\"22\">Sp\u00e9cifications<\/td>\n<td class=\"et2\" style=\"width: 54.00pt;\" width=\"72\">Valeur<\/td>\n<\/tr>\n<tr style=\"height: 16.50pt;\">\n<td class=\"et2\" style=\"height: 16.50pt;\" height=\"22\">Diam\u00e8tre<\/td>\n<td class=\"et2\">50 cm*50cm<\/td>\n<\/tr>\n<tr style=\"height: 16.50pt;\">\n<td class=\"et2\" style=\"height: 16.50pt;\" height=\"22\">Mat\u00e9riau<\/td>\n<td class=\"et2\">Tissu imperm\u00e9able<\/td>\n<\/tr>\n<tr style=\"height: 16.50pt;\">\n<td class=\"et2\" style=\"height: 16.50pt;\" height=\"22\">Emballage<\/td>\n<td class=\"et2\">Pochette incluse<\/td>\n<\/tr>\n<\/tbody>\n<\/table>\n<h2>Caract\u00e9ristiques principales<\/h2>\n<p>R\u00e9versible bicolore (bleu\/orange) pour une meilleure visibilit\u00e9<\/p>\n<p>Le diam\u00e8tre de 55 cm se plie \u00e0 plat pour faciliter le transport<\/p>\n<p>La surface imperm\u00e9able et antid\u00e9rapante prot\u00e8ge contre la poussi\u00e8re et les terrains glissants.<\/p>\n<p>Compatible avec DJI Mini 3 Pro, Mini 2, Air 2S, Mavic 3, Avata, etc.<\/p>\n<p>L'installation facile \u00e0 entretenir offre une surface propre pour le remplacement des pales et l'inspection des cardans.<\/p>\n<h2>Cas d'utilisation<\/h2>\n<p>Une zone propre et d\u00e9di\u00e9e \u00e0 l'\u00e9change des pales et \u00e0 l'inspection du cardan lors de la maintenance.<\/p>\n<p>Aire de lancement et d'atterrissage stable et visible pour les missions a\u00e9riennes en plein air.<\/p>\n<p>Prot\u00e8ge le cardan et l'appareil photo de la poussi\u00e8re et des d\u00e9bris.<\/p>\n<h2>Conseils d'utilisation<\/h2>\n<p>Veillez \u00e0 ce que le coussin soit pos\u00e9 \u00e0 plat sur un sol stable afin d'\u00e9viter les perforations.<\/p>\n<p>Nettoyez-les avant de les plier et de les ranger pour pr\u00e9server leur dur\u00e9e de vie.<\/p>\n<p>Inspecter et nettoyer r\u00e9guli\u00e8rement pour conserver l'imperm\u00e9abilit\u00e9 et la qualit\u00e9 antid\u00e9rapante.<\/p>","protected":false},"excerpt":{"rendered":"<p>Une plateforme d'atterrissage portable, bicolore, antid\u00e9rapante et \u00e9tanche, compatible avec de nombreux drones DJI.<\/p>","protected":false},"featured_media":3267,"comment_status":"open","ping_status":"closed","template":"","meta":[],"product_brand":[],"product_cat":[39],"product_tag":[],"class_list":{"0":"post-3257","1":"product","2":"type-product","3":"status-publish","4":"has-post-thumbnail","6":"product_cat-propeller","8":"first","9":"instock","10":"sale","11":"shipping-taxable","12":"purchasable","13":"product-type-variable"},"_links":{"self":[{"href":"https:\/\/dronerepaire.com\/fr\/wp-json\/wp\/v2\/product\/3257","targetHints":{"allow":["GET"]}}],"collection":[{"href":"https:\/\/dronerepaire.com\/fr\/wp-json\/wp\/v2\/product"}],"about":[{"href":"https:\/\/dronerepaire.com\/fr\/wp-json\/wp\/v2\/types\/product"}],"replies":[{"embeddable":true,"href":"https:\/\/dronerepaire.com\/fr\/wp-json\/wp\/v2\/comments?post=3257"}],"wp:featuredmedia":[{"embeddable":true,"href":"https:\/\/dronerepaire.com\/fr\/wp-json\/wp\/v2\/media\/3267"}],"wp:attachment":[{"href":"https:\/\/dronerepaire.com\/fr\/wp-json\/wp\/v2\/media?parent=3257"}],"wp:term":[{"taxonomy":"product_brand","embeddable":true,"href":"https:\/\/dronerepaire.com\/fr\/wp-json\/wp\/v2\/product_brand?post=3257"},{"taxonomy":"product_cat","embeddable":true,"href":"https:\/\/dronerepaire.com\/fr\/wp-json\/wp\/v2\/product_cat?post=3257"},{"taxonomy":"product_tag","embeddable":true,"href":"https:\/\/dronerepaire.com\/fr\/wp-json\/wp\/v2\/product_tag?post=3257"}],"curies":[{"name":"wp","href":"https:\/\/api.w.org\/{rel}","templated":true}]}}