{"id":3218,"date":"2025-09-15T09:21:14","date_gmt":"2025-09-15T09:21:14","guid":{"rendered":"https:\/\/dronerepaire.com\/?post_type=product&#038;p=3218"},"modified":"2026-03-07T01:07:16","modified_gmt":"2026-03-07T09:07:16","slug":"dji-avata-2-specific-filters","status":"publish","type":"product","link":"https:\/\/dronerepaire.com\/fr\/drone-parts-store\/dji-avata-2-filtres-specifiques-junestar-jsr\u20112050-series-nd-cpl-uv-mcuv-accessoires\/","title":{"rendered":"Filtres sp\u00e9cifiques DJI Avata 2 | Junestar JSR-2050 Series ND\/CPL\/UV\/MCUV Accessoires"},"content":{"rendered":"<h2>Filtres sp\u00e9cifiques DJI Avata 2<\/h2>\n<p>Les filtres Junestar de la s\u00e9rie JSR-2050 sont con\u00e7us sur mesure pour le drone DJI Avata 2. Ils offrent une large gamme d'options de filtres ND, CPL, UV et MCUV pour r\u00e9pondre \u00e0 des besoins tels que la r\u00e9duction de la lumi\u00e8re, la polarisation et la protection contre les UV. Fabriqu\u00e9s en verre optique de haute qualit\u00e9 avec de multiples rev\u00eatements, ces filtres am\u00e9liorent la clart\u00e9, r\u00e9duisent l'exposition et prot\u00e8gent votre objectif. Id\u00e9al pour les professionnels de la vid\u00e9ographie a\u00e9rienne et les amateurs de photographie. Plusieurs variantes sont disponibles, notamment ND8\/16\/32\/64\/256, CPL, UV, MCUV simple\/double\/triple couche, etc. Les commandes \u00e0 l'unit\u00e9 sont accept\u00e9es et exp\u00e9di\u00e9es dans un d\u00e9lai de 1 \u00e0 3 jours.<\/p>\n<p>&nbsp;<\/p>\n<table>\n<thead>\n<tr>\n<th><strong>Sp\u00e9cifications<\/strong><\/th>\n<th><strong>D\u00e9tails<\/strong><\/th>\n<\/tr>\n<\/thead>\n<tbody>\n<tr>\n<td><strong>Marque<\/strong><\/td>\n<td>JSR \/ Junestar<\/td>\n<\/tr>\n<tr>\n<td><strong>Mod\u00e8le<\/strong><\/td>\n<td>JSR-2050<\/td>\n<\/tr>\n<tr>\n<td><strong>Drone compatible<\/strong><\/td>\n<td>DJI Avata 2<\/td>\n<\/tr>\n<tr>\n<td><strong>Variantes du filtre<\/strong><\/td>\n<td>MCUV \/ MCUV\u00d72 \/ MCUV\u00d73 \/ CPL \/ ND8 \/ ND16 \/ ND32 \/ ND64 \/ ND256 \/ ND8PL \/ ND16PL \/ ND32PL \/ ND64PL \/ STAR \/ UV CPL ND8 ND16 ND32 ND64 \/ NIGHT STAR<\/td>\n<\/tr>\n<tr>\n<td><strong>Mat\u00e9riau \/ Rev\u00eatement<\/strong><\/td>\n<td>Verre optique de premi\u00e8re qualit\u00e9 avec rev\u00eatements multicouches (UV, polarisation, r\u00e9duction de la lumi\u00e8re)<\/td>\n<\/tr>\n<tr>\n<td><strong>Quantit\u00e9 minimale de commande<\/strong><\/td>\n<td>1 pi\u00e8ce<\/td>\n<\/tr>\n<tr>\n<td><strong>D\u00e9lai d'exp\u00e9dition<\/strong><\/td>\n<td>Exp\u00e9dition dans les 1 \u00e0 3 jours suivant la commande<\/td>\n<\/tr>\n<tr>\n<td><strong>Emballage<\/strong><\/td>\n<td>Bo\u00eete de couleur (possibilit\u00e9 de personnaliser la marque)<\/td>\n<\/tr>\n<tr>\n<td><strong>Pays de fabrication<\/strong><\/td>\n<td>Chine<\/td>\n<\/tr>\n<tr>\n<td><strong>Ann\u00e9e de sortie<\/strong><\/td>\n<td>2024<\/td>\n<\/tr>\n<tr>\n<td><strong>Service apr\u00e8s-vente<\/strong><\/td>\n<td>3- Politique de garantie (assurance qualit\u00e9)<\/td>\n<\/tr>\n<tr>\n<td><strong>Facture fournie<\/strong><\/td>\n<td>Non<\/td>\n<\/tr>\n<tr>\n<td><strong>International\/Exportation<\/strong><\/td>\n<td>Oui<\/td>\n<\/tr>\n<\/tbody>\n<\/table>\n<p>&nbsp;<\/p>","protected":false},"excerpt":{"rendered":"<p>DJI Avata 2 Specific Filters The Junestar JSR\u20112050 series filters are custom-designed for the DJI Avata 2 drone, offering a wide range of ND, CPL, UV, and MCUV filter options to meet needs such as light reduction, polarization, and UV protection. Crafted from high-quality optical glass with multiple coatings, these filters enhance clarity, reduce exposure, [&hellip;]<\/p>\n","protected":false},"featured_media":3223,"comment_status":"open","ping_status":"closed","template":"","meta":[],"product_brand":[],"product_cat":[39],"product_tag":[],"class_list":{"0":"post-3218","1":"product","2":"type-product","3":"status-publish","4":"has-post-thumbnail","6":"product_cat-propeller","8":"first","9":"instock","10":"sale","11":"shipping-taxable","12":"purchasable","13":"product-type-variable"},"_links":{"self":[{"href":"https:\/\/dronerepaire.com\/fr\/wp-json\/wp\/v2\/product\/3218","targetHints":{"allow":["GET"]}}],"collection":[{"href":"https:\/\/dronerepaire.com\/fr\/wp-json\/wp\/v2\/product"}],"about":[{"href":"https:\/\/dronerepaire.com\/fr\/wp-json\/wp\/v2\/types\/product"}],"replies":[{"embeddable":true,"href":"https:\/\/dronerepaire.com\/fr\/wp-json\/wp\/v2\/comments?post=3218"}],"wp:featuredmedia":[{"embeddable":true,"href":"https:\/\/dronerepaire.com\/fr\/wp-json\/wp\/v2\/media\/3223"}],"wp:attachment":[{"href":"https:\/\/dronerepaire.com\/fr\/wp-json\/wp\/v2\/media?parent=3218"}],"wp:term":[{"taxonomy":"product_brand","embeddable":true,"href":"https:\/\/dronerepaire.com\/fr\/wp-json\/wp\/v2\/product_brand?post=3218"},{"taxonomy":"product_cat","embeddable":true,"href":"https:\/\/dronerepaire.com\/fr\/wp-json\/wp\/v2\/product_cat?post=3218"},{"taxonomy":"product_tag","embeddable":true,"href":"https:\/\/dronerepaire.com\/fr\/wp-json\/wp\/v2\/product_tag?post=3218"}],"curies":[{"name":"wp","href":"https:\/\/api.w.org\/{rel}","templated":true}]}}