{"id":610,"date":"2025-11-02T12:28:56","date_gmt":"2025-11-02T20:28:56","guid":{"rendered":"http:\/\/test.kriesi.at\/enfold-2017\/?page_id=610"},"modified":"2025-12-29T00:34:05","modified_gmt":"2025-12-29T08:34:05","slug":"policy","status":"publish","type":"page","link":"https:\/\/dronerepaire.com\/fr\/politique\/","title":{"rendered":"Politique"},"content":{"rendered":"<div  class='flex_column av-22k3sa-4b7cbf5ebab25524d695c3505ca5008d av_one_full  avia-builder-el-0  el_before_av_one_full  avia-builder-el-first  first flex_column_div'     ><p>\n<style type=\"text\/css\" data-created_by=\"avia_inline_auto\" id=\"style-css-av-mg21tbw3-daaa2dad78383352f2d8b397c28cee8e\">\n#top .av-special-heading.av-mg21tbw3-daaa2dad78383352f2d8b397c28cee8e{\npadding-bottom:10px;\n}\nbody .av-special-heading.av-mg21tbw3-daaa2dad78383352f2d8b397c28cee8e .av-special-heading-tag .heading-char{\nfont-size:25px;\n}\n.av-special-heading.av-mg21tbw3-daaa2dad78383352f2d8b397c28cee8e .av-subheading{\nfont-size:15px;\n}\n<\/style>\n<div  class='av-special-heading av-mg21tbw3-daaa2dad78383352f2d8b397c28cee8e av-special-heading-h2  avia-builder-el-1  el_before_av_hr  avia-builder-el-first'><h2 class='av-special-heading-tag'  itemprop=\"headline\"  >Politique de confidentialit\u00e9<\/h2><div class=\"special-heading-border\"><div class=\"special-heading-inner-border\"><\/div><\/div><\/div><br \/>\n<div  class='hr av-1v68sq-ab1486b9e017f13969052e946af559bb hr-default  avia-builder-el-2  el_after_av_heading  el_before_av_textblock'><span class='hr-inner'><span class=\"hr-inner-style\"><\/span><\/span><\/div><br \/>\n<section  class='av_textblock_section av-mg21tjsg-31b8503f68714a0594e66de71848aba5'   itemscope=\"itemscope\" itemtype=\"https:\/\/schema.org\/CreativeWork\" ><div class='avia_textblock'  itemprop=\"text\" ><p>Nous respectons votre vie priv\u00e9e. Toute information personnelle recueillie sur notre site web, y compris le nom, l'adresse \u00e9lectronique, le num\u00e9ro de t\u00e9l\u00e9phone et l'adresse de livraison, est utilis\u00e9e uniquement pour fournir nos services, traiter les commandes et communiquer avec vous. Nous ne vendons ni ne partageons vos informations avec des tiers sans votre consentement.<\/p>\n<\/div><\/section><\/p><\/div>\n<div  class='flex_column av-1spvgy-167ec6ad5a89a0e29327224c940cd52e av_one_full  avia-builder-el-4  el_after_av_one_full  el_before_av_one_full  first flex_column_div  column-top-margin'     ><p>\n<style type=\"text\/css\" data-created_by=\"avia_inline_auto\" id=\"style-css-av-mg21tyoz-f6930d518120f0b92fb8b7d824208355\">\n#top .av-special-heading.av-mg21tyoz-f6930d518120f0b92fb8b7d824208355{\npadding-bottom:10px;\n}\nbody .av-special-heading.av-mg21tyoz-f6930d518120f0b92fb8b7d824208355 .av-special-heading-tag .heading-char{\nfont-size:25px;\n}\n.av-special-heading.av-mg21tyoz-f6930d518120f0b92fb8b7d824208355 .av-subheading{\nfont-size:15px;\n}\n<\/style>\n<div  class='av-special-heading av-mg21tyoz-f6930d518120f0b92fb8b7d824208355 av-special-heading-h2  avia-builder-el-5  el_before_av_hr  avia-builder-el-first'><h2 class='av-special-heading-tag'  itemprop=\"headline\"  >Exp\u00e9dition <span class='special_amp'>&amp;<\/span> Livraison<\/h2><div class=\"special-heading-border\"><div class=\"special-heading-inner-border\"><\/div><\/div><\/div><br \/>\n<div  class='hr av-1jh8xm-7a2139037349c1c58dddbafab4e199ae hr-default  avia-builder-el-6  el_after_av_heading  el_before_av_textblock'><span class='hr-inner'><span class=\"hr-inner-style\"><\/span><\/span><\/div><br \/>\n<section  class='av_textblock_section av-mg21u8w9-de85c7def982e881ac5b1aa63f5bd27a'   itemscope=\"itemscope\" itemtype=\"https:\/\/schema.org\/CreativeWork\" ><div class='avia_textblock'  itemprop=\"text\" ><p>Tous les envois de pi\u00e8ces de drone et de r\u00e9parations sont trait\u00e9s avec soin. Les clients sont responsables de l'exactitude des informations relatives \u00e0 l'exp\u00e9dition. Les d\u00e9lais de livraison peuvent varier en fonction du lieu et du transporteur. Nous ne sommes pas responsables des retards caus\u00e9s par la compagnie de transport ou les douanes.<\/p>\n<\/div><\/section><br \/>\n<section  class='av_textblock_section av-mjqwilnq-f703b71a7f9dcb80cb99d22c38638f8b'   itemscope=\"itemscope\" itemtype=\"https:\/\/schema.org\/CreativeWork\" ><div class='avia_textblock'  itemprop=\"text\" ><p>Si vous avez des questions, n'h\u00e9sitez pas \u00e0 <a href=\"https:\/\/dronerepaire.com\/fr\/contacter-drone-repair\/\">nous contacter<\/a>.<\/p>\n<\/div><\/section><\/p><\/div><div  class='flex_column av-1cp8ze-fde0470db2928df8eac76feb62ffc3c6 av_one_full  avia-builder-el-9  el_after_av_one_full  el_before_av_one_full  first flex_column_div  column-top-margin'     ><p>\n<style type=\"text\/css\" data-created_by=\"avia_inline_auto\" id=\"style-css-av-mg21uiaj-08d2ceb57f02fbe32b9dba6dfe743672\">\n#top .av-special-heading.av-mg21uiaj-08d2ceb57f02fbe32b9dba6dfe743672{\npadding-bottom:10px;\n}\nbody .av-special-heading.av-mg21uiaj-08d2ceb57f02fbe32b9dba6dfe743672 .av-special-heading-tag .heading-char{\nfont-size:25px;\n}\n.av-special-heading.av-mg21uiaj-08d2ceb57f02fbe32b9dba6dfe743672 .av-subheading{\nfont-size:15px;\n}\n<\/style>\n<div  class='av-special-heading av-mg21uiaj-08d2ceb57f02fbe32b9dba6dfe743672 av-special-heading-h2  avia-builder-el-10  el_before_av_hr  avia-builder-el-first'><h2 class='av-special-heading-tag'  itemprop=\"headline\"  >Retours <span class='special_amp'>&amp;<\/span> Remboursements<\/h2><div class=\"special-heading-border\"><div class=\"special-heading-inner-border\"><\/div><\/div><\/div><br \/>\n<div  class='hr av-18bcki-0923477823f7f007710a8884e52030b8 hr-default  avia-builder-el-11  el_after_av_heading  el_before_av_textblock'><span class='hr-inner'><span class=\"hr-inner-style\"><\/span><\/span><\/div><br \/>\n<section  class='av_textblock_section av-mg21usog-fc3ed6f86c8a032b369f6f4db69b1217'   itemscope=\"itemscope\" itemtype=\"https:\/\/schema.org\/CreativeWork\" ><div class='avia_textblock'  itemprop=\"text\" ><ul>\n<li data-start=\"1038\" data-end=\"1150\">\n<p data-start=\"1040\" data-end=\"1150\">Les clients peuvent demander un retour ou un remplacement dans un d\u00e9lai de <strong data-start=\"1093\" data-end=\"1104\">14 jours<\/strong> de r\u00e9ception des pi\u00e8ces si elles sont d\u00e9fectueuses ou endommag\u00e9es.<\/p>\n<\/li>\n<li data-start=\"1151\" data-end=\"1204\">\n<p data-start=\"1153\" data-end=\"1204\">Les remboursements sont effectu\u00e9s apr\u00e8s inspection et approbation.<\/p>\n<\/li>\n<li data-start=\"1205\" data-end=\"1298\">\n<p data-start=\"1207\" data-end=\"1298\">Les commandes personnalis\u00e9es, les pi\u00e8ces usag\u00e9es ou les produits endommag\u00e9s \u00e0 la suite d'une mauvaise utilisation ne sont pas pris en compte. <strong data-start=\"1268\" data-end=\"1284\">non \u00e9ligible<\/strong> pour le retour.<\/p>\n<\/li>\n<\/ul>\n<\/div><\/section><\/p><\/div><\/p>\n<div  class='flex_column av-13d34q-3aed0025efcac766eed5115922b20159 av_one_full  avia-builder-el-13  el_after_av_one_full  el_before_av_one_full  first flex_column_div  column-top-margin'     ><p>\n<style type=\"text\/css\" data-created_by=\"avia_inline_auto\" id=\"style-css-av-mg21v5te-d3a8a15760429e641eab483a35021069\">\n#top .av-special-heading.av-mg21v5te-d3a8a15760429e641eab483a35021069{\npadding-bottom:10px;\n}\nbody .av-special-heading.av-mg21v5te-d3a8a15760429e641eab483a35021069 .av-special-heading-tag .heading-char{\nfont-size:25px;\n}\n.av-special-heading.av-mg21v5te-d3a8a15760429e641eab483a35021069 .av-subheading{\nfont-size:15px;\n}\n<\/style>\n<div  class='av-special-heading av-mg21v5te-d3a8a15760429e641eab483a35021069 av-special-heading-h2  avia-builder-el-14  el_before_av_hr  avia-builder-el-first'><h2 class='av-special-heading-tag'  itemprop=\"headline\"  >Termes du service de r\u00e9paration<\/h2><div class=\"special-heading-border\"><div class=\"special-heading-inner-border\"><\/div><\/div><\/div><br \/>\n<div  class='hr av-wps5u-3408c5c1892bae3c82fbd6e75e6d0c4e hr-default  avia-builder-el-15  el_after_av_heading  el_before_av_textblock'><span class='hr-inner'><span class=\"hr-inner-style\"><\/span><\/span><\/div><br \/>\n<section  class='av_textblock_section av-mg21vjop-7635c7942ae20683e4db4cd2601cd617'   itemscope=\"itemscope\" itemtype=\"https:\/\/schema.org\/CreativeWork\" ><div class='avia_textblock'  itemprop=\"text\" ><ul>\n<li data-start=\"1442\" data-end=\"1514\">\n<p data-start=\"1444\" data-end=\"1514\">Nous fournissons des services de r\u00e9paration professionnels par l'interm\u00e9diaire d'ing\u00e9nieurs certifi\u00e9s.<\/p>\n<\/li>\n<li data-start=\"1515\" data-end=\"1584\">\n<p data-start=\"1517\" data-end=\"1584\">Les clients peuvent choisir d'effectuer eux-m\u00eames les r\u00e9parations en b\u00e9n\u00e9ficiant d'une assistance technique payante.<\/p>\n<\/li>\n<li data-start=\"1585\" data-end=\"1670\">\n<p data-start=\"1587\" data-end=\"1670\">Une assistance technique \u00e0 distance est disponible pour les probl\u00e8mes complexes ; des frais partiels peuvent s'appliquer.<\/p>\n<\/li>\n<li data-start=\"1671\" data-end=\"1749\">\n<p data-start=\"1673\" data-end=\"1749\">Nous nous r\u00e9servons le droit de refuser le service si la s\u00e9curit\u00e9 ou la conformit\u00e9 est menac\u00e9e.<\/p>\n<\/li>\n<\/ul>\n<\/div><\/section><\/p><\/div>\n<div  class='flex_column av-ojb2y-d239967e0497a60a75ed7ca12ddec724 av_one_full  avia-builder-el-17  el_after_av_one_full  el_before_av_one_full  first flex_column_div  column-top-margin'     ><p>\n<style type=\"text\/css\" data-created_by=\"avia_inline_auto\" id=\"style-css-av-mg21vzz5-5f591a42585b6a3c8c578cf70f5a7f97\">\n#top .av-special-heading.av-mg21vzz5-5f591a42585b6a3c8c578cf70f5a7f97{\npadding-bottom:10px;\n}\nbody .av-special-heading.av-mg21vzz5-5f591a42585b6a3c8c578cf70f5a7f97 .av-special-heading-tag .heading-char{\nfont-size:25px;\n}\n.av-special-heading.av-mg21vzz5-5f591a42585b6a3c8c578cf70f5a7f97 .av-subheading{\nfont-size:15px;\n}\n<\/style>\n<div  class='av-special-heading av-mg21vzz5-5f591a42585b6a3c8c578cf70f5a7f97 av-special-heading-h2  avia-builder-el-18  el_before_av_hr  avia-builder-el-first'><h2 class='av-special-heading-tag'  itemprop=\"headline\"  >Limitation de la responsabilit\u00e9<\/h2><div class=\"special-heading-border\"><div class=\"special-heading-inner-border\"><\/div><\/div><\/div><br \/>\n<div  class='hr av-mg17e-4c4461e6c5b926f008ab844359a45be8 hr-default  avia-builder-el-19  el_after_av_heading  el_before_av_textblock'><span class='hr-inner'><span class=\"hr-inner-style\"><\/span><\/span><\/div><br \/>\n<section  class='av_textblock_section av-mg21w9p4-dd091a0571c50a9ca3057029c599e974'   itemscope=\"itemscope\" itemtype=\"https:\/\/schema.org\/CreativeWork\" ><div class='avia_textblock'  itemprop=\"text\" ><ul>\n<li data-start=\"1923\" data-end=\"2050\">\n<p data-start=\"1925\" data-end=\"2050\">Nous ne sommes pas responsables des dommages indirects, accessoires ou cons\u00e9cutifs r\u00e9sultant de l'utilisation de nos produits ou services.<\/p>\n<\/li>\n<li data-start=\"2051\" data-end=\"2130\">\n<p data-start=\"2053\" data-end=\"2130\">Tous les services de r\u00e9paration et de pi\u00e8ces d\u00e9tach\u00e9es sont fournis \u201cen l'\u00e9tat\u201d, sauf indication contraire.<\/p>\n<\/li>\n<li data-start=\"2131\" data-end=\"2223\">\n<p data-start=\"2133\" data-end=\"2223\">Les clients sont tenus de respecter les consignes de s\u00e9curit\u00e9 et les instructions du fabricant.<\/p>\n<\/li>\n<\/ul>\n<\/div><\/section><\/p><\/div>\n<div  class='flex_column av-e4nfe-26c092e0354f751a958f4b063d033c47 av_one_full  avia-builder-el-21  el_after_av_one_full  avia-builder-el-last  first flex_column_div  column-top-margin'     ><p>\n<style type=\"text\/css\" data-created_by=\"avia_inline_auto\" id=\"style-css-av-mg21wnrf-bd6316bb01b30f9fd34b0c50bf39f1f2\">\n#top .av-special-heading.av-mg21wnrf-bd6316bb01b30f9fd34b0c50bf39f1f2{\npadding-bottom:10px;\n}\nbody .av-special-heading.av-mg21wnrf-bd6316bb01b30f9fd34b0c50bf39f1f2 .av-special-heading-tag .heading-char{\nfont-size:25px;\n}\n.av-special-heading.av-mg21wnrf-bd6316bb01b30f9fd34b0c50bf39f1f2 .av-subheading{\nfont-size:15px;\n}\n<\/style>\n<div  class='av-special-heading av-mg21wnrf-bd6316bb01b30f9fd34b0c50bf39f1f2 av-special-heading-h2  avia-builder-el-22  el_before_av_hr  avia-builder-el-first'><h2 class='av-special-heading-tag'  itemprop=\"headline\"  >Modifications de la politique<\/h2><div class=\"special-heading-border\"><div class=\"special-heading-inner-border\"><\/div><\/div><\/div><br \/>\n<div  class='hr av-9tiju-f8f5c6bf93ad8c034650ac7a777e9d5d hr-default  avia-builder-el-23  el_after_av_heading  el_before_av_textblock'><span class='hr-inner'><span class=\"hr-inner-style\"><\/span><\/span><\/div><br \/>\n<section  class='av_textblock_section av-mg21wx6w-a1c11b69e98368de8347f2e3f37f8f3f'   itemscope=\"itemscope\" itemtype=\"https:\/\/schema.org\/CreativeWork\" ><div class='avia_textblock'  itemprop=\"text\" ><p data-start=\"2133\" data-end=\"2223\">Nous pouvons mettre \u00e0 jour cette politique de temps \u00e0 autre. La derni\u00e8re version sera publi\u00e9e sur notre site web avec la date d'entr\u00e9e en vigueur. Les clients sont invit\u00e9s \u00e0 la consulter r\u00e9guli\u00e8rement.<\/p>\n<\/div><\/section><\/p><\/div>","protected":false},"excerpt":{"rendered":"","protected":false},"author":1,"featured_media":0,"parent":0,"menu_order":0,"comment_status":"closed","ping_status":"closed","template":"","meta":{"footnotes":""},"class_list":["post-610","page","type-page","status-publish","hentry"],"_links":{"self":[{"href":"https:\/\/dronerepaire.com\/fr\/wp-json\/wp\/v2\/pages\/610","targetHints":{"allow":["GET"]}}],"collection":[{"href":"https:\/\/dronerepaire.com\/fr\/wp-json\/wp\/v2\/pages"}],"about":[{"href":"https:\/\/dronerepaire.com\/fr\/wp-json\/wp\/v2\/types\/page"}],"author":[{"embeddable":true,"href":"https:\/\/dronerepaire.com\/fr\/wp-json\/wp\/v2\/users\/1"}],"replies":[{"embeddable":true,"href":"https:\/\/dronerepaire.com\/fr\/wp-json\/wp\/v2\/comments?post=610"}],"version-history":[{"count":5,"href":"https:\/\/dronerepaire.com\/fr\/wp-json\/wp\/v2\/pages\/610\/revisions"}],"predecessor-version":[{"id":4041,"href":"https:\/\/dronerepaire.com\/fr\/wp-json\/wp\/v2\/pages\/610\/revisions\/4041"}],"wp:attachment":[{"href":"https:\/\/dronerepaire.com\/fr\/wp-json\/wp\/v2\/media?parent=610"}],"curies":[{"name":"wp","href":"https:\/\/api.w.org\/{rel}","templated":true}]}}