{"id":3825,"date":"2025-11-26T23:04:30","date_gmt":"2025-11-27T07:04:30","guid":{"rendered":"https:\/\/dronerepaire.com\/drone-parts-store\/dji-mavic-air-3-100-original-motor-arm-drone-repair-parts\/"},"modified":"2025-11-26T23:07:27","modified_gmt":"2025-11-27T07:07:27","slug":"dji-mavic-air-3-100-original-motor-arm","status":"publish","type":"product","link":"https:\/\/dronerepaire.com\/es\/drone-parts-store\/dji-mavic-air-3-100-brazo-motor-original\/","title":{"rendered":"DJI Mavic AIR 3 100% Original Motor Brazo Drone Piezas de Reparaci\u00f3n"},"content":{"rendered":"<div class=\"product-specs-list-container\">\n<h2>DJI Mavic AIR 3 100% Original Motor Brazo Drone Piezas de Reparaci\u00f3n<\/h2>\n<ul class=\"product-specs-list util-clearfix\">\n<li class=\"product-prop line-limit-length\"><span class=\"property-title\">Qu\u00edmica de alta preocupaci\u00f3n:\u00a0<\/span><span class=\"property-desc line-limit-length\">Ninguno<\/span><\/li>\n<li class=\"product-prop line-limit-length\"><span class=\"property-title\">Modelo de dron compatible:\u00a0<\/span><span class=\"property-desc line-limit-length\">DJI AIR 3<\/span><\/li>\n<li class=\"product-prop line-limit-length\"><span class=\"property-title\">Tama\u00f1o:\u00a0<\/span><span class=\"property-desc line-limit-length\">\/<\/span><\/li>\n<li class=\"product-prop line-limit-length\"><span class=\"property-title\">Paquete:\u00a0<\/span><span class=\"property-desc line-limit-length\">S\u00ed<\/span><\/li>\n<li class=\"product-prop line-limit-length\"><span class=\"property-title\">Peso:\u00a0<\/span><span class=\"property-desc line-limit-length\">\/<\/span><\/li>\n<li class=\"product-prop line-limit-length\"><span class=\"property-title\">N\u00famero de modelo:\u00a0<\/span><span class=\"property-desc line-limit-length\">DJI AIR 3 BRAZO<\/span><\/li>\n<li class=\"product-prop line-limit-length\"><span class=\"property-title\">Marca de dron compatible:\u00a0<\/span><span class=\"property-desc line-limit-length\">DJI<\/span><\/li>\n<li class=\"product-prop line-limit-length\"><span class=\"property-title\">Marca:\u00a0<\/span><span class=\"property-desc line-limit-length\">OKOUME<\/span><\/li>\n<li class=\"product-prop line-limit-length\"><span class=\"property-title\">Origen:\u00a0<\/span><span class=\"property-desc line-limit-length\">China continental<\/span><\/li>\n<\/ul>\n<\/div>\n<div class=\"detailmodule_dynamic\">\n<h2><\/h2>\n<\/div>\n<div class=\"detailmodule_html\">\n<div class=\"detail-desc-decorate-richtext\">\n<p><span style=\"background-color: #ffffff; color: #000000; font-size: 22px;\"><strong>100% Original Motor Arm for DJI AIR 3 Replacement Left Right Front Rear Arms For DJI Mavic AIR 3 Drone Repair Parts<\/strong><\/span><\/p>\n<p><span style=\"background-color: #ffffff; color: #000000; font-size: 20px;\"><strong>Caracter\u00edsticas:<\/strong><\/span><\/p>\n<ol>\n<li><span style=\"background-color: #ffffff; color: #000000; font-size: 16px; font-family: arial;\">Pieza de reparaci\u00f3n original DJI<\/span><\/li>\n<li><span style=\"background-color: #ffffff; color: #000000; font-size: 16px; font-family: arial;\">Para DJI AIR 3<\/span><\/li>\n<li><span style=\"background-color: #ffffff; color: #000000; font-size: 16px; font-family: arial;\">Accesorios de reparaci\u00f3n, f\u00e1cil instalaci\u00f3n.<\/span><\/li>\n<\/ol>\n<p><span style=\"color: #f44e3b; font-size: 22px; font-family: 'times new roman', times, serif;\">NOTA\uff1a Es DJI original usado pero funciona bien\uff01<\/span><\/p>\n<\/div>\n<\/div>","protected":false},"excerpt":{"rendered":"<p>DJI Mavic AIR 3 100% Original Motor Arm Drone Repair Parts High-concerned chemical:\u00a0None Compatible Drone Model:\u00a0DJI AIR 3 Size:\u00a0\/ Package:\u00a0Yes Weight:\u00a0\/ Model Number:\u00a0DJI AIR 3 ARM Compatible Drone Brand:\u00a0DJI Brand Name:\u00a0OKOUME Origin:\u00a0Mainland China 100% Original Motor Arm for DJI AIR 3 Replacement Left Right Front Rear Arms For DJI Mavic AIR 3 Drone Repair Parts [&hellip;]<\/p>\n","protected":false},"featured_media":3833,"comment_status":"open","ping_status":"closed","template":"","meta":[],"product_brand":[],"product_cat":[15],"product_tag":[],"class_list":{"0":"post-3825","1":"product","2":"type-product","3":"status-publish","4":"has-post-thumbnail","6":"product_cat-repair-tool","8":"first","9":"instock","10":"shipping-taxable","11":"purchasable","12":"product-type-variable"},"_links":{"self":[{"href":"https:\/\/dronerepaire.com\/es\/wp-json\/wp\/v2\/product\/3825","targetHints":{"allow":["GET"]}}],"collection":[{"href":"https:\/\/dronerepaire.com\/es\/wp-json\/wp\/v2\/product"}],"about":[{"href":"https:\/\/dronerepaire.com\/es\/wp-json\/wp\/v2\/types\/product"}],"replies":[{"embeddable":true,"href":"https:\/\/dronerepaire.com\/es\/wp-json\/wp\/v2\/comments?post=3825"}],"wp:featuredmedia":[{"embeddable":true,"href":"https:\/\/dronerepaire.com\/es\/wp-json\/wp\/v2\/media\/3833"}],"wp:attachment":[{"href":"https:\/\/dronerepaire.com\/es\/wp-json\/wp\/v2\/media?parent=3825"}],"wp:term":[{"taxonomy":"product_brand","embeddable":true,"href":"https:\/\/dronerepaire.com\/es\/wp-json\/wp\/v2\/product_brand?post=3825"},{"taxonomy":"product_cat","embeddable":true,"href":"https:\/\/dronerepaire.com\/es\/wp-json\/wp\/v2\/product_cat?post=3825"},{"taxonomy":"product_tag","embeddable":true,"href":"https:\/\/dronerepaire.com\/es\/wp-json\/wp\/v2\/product_tag?post=3825"}],"curies":[{"name":"wp","href":"https:\/\/api.w.org\/{rel}","templated":true}]}}