{"id":3808,"date":"2025-11-26T22:52:51","date_gmt":"2025-11-27T06:52:51","guid":{"rendered":"https:\/\/dronerepaire.com\/drone-parts-store\/dji-flip-signal-cable-gimbal-flex-cable-original-repair-parts\/"},"modified":"2025-11-26T22:55:57","modified_gmt":"2025-11-27T06:55:57","slug":"dji-flip-signal-cable-gimbal-flex-cable-original-repair-parts","status":"publish","type":"product","link":"https:\/\/dronerepaire.com\/es\/drone-parts-store\/dji-flip-signal-cable-gimbal-flex-cable-original-repair-parts\/","title":{"rendered":"DJI Flip Cable de se\u00f1al Cable flexible del card\u00e1n Piezas de reparaci\u00f3n originales"},"content":{"rendered":"<h2>DJI Flip Cable de se\u00f1al Cable flexible del card\u00e1n Piezas de reparaci\u00f3n originales<\/h2>\n<div class=\"product-specs-list-container\">\n<ul class=\"product-specs-list util-clearfix\">\n<li class=\"product-prop line-limit-length\"><span class=\"property-title\">Qu\u00edmica de alta preocupaci\u00f3n:\u00a0<\/span><span class=\"property-desc line-limit-length\">Ninguno<\/span><\/li>\n<li class=\"product-prop line-limit-length\"><span class=\"property-title\">Marca de dron compatible:\u00a0<\/span><span class=\"property-desc line-limit-length\">DJI<\/span><\/li>\n<li class=\"product-prop line-limit-length\"><span class=\"property-title\">Paquete:\u00a0<\/span><span class=\"property-desc line-limit-length\">No<\/span><\/li>\n<li class=\"product-prop line-limit-length\"><span class=\"property-title\">N\u00famero de modelo:\u00a0<\/span><span class=\"property-desc line-limit-length\">Para DJI Flip<\/span><\/li>\n<li class=\"product-prop line-limit-length\"><span class=\"property-title\">Marca:\u00a0<\/span><span class=\"property-desc line-limit-length\">OKOUME<\/span><\/li>\n<li class=\"product-prop line-limit-length\"><span class=\"property-title\">Origen:\u00a0<\/span><span class=\"property-desc line-limit-length\">China continental<\/span><\/li>\n<li class=\"product-prop line-limit-length\"><span class=\"property-title\">Drones Accesorios Tipo:\u00a0<\/span><span class=\"property-desc line-limit-length\">Cable FPV<\/span><\/li>\n<li class=\"product-prop line-limit-length\"><span class=\"property-title\">Modelo de dron compatible:\u00a0<\/span><span class=\"property-desc line-limit-length\">Para DJI Flip<\/span><\/li>\n<li class=\"product-prop line-limit-length\"><span class=\"property-title\">Tipo de art\u00edculo:\u00a0<\/span><span class=\"property-desc line-limit-length\">cable flexible de card\u00e1n para flip<\/span><\/li>\n<li class=\"product-prop line-limit-length\"><span class=\"property-title\">Nombre del producto:\u00a0<\/span><span class=\"property-desc line-limit-length\">Cable de br\u00fajula para DJI Flip<\/span><\/li>\n<li class=\"product-prop line-limit-length\"><span class=\"property-title\">N\u00famero de modelo:\u00a0<\/span><span class=\"property-desc line-limit-length\">Cable de se\u00f1al del card\u00e1n para Flip<\/span><\/li>\n<li class=\"product-prop line-limit-length\"><span class=\"property-title\">Marca:\u00a0<\/span><span class=\"property-desc line-limit-length\">OKOUME<\/span><\/li>\n<li class=\"product-prop line-limit-length\"><span class=\"property-title\">Origen:\u00a0<\/span><span class=\"property-desc line-limit-length\">China continental<\/span><\/li>\n<\/ul>\n<\/div>\n<div class=\"detailmodule_html\">\n<div class=\"detail-desc-decorate-richtext\">\n<div><\/div>\n<p style=\"font-family: 'Open Sans', Roboto, Arial, Helvetica, sans-serif, SimSun; font-size: 14px; font-weight: 400; letter-spacing: normal; line-height: inherit; text-align: start; white-space: normal; color: #222222; margin: 0px; padding: 0px; box-sizing: border-box;\" align=\"start\"><strong><span style=\"font-size: 20px; font-family: 'times new roman', times, serif;\">Para DJI Flip Cable de se\u00f1alGimbal Flex Cable Original Reparaci\u00f3n Br\u00fajula L\u00ednea Plana Para Flip 4 EN 1 C\u00e1mara Reparaci\u00f3n Piezas<\/span><\/strong><\/p>\n<div><\/div>\n<p style=\"font-family: 'Open Sans', Roboto, Arial, Helvetica, sans-serif, SimSun; font-size: 14px; font-weight: 400; letter-spacing: normal; line-height: inherit; text-align: start; white-space: normal; color: #222222; margin: 0px; padding: 0px; box-sizing: border-box;\" align=\"start\"><span style=\"font-size: 18px; font-family: 'times new roman', times, serif;\"><strong>Descripci\u00f3n :<\/strong><\/span><\/p>\n<div><\/div>\n<p style=\"font-family: 'Open Sans', Roboto, Arial, Helvetica, sans-serif, SimSun; font-size: 14px; font-weight: 400; letter-spacing: normal; line-height: inherit; text-align: start; white-space: normal; color: #222222; margin: 0px; padding: 0px; box-sizing: border-box;\" align=\"start\"><span style=\"font-size: 18px; font-family: 'times new roman', times, serif;\">Pieza de reparaci\u00f3n original<\/span><\/p>\n<p style=\"font-family: 'Open Sans', Roboto, Arial, Helvetica, sans-serif, SimSun; font-size: 14px; font-weight: 400; letter-spacing: normal; line-height: inherit; text-align: start; white-space: normal; color: #222222; margin: 0px; padding: 0px; box-sizing: border-box;\" align=\"start\"><span style=\"font-size: 18px; font-family: 'times new roman', times, serif;\">Elecci\u00f3n\uff1a<\/span><\/p>\n<ul>\n<li style=\"font-family: 'Open Sans', Roboto, Arial, Helvetica, sans-serif, SimSun; font-size: 14px; font-weight: 400; letter-spacing: normal; line-height: inherit; text-align: start; white-space: normal; color: #222222; box-sizing: border-box;\"><span style=\"font-size: 18px; font-family: 'times new roman', times, serif;\">Cable de la br\u00fajula del card\u00e1n\u00a0<\/span><\/li>\n<li style=\"font-family: 'Open Sans', Roboto, Arial, Helvetica, sans-serif, SimSun; font-size: 14px; font-weight: 400; letter-spacing: normal; line-height: inherit; text-align: start; white-space: normal; color: #222222; box-sizing: border-box;\"><span style=\"font-family: 'times new roman', times, serif;\"><span style=\"font-size: 18px;\">Cable flexible del card\u00e1n<\/span><\/span><\/li>\n<li style=\"font-family: 'Open Sans', Roboto, Arial, Helvetica, sans-serif, SimSun; font-size: 14px; font-weight: 400; letter-spacing: normal; line-height: inherit; text-align: start; white-space: normal; color: #222222; box-sizing: border-box;\"><span style=\"font-family: 'times new roman', times, serif;\"><span style=\"font-size: 18px;\">Cable de se\u00f1al del card\u00e1n<\/span><\/span><\/li>\n<li style=\"font-family: 'Open Sans', Roboto, Arial, Helvetica, sans-serif, SimSun; font-size: 14px; font-weight: 400; letter-spacing: normal; line-height: inherit; text-align: start; white-space: normal; color: #222222; box-sizing: border-box;\"><span style=\"font-family: 'times new roman', times, serif;\"><span style=\"font-size: 18px;\">3 EN 1 <\/span><\/span><\/li>\n<\/ul>\n<p style=\"font-family: 'Open Sans', Roboto, Arial, Helvetica, sans-serif, SimSun; font-size: 14px; font-weight: 400; letter-spacing: normal; line-height: inherit; text-align: start; white-space: normal; color: #222222; margin: 0px; padding: 0px; box-sizing: border-box;\" align=\"start\"><span style=\"font-size: 18px; font-family: 'times new roman', times, serif;\">Accesorios de reparaci\u00f3n, f\u00e1cil instalaci\u00f3n.<\/span><\/p>\n<div><\/div>\n<p style=\"font-family: 'Open Sans', Roboto, Arial, Helvetica, sans-serif, SimSun; font-size: 14px; font-weight: 400; letter-spacing: normal; line-height: inherit; text-align: start; white-space: normal; color: #222222; margin: 0px; padding: 0px; box-sizing: border-box;\" align=\"start\"><img loading=\"lazy\" decoding=\"async\" class=\"alignleft\" src=\"https:\/\/ae01.alicdn.com\/kf\/S71611aa5dfc8419c93711365d0ed4ed0x.jpg\" width=\"488\" height=\"488\" alt=\"\" title=\"\"><img decoding=\"async\" class=\"alignleft\" style=\"margin-left: auto; margin-right: auto; display: block; width: 508px;\" src=\"https:\/\/ae01.alicdn.com\/kf\/S6513641152d04f7da10bdd0b7c420461n.jpg\" width=\"920px\" height=\"508\" alt=\"\" title=\"\"><img decoding=\"async\" class=\"alignleft\" style=\"margin-left: auto; margin-right: auto; display: block; width: 506px;\" src=\"https:\/\/ae01.alicdn.com\/kf\/S07c7a855c70a4d9bae8b8042ed9b1830d.jpg\" width=\"903px\" height=\"506\" alt=\"\" title=\"\"><img decoding=\"async\" class=\"alignleft\" style=\"margin-left: auto; margin-right: auto; display: block; width: 497px;\" src=\"https:\/\/ae01.alicdn.com\/kf\/S4c9b967b328e4cf0b0e5d6179d8b041aa.jpg\" width=\"920px\" height=\"497\" alt=\"\" title=\"\"><\/p>\n<div><\/div>\n<\/div>\n<\/div>","protected":false},"excerpt":{"rendered":"<p>DJI Flip Signal Cable Gimbal Flex Cable Original Repair Parts High-concerned chemical:\u00a0None Compatible Drone Brand:\u00a0DJI Package:\u00a0No Model Number:\u00a0For DJI Flip Brand Name:\u00a0OKOUME Origin:\u00a0Mainland China Drones Accessories Type:\u00a0FPV Cable Compatible Drone Model:\u00a0For DJI Flip Item type:\u00a0gimbal flex cable for flip Product Name:\u00a0Compass Cable For DJI Flip Model Number:\u00a0Gimbal signal cable for Flip Brand Name:\u00a0OKOUME Origin:\u00a0Mainland China [&hellip;]<\/p>\n","protected":false},"featured_media":3814,"comment_status":"open","ping_status":"closed","template":"","meta":[],"product_brand":[],"product_cat":[15],"product_tag":[],"class_list":{"0":"post-3808","1":"product","2":"type-product","3":"status-publish","4":"has-post-thumbnail","6":"product_cat-repair-tool","8":"first","9":"instock","10":"shipping-taxable","11":"purchasable","12":"product-type-variable"},"_links":{"self":[{"href":"https:\/\/dronerepaire.com\/es\/wp-json\/wp\/v2\/product\/3808","targetHints":{"allow":["GET"]}}],"collection":[{"href":"https:\/\/dronerepaire.com\/es\/wp-json\/wp\/v2\/product"}],"about":[{"href":"https:\/\/dronerepaire.com\/es\/wp-json\/wp\/v2\/types\/product"}],"replies":[{"embeddable":true,"href":"https:\/\/dronerepaire.com\/es\/wp-json\/wp\/v2\/comments?post=3808"}],"wp:featuredmedia":[{"embeddable":true,"href":"https:\/\/dronerepaire.com\/es\/wp-json\/wp\/v2\/media\/3814"}],"wp:attachment":[{"href":"https:\/\/dronerepaire.com\/es\/wp-json\/wp\/v2\/media?parent=3808"}],"wp:term":[{"taxonomy":"product_brand","embeddable":true,"href":"https:\/\/dronerepaire.com\/es\/wp-json\/wp\/v2\/product_brand?post=3808"},{"taxonomy":"product_cat","embeddable":true,"href":"https:\/\/dronerepaire.com\/es\/wp-json\/wp\/v2\/product_cat?post=3808"},{"taxonomy":"product_tag","embeddable":true,"href":"https:\/\/dronerepaire.com\/es\/wp-json\/wp\/v2\/product_tag?post=3808"}],"curies":[{"name":"wp","href":"https:\/\/api.w.org\/{rel}","templated":true}]}}