{"id":3802,"date":"2025-11-26T22:47:51","date_gmt":"2025-11-27T06:47:51","guid":{"rendered":"https:\/\/dronerepaire.com\/drone-parts-store\/dji-t40-t20p-liquid-level-gauge-sensor-module\/"},"modified":"2025-11-26T22:48:47","modified_gmt":"2025-11-27T06:48:47","slug":"dji-t40-t20p-liquid-level-gauge-sensor-module","status":"publish","type":"product","link":"https:\/\/dronerepaire.com\/es\/drone-parts-store\/dji-t40-t20p-medidor-de-nivel-de-liquido-modulo-sensor\/","title":{"rendered":"M\u00f3dulo sensor de nivel de l\u00edquido DJI T40\/T20P"},"content":{"rendered":"<h2>M\u00f3dulo sensor de nivel de l\u00edquido DJI T40\/T20P<\/h2>\n<div class=\"product-specs-list-container\">\n<ul class=\"product-specs-list util-clearfix\">\n<li class=\"product-prop line-limit-length\"><span class=\"property-title\">Qu\u00edmica de alta preocupaci\u00f3n:\u00a0<\/span><span class=\"property-desc line-limit-length\">Ninguno<\/span><\/li>\n<li class=\"product-prop line-limit-length\"><span class=\"property-title\">N\u00famero de modelo:\u00a0<\/span><span class=\"property-desc line-limit-length\">M\u00f3dulo de medici\u00f3n del nivel de l\u00edquido<\/span><\/li>\n<li class=\"product-prop line-limit-length\"><span class=\"property-title\">Marca de dron compatible:\u00a0<\/span><span class=\"property-desc line-limit-length\">DJI<\/span><\/li>\n<li class=\"product-prop line-limit-length\"><span class=\"property-title\">Origen:\u00a0<\/span><span class=\"property-desc line-limit-length\">China continental<\/span><\/li>\n<\/ul>\n<\/div>\n<div class=\"detailmodule_html\">\n<div class=\"detail-desc-decorate-richtext\">\n<div class=\"detailmodule_text\">\n<p class=\"detail-desc-decorate-title\" style=\"font-family: OpenSans; font-size: 20px; font-weight: 900; line-height: 28px; white-space: pre-wrap; color: #000000; margin-bottom: 12px;\">M\u00f3dulo medidor de nivel de l\u00edquido T40\/t20p<\/p>\n<p class=\"detail-desc-decorate-content\" style=\"font-family: OpenSans; font-size: 14px; font-weight: 300; line-height: 20px; white-space: pre-wrap; color: #000000; margin-bottom: 12px;\">Bc.ag.ss000547.01<\/p>\n<\/div>\n<div class=\"detailmodule_image\"><img loading=\"lazy\" decoding=\"async\" class=\"detail-desc-decorate-image\" style=\"margin-bottom: 10px;\" src=\"https:\/\/ae01.alicdn.com\/kf\/S14ad51d651c24193956e6335b82d8196p.jpg\" width=\"416\" height=\"416\" alt=\"\" title=\"\"><\/div>\n<p>&nbsp;<\/p>\n<\/div>\n<\/div>","protected":false},"excerpt":{"rendered":"<p>DJI T40\/T20P Medidor de Nivel de Liquido Modulo Sensor Quimico de Alta Preocupacion: Ninguno Numero de Modelo: M\u00f3dulo medidor de nivel de l\u00edquido Drone compatible Marca: DJI Origen: China continental T40\/t20p medidor de nivel de l\u00edquido m\u00f3dulo Bc.ag.ss000547.01 &nbsp;<\/p>","protected":false},"featured_media":3804,"comment_status":"open","ping_status":"closed","template":"","meta":[],"product_brand":[],"product_cat":[15],"product_tag":[],"class_list":{"0":"post-3802","1":"product","2":"type-product","3":"status-publish","4":"has-post-thumbnail","6":"product_cat-repair-tool","8":"first","9":"instock","10":"shipping-taxable","11":"purchasable","12":"product-type-variable"},"_links":{"self":[{"href":"https:\/\/dronerepaire.com\/es\/wp-json\/wp\/v2\/product\/3802","targetHints":{"allow":["GET"]}}],"collection":[{"href":"https:\/\/dronerepaire.com\/es\/wp-json\/wp\/v2\/product"}],"about":[{"href":"https:\/\/dronerepaire.com\/es\/wp-json\/wp\/v2\/types\/product"}],"replies":[{"embeddable":true,"href":"https:\/\/dronerepaire.com\/es\/wp-json\/wp\/v2\/comments?post=3802"}],"wp:featuredmedia":[{"embeddable":true,"href":"https:\/\/dronerepaire.com\/es\/wp-json\/wp\/v2\/media\/3804"}],"wp:attachment":[{"href":"https:\/\/dronerepaire.com\/es\/wp-json\/wp\/v2\/media?parent=3802"}],"wp:term":[{"taxonomy":"product_brand","embeddable":true,"href":"https:\/\/dronerepaire.com\/es\/wp-json\/wp\/v2\/product_brand?post=3802"},{"taxonomy":"product_cat","embeddable":true,"href":"https:\/\/dronerepaire.com\/es\/wp-json\/wp\/v2\/product_cat?post=3802"},{"taxonomy":"product_tag","embeddable":true,"href":"https:\/\/dronerepaire.com\/es\/wp-json\/wp\/v2\/product_tag?post=3802"}],"curies":[{"name":"wp","href":"https:\/\/api.w.org\/{rel}","templated":true}]}}