{"id":3787,"date":"2025-11-26T22:32:06","date_gmt":"2025-11-27T06:32:06","guid":{"rendered":"https:\/\/dronerepaire.com\/drone-parts-store\/dji-inspire-2-arm\/"},"modified":"2025-11-26T22:33:38","modified_gmt":"2025-11-27T06:33:38","slug":"dji-inspire-2-arm","status":"publish","type":"product","link":"https:\/\/dronerepaire.com\/es\/drone-parts-store\/brazo-dji-inspire-2\/","title":{"rendered":"Brazo DJI Inspire 2"},"content":{"rendered":"<div class=\"product-specs-list-container\">\n<h2>Brazo DJI Inspire 2<\/h2>\n<ul class=\"product-specs-list util-clearfix\">\n<li class=\"product-prop line-limit-length\"><span class=\"property-title\">Qu\u00edmica de alta preocupaci\u00f3n:\u00a0<\/span><span class=\"property-desc line-limit-length\">Ninguno<\/span><\/li>\n<li class=\"product-prop line-limit-length\"><span class=\"property-title\">Modelo de dron compatible:\u00a0<\/span><span class=\"property-desc line-limit-length\">Brazo para DJI Inspire 2<\/span><\/li>\n<li class=\"product-prop line-limit-length\"><span class=\"property-title\">N\u00famero de modelo:\u00a0<\/span><span class=\"property-desc line-limit-length\">Brazo para DJI Inspire 2<\/span><\/li>\n<li class=\"product-prop line-limit-length\"><span class=\"property-title\">Marca de dron compatible:\u00a0<\/span><span class=\"property-desc line-limit-length\">DJI<\/span><\/li>\n<li class=\"product-prop line-limit-length\"><span class=\"property-title\">Marca:\u00a0<\/span><span class=\"property-desc line-limit-length\">SUNFLYING<\/span><\/li>\n<li class=\"product-prop line-limit-length\"><span class=\"property-title\">Origen:\u00a0<\/span><span class=\"property-desc line-limit-length\">China continental<\/span><\/li>\n<\/ul>\n<\/div>\n<p><span style=\"font-size: 18px;\"> Brazo para DJI Inspire 2<\/span><\/p>\n<p><span style=\"font-size: 18px;\">1.Obtener de otro avi\u00f3n no tripulado, pero es un buen trabajo<\/span><\/p>\n<p><span style=\"font-size: 18px;\">Incluye\uff1a1 pieza Brazo<\/span><\/p>\n<p><img loading=\"lazy\" decoding=\"async\" class=\"\" src=\"https:\/\/ae01.alicdn.com\/kf\/H5baf93a2120543719298cb6c8d3b7a74s.jpg\" width=\"566\" height=\"566\" alt=\"\" title=\"\"><\/p>","protected":false},"excerpt":{"rendered":"<p>Brazo para DJI Inspire 2 Qu\u00edmico de alta preocupaci\u00f3n: Ninguno Modelo de Drone Compatible: Brazo para DJI Inspire 2 N\u00famero de modelo: Brazo para DJI Inspire 2 Drone Compatible Marca: DJI Marca: SUNFLYING Origen: China continental Brazo para DJI Inspire 2 1.Get de otro avi\u00f3n no tripulado, pero es el trabajo bien Incluyendo\uff1a1 pieza Brazo<\/p>","protected":false},"featured_media":3792,"comment_status":"open","ping_status":"closed","template":"","meta":[],"product_brand":[],"product_cat":[15],"product_tag":[],"class_list":{"0":"post-3787","1":"product","2":"type-product","3":"status-publish","4":"has-post-thumbnail","6":"product_cat-repair-tool","8":"first","9":"instock","10":"shipping-taxable","11":"purchasable","12":"product-type-variable"},"_links":{"self":[{"href":"https:\/\/dronerepaire.com\/es\/wp-json\/wp\/v2\/product\/3787","targetHints":{"allow":["GET"]}}],"collection":[{"href":"https:\/\/dronerepaire.com\/es\/wp-json\/wp\/v2\/product"}],"about":[{"href":"https:\/\/dronerepaire.com\/es\/wp-json\/wp\/v2\/types\/product"}],"replies":[{"embeddable":true,"href":"https:\/\/dronerepaire.com\/es\/wp-json\/wp\/v2\/comments?post=3787"}],"wp:featuredmedia":[{"embeddable":true,"href":"https:\/\/dronerepaire.com\/es\/wp-json\/wp\/v2\/media\/3792"}],"wp:attachment":[{"href":"https:\/\/dronerepaire.com\/es\/wp-json\/wp\/v2\/media?parent=3787"}],"wp:term":[{"taxonomy":"product_brand","embeddable":true,"href":"https:\/\/dronerepaire.com\/es\/wp-json\/wp\/v2\/product_brand?post=3787"},{"taxonomy":"product_cat","embeddable":true,"href":"https:\/\/dronerepaire.com\/es\/wp-json\/wp\/v2\/product_cat?post=3787"},{"taxonomy":"product_tag","embeddable":true,"href":"https:\/\/dronerepaire.com\/es\/wp-json\/wp\/v2\/product_tag?post=3787"}],"curies":[{"name":"wp","href":"https:\/\/api.w.org\/{rel}","templated":true}]}}