{"id":3777,"date":"2025-11-26T22:16:33","date_gmt":"2025-11-27T06:16:33","guid":{"rendered":"https:\/\/dronerepaire.com\/drone-parts-store\/3-in-1-flexible-flat-ribbon-flex-cable-for-dji-mini-2-se-4k-drone-gimbal-camera-gps-imu-replacement-parts-for-dji-mavic-mini-1-2\/"},"modified":"2025-11-26T22:18:17","modified_gmt":"2025-11-27T06:18:17","slug":"3-in-1-flexible-flat-ribbon-flex-cable","status":"publish","type":"product","link":"https:\/\/dronerepaire.com\/es\/drone-parts-store\/cable-flexible-plano-3-en-1\/","title":{"rendered":"3 en 1 flexible cinta plana flex cable para DJI Mini 2 SE 4K drone card\u00e1n c\u00e1mara GPS IMU piezas de repuesto para DJI Mavic Mini 1 2"},"content":{"rendered":"<div class=\"product-specs-list-container\">\n<h2>Cable Flex 3 en 1 Cinta Plana Flexible Para DJI Mini 2 SE 4K<\/h2>\n<ul class=\"product-specs-list util-clearfix\">\n<li class=\"product-prop line-limit-length\"><span class=\"property-title\">Qu\u00edmica de alta preocupaci\u00f3n:\u00a0<\/span><span class=\"property-desc line-limit-length\">Ninguno<\/span><\/li>\n<li class=\"product-prop line-limit-length\"><span class=\"property-title\">Marca de dron compatible:\u00a0<\/span><span class=\"property-desc line-limit-length\">DJI<\/span><\/li>\n<li class=\"product-prop line-limit-length\"><span class=\"property-title\">N\u00famero de modelo:\u00a0<\/span><span class=\"property-desc line-limit-length\">Para DJI Mavic Mini 1 2 4K SE<\/span><\/li>\n<li class=\"product-prop line-limit-length\"><span class=\"property-title\">Marca:\u00a0<\/span><span class=\"property-desc line-limit-length\">Skersure<\/span><\/li>\n<li class=\"product-prop line-limit-length\"><span class=\"property-title\">Origen:\u00a0<\/span><span class=\"property-desc line-limit-length\">China continental<\/span><\/li>\n<li class=\"product-prop line-limit-length\"><span class=\"property-title\">Drones Accesorios Tipo:\u00a0<\/span><span class=\"property-desc line-limit-length\">Cable FPV<\/span><\/li>\n<li class=\"product-prop line-limit-length\"><span class=\"property-title\">Certificaci\u00f3n:\u00a0<\/span><span class=\"property-desc line-limit-length\">Ninguno<\/span><\/li>\n<\/ul>\n<\/div>\n<div class=\"detailmodule_html\">\n<div class=\"detail-desc-decorate-richtext\">\n<h1 style=\"text-align: center;\" align=\"center\"><u><strong>3 en 1 flexible cinta plana flex cable para DJI Mini 2 SE 4K drone card\u00e1n c\u00e1mara GPS IMU piezas de repuesto para DJI Mavic Mini 1 2<\/strong><\/u><\/h1>\n<p><span style=\"font-size: 20px;\"><strong>Descripci\u00f3n:<\/strong><\/span><\/p>\n<p><span style=\"font-size: 20px;\"><strong>- Recambios de alta calidad<\/strong><\/span><\/p>\n<p><span style=\"font-size: 20px;\"><strong>- Probados uno a uno antes de la entrega para garantizar un funcionamiento perfecto.<\/strong><\/span><\/p>\n<p><span style=\"font-size: 20px;\"><strong>- En stock, Mejor servicio post-venta.<\/strong><\/span><\/p>\n<p><span style=\"font-size: 20px;\"><strong>-Muy recomendable para instaladores profesionales.<\/strong><\/span><\/p>\n<p><span style=\"font-size: 20px;\"><strong>Esto no es un trabajo f\u00e1cil para alguien que no tiene conocimientos t\u00e9cnicos con el desmontaje o montaje de tel\u00e9fonos m\u00f3viles, por lo que s\u00f3lo comprar este art\u00edculo si usted sabe c\u00f3mo instalarlo.<\/strong><\/span><\/p>\n<p style=\"text-align: center;\" align=\"center\"><img decoding=\"async\" src=\"https:\/\/ae01.alicdn.com\/kf\/Sae6a310482504f40b97d95803afacaf2f.png\" alt=\"\" title=\"\"><img decoding=\"async\" src=\"https:\/\/ae01.alicdn.com\/kf\/S5887997d6ae7456e9aa16ec459f95af6J.png\" alt=\"\" title=\"\"><\/p>\n<\/div>\n<\/div>","protected":false},"excerpt":{"rendered":"<p>3 in 1 Flexible Flat Ribbon Flex Cable For DJI Mini 2 SE 4K High-concerned chemical:\u00a0None Compatible Drone Brand:\u00a0DJI Model Number:\u00a0For DJI Mavic Mini 1 2 4K SE Brand Name:\u00a0Skersure Origin:\u00a0Mainland China Drones Accessories Type:\u00a0FPV Cable Certification:\u00a0None 3 in 1 Flexible Flat Ribbon Flex Cable for DJI Mini 2 SE 4K Drone Gimbal Camera GPS [&hellip;]<\/p>\n","protected":false},"featured_media":3778,"comment_status":"open","ping_status":"closed","template":"","meta":[],"product_brand":[],"product_cat":[15],"product_tag":[],"class_list":{"0":"post-3777","1":"product","2":"type-product","3":"status-publish","4":"has-post-thumbnail","6":"product_cat-repair-tool","8":"first","9":"instock","10":"shipping-taxable","11":"purchasable","12":"product-type-variable"},"_links":{"self":[{"href":"https:\/\/dronerepaire.com\/es\/wp-json\/wp\/v2\/product\/3777","targetHints":{"allow":["GET"]}}],"collection":[{"href":"https:\/\/dronerepaire.com\/es\/wp-json\/wp\/v2\/product"}],"about":[{"href":"https:\/\/dronerepaire.com\/es\/wp-json\/wp\/v2\/types\/product"}],"replies":[{"embeddable":true,"href":"https:\/\/dronerepaire.com\/es\/wp-json\/wp\/v2\/comments?post=3777"}],"wp:featuredmedia":[{"embeddable":true,"href":"https:\/\/dronerepaire.com\/es\/wp-json\/wp\/v2\/media\/3778"}],"wp:attachment":[{"href":"https:\/\/dronerepaire.com\/es\/wp-json\/wp\/v2\/media?parent=3777"}],"wp:term":[{"taxonomy":"product_brand","embeddable":true,"href":"https:\/\/dronerepaire.com\/es\/wp-json\/wp\/v2\/product_brand?post=3777"},{"taxonomy":"product_cat","embeddable":true,"href":"https:\/\/dronerepaire.com\/es\/wp-json\/wp\/v2\/product_cat?post=3777"},{"taxonomy":"product_tag","embeddable":true,"href":"https:\/\/dronerepaire.com\/es\/wp-json\/wp\/v2\/product_tag?post=3777"}],"curies":[{"name":"wp","href":"https:\/\/api.w.org\/{rel}","templated":true}]}}