{"id":3713,"date":"2025-11-26T22:10:47","date_gmt":"2025-11-27T06:10:47","guid":{"rendered":"https:\/\/dronerepaire.com\/drone-parts-store\/original-gimbal-part-for-dji-mini-3-pro-gimbal-housing-shell-camera-lens-ptz-signal-cable-yaw-roll-motor-arm-rubber-damping\/"},"modified":"2025-11-26T22:23:04","modified_gmt":"2025-11-27T06:23:04","slug":"dji-mini-3-pro-original-gimbal","status":"publish","type":"product","link":"https:\/\/dronerepaire.com\/es\/drone-parts-store\/dji-mini-3-pro-gimbal-original\/","title":{"rendered":"DJI Mini 3 Pro Original Gimbal Parte Carcasa Shell Lente de la c\u00e1mara PTZ Cable de se\u00f1al Yaw Roll Motor \/ Brazo Amortiguaci\u00f3n de goma"},"content":{"rendered":"<div class=\"product-specs-list-container\">\n<h2>DJI Mini 3 Pro Pieza Original Gimbal<\/h2>\n<ul class=\"product-specs-list util-clearfix\">\n<li class=\"product-prop line-limit-length\"><span class=\"property-title\">Qu\u00edmica de alta preocupaci\u00f3n:\u00a0<\/span><span class=\"property-desc line-limit-length\">Ninguno<\/span><\/li>\n<li class=\"product-prop line-limit-length\"><span class=\"property-title\">Modelo de dron compatible:\u00a0<\/span><span class=\"property-desc line-limit-length\">DJI Mini 3 pro<\/span><\/li>\n<li class=\"product-prop line-limit-length\"><span class=\"property-title\">Tama\u00f1o:\u00a0<\/span><span class=\"property-desc line-limit-length\">\/<\/span><\/li>\n<li class=\"product-prop line-limit-length\"><span class=\"property-title\">Paquete:\u00a0<\/span><span class=\"property-desc line-limit-length\">S\u00ed<\/span><\/li>\n<li class=\"product-prop line-limit-length\"><span class=\"property-title\">Peso:\u00a0<\/span><span class=\"property-desc line-limit-length\">\/<\/span><\/li>\n<li class=\"product-prop line-limit-length\"><span class=\"property-title\">N\u00famero de modelo:\u00a0<\/span><span class=\"property-desc line-limit-length\">DJI Mini 3 pro<\/span><\/li>\n<li class=\"product-prop line-limit-length\"><span class=\"property-title\">Marca de dron compatible:\u00a0<\/span><span class=\"property-desc line-limit-length\">DJI<\/span><\/li>\n<li class=\"product-prop line-limit-length\"><span class=\"property-title\">Marca:\u00a0<\/span><span class=\"property-desc line-limit-length\">OKOUME<\/span><\/li>\n<li class=\"product-prop line-limit-length\"><span class=\"property-title\">Origen:\u00a0<\/span><span class=\"property-desc line-limit-length\">China continental<\/span><\/li>\n<\/ul>\n<\/div>\n<div class=\"detailmodule_dynamic\"><\/div>\n<div class=\"detailmodule_html\">\n<div class=\"detail-desc-decorate-richtext\">\n<div class=\"detailmodule_html\">\n<div class=\"detail-desc-decorate-richtext\">\n<div class=\"detailmodule_html\">\n<div class=\"detail-desc-decorate-richtext\">\n<p><span style=\"font-size: 26px; font-family: 'times new roman', times, serif;\">Original Gimbal Parte para DJI Mini 3 Pro Gimbal Carcasa Lente de la c\u00e1mara PTZ Cable de se\u00f1al Yaw Roll Motor \/ Brazo de goma de amortiguaci\u00f3n<\/span><\/p>\n<div><\/div>\n<p style=\"font-family: 'open sans', roboto, arial, helvetica, sans-serif, simsun; font-size: 14px; font-weight: 400; letter-spacing: normal; line-height: inherit; text-align: start; white-space: normal; color: #000000; background-color: #ffffff; border: 0px; margin: 0px; padding: 0px; box-sizing: border-box;\" align=\"start\"><span style=\"background-color: #ffffff; color: #009ce0; font-size: 26px; font-family: 'times new roman', times, serif;\"><strong>Descripci\u00f3n:<\/strong><\/span><\/p>\n<ul style=\"font-family: 'open sans', roboto, arial, helvetica, sans-serif, simsun; font-size: 14px; font-weight: 400; letter-spacing: normal; line-height: inherit; text-align: start; white-space: normal; color: #000000; background-color: #ffffff; border: 0px; margin: 0px; padding: 0px; list-style: disc; box-sizing: border-box;\">\n<li style=\"font-family: inherit; font-size: inherit; font-weight: inherit; line-height: inherit; border: 0px; margin: 0px; padding: 0px; display: list-item; box-sizing: border-box;\">\n<p style=\"font-family: inherit; font-size: 14px; font-weight: 400; line-height: inherit; border: 0px; margin: 0px; padding: 0px; box-sizing: border-box;\"><span style=\"font-size: 20px; font-family: 'times new roman', times, serif;\">Original de DJI<\/span><\/p>\n<\/li>\n<li style=\"font-family: inherit; font-size: inherit; font-weight: inherit; line-height: inherit; border: 0px; margin: 0px; padding: 0px; display: list-item; box-sizing: border-box;\">\n<p style=\"font-family: inherit; font-size: 14px; font-weight: 400; line-height: inherit; border: 0px; margin: 0px; padding: 0px; box-sizing: border-box;\"><span style=\"font-size: 20px; font-family: 'times new roman', times, serif;\">Compatible con <\/span><span style=\"color: #009ce0; font-size: 20px; font-family: 'times new roman', times, serif;\"><strong>DJI Mini 3 PRO<\/strong><\/span><span style=\"color: #009ce0; font-size: 20px; font-family: 'times new roman', times, serif;\"><strong>\u00a0<\/strong><\/span><span style=\"font-size: 20px; font-family: 'times new roman', times, serif;\">s\u00f3lo<\/span><\/p>\n<\/li>\n<li style=\"font-family: inherit; font-size: inherit; font-weight: inherit; line-height: inherit; border: 0px; margin: 0px; padding: 0px; display: list-item; box-sizing: border-box;\">\n<p style=\"font-family: inherit; font-size: 14px; font-weight: 400; line-height: inherit; border: 0px; margin: 0px; padding: 0px; box-sizing: border-box;\"><span style=\"font-size: 20px; font-family: 'times new roman', times, serif;\">Bueno como pieza de repuesto<\/span><\/p>\n<\/li>\n<li style=\"font-family: inherit; font-size: inherit; font-weight: inherit; line-height: inherit; border: 0px; margin: 0px; padding: 0px; display: list-item; box-sizing: border-box;\">\n<p style=\"font-family: inherit; font-size: 14px; font-weight: 400; line-height: inherit; border: 0px; margin: 0px; padding: 0px; box-sizing: border-box;\"><span style=\"font-size: 20px; font-family: 'times new roman', times, serif;\">En stock, env\u00edo r\u00e1pido<\/span><\/p>\n<\/li>\n<\/ul>\n<p style=\"text-align: left;\" align=\"left\"><span style=\"color: #f44e3b; font-size: 22px; font-family: 'times new roman', times, serif;\">NOTA\uff1a Es DJI original usado pero funciona bien\uff01<\/span><\/p>\n<p><span style=\"color: #f44e3b; font-size: 22px; font-family: 'times new roman', times, serif;\">Las bolas amortiguadoras cortas y las bolas amortiguadoras con rayas verticales son universales.<\/span><\/p>\n<div class=\"detailmodule_html\">\n<div class=\"detail-desc-decorate-richtext\">\n<p style=\"font-size: 14px; font-weight: 400; line-height: inherit; margin: 0px; padding: 0px; box-sizing: border-box;\"><span style=\"background-color: #ffffff; color: #f44e3b; font-size: 22px; font-family: 'times new roman', times, serif;\">Este producto necesita ser calibrado despu\u00e9s de la instalaci\u00f3n. Si usted no es un profesional de la reparaci\u00f3n, o usted es una persona con abiity manipulador d\u00e9bil, por favor no lo compre, tambi\u00e9n! Si la instalaci\u00f3n falla o el error de calibraci\u00f3n causa da\u00f1os a los accesorios, no se dar\u00e1 ninguna compensaci\u00f3n.<\/span><\/p>\n<div><\/div>\n<\/div>\n<\/div>\n<div class=\"detailmodule_html\">\n<div class=\"detail-desc-decorate-richtext\">\n<div class=\"detailmodule_html\">\n<div class=\"detail-desc-decorate-richtext\">\n<div class=\"detailmodule_html\">\n<div class=\"detail-desc-decorate-richtext\">\n<div class=\"detailmodule_html\">\n<div class=\"detail-desc-decorate-richtext\">\n<p style=\"font-size: 14px; font-weight: 400; line-height: inherit; margin: 0px; padding: 0px; box-sizing: border-box;\"><span style=\"color: #f44e3b; font-size: 20px; font-family: georgia, serif;\">Antes de realizar una compra, preste atenci\u00f3n a las siguientes cuestiones para evitar disputas innecesarias. Por favor, confirme y acepte las siguientes cuestiones antes de realizar un pedido. Muchas gracias.<\/span><\/p>\n<div><\/div>\n<p><span style=\"color: #000000; font-size: 18px;\">El DJI Mini 3pro viene en modelos nuevos y antiguos. El modelo nuevo est\u00e1 equipado con la c\u00e1mara card\u00e1n del mini 3, mientras que el modelo antiguo sigue utilizando la c\u00e1mara card\u00e1n del mini 3pro, pero se ha confirmado que se pueden utilizar indistintamente. El almac\u00e9n los enviar\u00e1 aleatoriamente. Por favor, actualice a la \u00faltima versi\u00f3n de firmware antes de reemplazarlo, y luego instalarlo. Sin embargo, la APP informar\u00e1 de un mensaje de error de calibraci\u00f3n gimbal ERROR. Si no te gusta la fuente de error en la p\u00e1gina, usted necesita comprar software profesional para la calibraci\u00f3n y el c\u00f3digo de correcci\u00f3n de errores o encontrar un profesional para resolverlo. Pero este error no afectar\u00e1 el rendimiento en absoluto, y no tiene ning\u00fan impacto en la fotograf\u00eda y grabaci\u00f3n de v\u00eddeo.<\/span><\/p>\n<\/div>\n<\/div>\n<\/div>\n<\/div>\n<\/div>\n<\/div>\n<\/div>\n<\/div>\n<p><img decoding=\"async\" src=\"https:\/\/ae01.alicdn.com\/kf\/S297bbc5c7a5b41e09e4d7a96d9400644B.jpg\" alt=\"\" title=\"\"><img decoding=\"async\" src=\"https:\/\/ae01.alicdn.com\/kf\/S97e54ca3580e4d8bafca427bd3d39b8bL.jpg\" alt=\"\" title=\"\"><img decoding=\"async\" src=\"https:\/\/ae01.alicdn.com\/kf\/S91cf79cc87d44e1a92cc72b0c86952492.jpg\" alt=\"\" title=\"\"><img decoding=\"async\" src=\"https:\/\/ae01.alicdn.com\/kf\/S4230f7fe157143adb420182ac623c561V.jpg\" alt=\"\" title=\"\"><img decoding=\"async\" src=\"https:\/\/ae01.alicdn.com\/kf\/S0075e73adeb54b6a9f5a0dcab60e9e35m.jpg\" alt=\"\" title=\"\"><img decoding=\"async\" src=\"https:\/\/ae01.alicdn.com\/kf\/Se5c12a7faec34445916ee98aad78213cg.jpg\" alt=\"\" title=\"\"><img decoding=\"async\" src=\"https:\/\/ae01.alicdn.com\/kf\/Sabe386d0570648108a9cc11269b53ce3t.jpg\" alt=\"\" title=\"\"><img decoding=\"async\" src=\"https:\/\/ae01.alicdn.com\/kf\/Sa22fedcdf0054d5ba0c7c9774b5d259dq.jpg\" alt=\"\" title=\"\"><\/p>\n<\/div>\n<\/div>\n<\/div>\n<\/div>\n<\/div>\n<\/div>\n<p><img decoding=\"async\" src=\"https:\/\/ae01.alicdn.com\/kf\/S2b5dcba7d0934db19db2fd74ffa68a0bE.jpg\" alt=\"\" title=\"\"><\/p>","protected":false},"excerpt":{"rendered":"<p>DJI Mini 3 Pro Original Gimbal Part High-concerned chemical:\u00a0None Compatible Drone Model:\u00a0DJI Mini 3 pro Size:\u00a0\/ Package:\u00a0Yes Weight:\u00a0\/ Model Number:\u00a0DJI Mini 3 pro Compatible Drone Brand:\u00a0DJI Brand Name:\u00a0OKOUME Origin:\u00a0Mainland China Original Gimbal Part for DJI Mini 3 Pro Gimbal Housing Shell Camera Lens PTZ Signal Cable Yaw Roll Motor \/ Arm Rubber Damping Description: Original [&hellip;]<\/p>\n","protected":false},"featured_media":3786,"comment_status":"open","ping_status":"closed","template":"","meta":[],"product_brand":[],"product_cat":[15],"product_tag":[],"class_list":{"0":"post-3713","1":"product","2":"type-product","3":"status-publish","4":"has-post-thumbnail","6":"product_cat-repair-tool","8":"first","9":"instock","10":"shipping-taxable","11":"purchasable","12":"product-type-variable"},"_links":{"self":[{"href":"https:\/\/dronerepaire.com\/es\/wp-json\/wp\/v2\/product\/3713","targetHints":{"allow":["GET"]}}],"collection":[{"href":"https:\/\/dronerepaire.com\/es\/wp-json\/wp\/v2\/product"}],"about":[{"href":"https:\/\/dronerepaire.com\/es\/wp-json\/wp\/v2\/types\/product"}],"replies":[{"embeddable":true,"href":"https:\/\/dronerepaire.com\/es\/wp-json\/wp\/v2\/comments?post=3713"}],"wp:featuredmedia":[{"embeddable":true,"href":"https:\/\/dronerepaire.com\/es\/wp-json\/wp\/v2\/media\/3786"}],"wp:attachment":[{"href":"https:\/\/dronerepaire.com\/es\/wp-json\/wp\/v2\/media?parent=3713"}],"wp:term":[{"taxonomy":"product_brand","embeddable":true,"href":"https:\/\/dronerepaire.com\/es\/wp-json\/wp\/v2\/product_brand?post=3713"},{"taxonomy":"product_cat","embeddable":true,"href":"https:\/\/dronerepaire.com\/es\/wp-json\/wp\/v2\/product_cat?post=3713"},{"taxonomy":"product_tag","embeddable":true,"href":"https:\/\/dronerepaire.com\/es\/wp-json\/wp\/v2\/product_tag?post=3713"}],"curies":[{"name":"wp","href":"https:\/\/api.w.org\/{rel}","templated":true}]}}