{"id":3698,"date":"2025-11-26T21:51:58","date_gmt":"2025-11-27T05:51:58","guid":{"rendered":"https:\/\/dronerepaire.com\/drone-parts-store\/dji-osmo-third-person-helmet-mount-kit-paired-with-a-carbon-fiber-rod-it-enables-unique-third-person-tracking-shots-original\/"},"modified":"2025-11-26T22:09:50","modified_gmt":"2025-11-27T06:09:50","slug":"dji-osmo-carbon-fiber-rod","status":"publish","type":"product","link":"https:\/\/dronerepaire.com\/es\/drone-parts-store\/varilla-de-fibra-de-carbono-dji-osmo\/","title":{"rendered":"Varilla de fibra de carbono DJI Osmo, permite tomas \u00fanicas con seguimiento en tercera persona Original"},"content":{"rendered":"<div class=\"product-specs-list-container\">\n<h2>Varilla de fibra de carbono DJI Osmo<\/h2>\n<ul class=\"product-specs-list util-clearfix\">\n<li class=\"product-prop line-limit-length\"><span class=\"property-title\">Qu\u00edmica de alta preocupaci\u00f3n:\u00a0<\/span><span class=\"property-desc line-limit-length\">Ninguno<\/span><\/li>\n<li class=\"product-prop line-limit-length\"><span class=\"property-title\">Paquete:\u00a0<\/span><span class=\"property-desc line-limit-length\">S\u00ed<\/span><\/li>\n<li class=\"product-prop line-limit-length\"><span class=\"property-title\">Modelo compatible:\u00a0<\/span><span class=\"property-desc line-limit-length\">DJI Osmo 360<\/span><\/li>\n<li class=\"product-prop line-limit-length\"><span class=\"property-title\">Marca compatible:\u00a0<\/span><span class=\"property-desc line-limit-length\">DJI<\/span><\/li>\n<li class=\"product-prop line-limit-length\"><span class=\"property-title\">Tipo:\u00a0<\/span><span class=\"property-desc line-limit-length\">Correas y soportes<\/span><\/li>\n<li class=\"product-prop line-limit-length\"><span class=\"property-title\">Marca:\u00a0<\/span><span class=\"property-desc line-limit-length\">DJI<\/span><\/li>\n<li class=\"product-prop line-limit-length\"><span class=\"property-title\">Origen:\u00a0<\/span><span class=\"property-desc line-limit-length\">China continental<\/span><\/li>\n<\/ul>\n<\/div>\n<div class=\"detailmodule_html\">\n<div class=\"detail-desc-decorate-richtext\">\n<div class=\"detailmodule_text-image\">\n<h2 class=\"detail-desc-decorate-title\" style=\"font-family: OpenSans; font-size: 20px; font-weight: 900; line-height: 28px; white-space: pre-wrap; color: #000000; margin-bottom: 12px;\">Kit de montaje en casco para tercera persona DJI Osmo<\/h2>\n<p class=\"detail-desc-decorate-content\" style=\"font-family: OpenSans; font-size: 14px; font-weight: 300; line-height: 20px; white-space: pre-wrap; color: #000000; margin-bottom: 12px;\">La base curvada se ajusta con seguridad a los cascos y se adhiere con firmeza. Junto con una varilla de fibra de carbono, permite realizar tomas de seguimiento \u00fanicas en tercera persona.<\/p>\n<div><img decoding=\"async\" class=\"detail-desc-decorate-image\" src=\"https:\/\/ae01.alicdn.com\/kf\/Sbb9cd8cc59724469825bf41dd4343dc9r.jpg\" alt=\"\" title=\"\"><\/div>\n<\/div>\n<div class=\"detailmodule_text\">\n<p class=\"detail-desc-decorate-title\" style=\"font-family: OpenSans; font-size: 20px; font-weight: 900; line-height: 28px; white-space: pre-wrap; color: #000000; margin-bottom: 12px;\">Visi\u00f3n general<\/p>\n<p class=\"detail-desc-decorate-content\" style=\"font-family: OpenSans; font-size: 14px; font-weight: 300; line-height: 20px; white-space: pre-wrap; color: #000000; margin-bottom: 12px;\">La base curvada se ajusta perfectamente al casco y se adhiere firmemente para permanecer en su sitio. Junto con una varilla recta de fibra de carbono de alta resistencia, permite una perspectiva de seguimiento en tercera persona distintiva.<\/p>\n<\/div>\n<div class=\"detailmodule_text\">\n<p class=\"detail-desc-decorate-title\" style=\"font-family: OpenSans; font-size: 20px; font-weight: 900; line-height: 28px; white-space: pre-wrap; color: #000000; margin-bottom: 12px;\">Consejos<\/p>\n<p class=\"detail-desc-decorate-content\" style=\"font-family: OpenSans; font-size: 14px; font-weight: 300; line-height: 20px; white-space: pre-wrap; color: #000000; margin-bottom: 12px;\">1. Al fijar la base, presione firmemente durante m\u00e1s de 30 segundos y d\u00e9jela reposar durante 30 minutos para garantizar la adherencia.<\/p>\n<p>2. Este producto est\u00e1 pensado para un solo uso en superficies limpias y curvas. Si la superficie no es lo suficientemente lisa, aplique primero la almohadilla adhesiva incluida y, a continuaci\u00f3n, fije la base.<\/p>\n<p>3. La temperatura ideal de aplicaci\u00f3n oscila entre -10\u00b0C y 40\u00b0C (14\u00b0 F a 104\u00b0 F).<\/p>\n<p>4. Despu\u00e9s del uso, aseg\u00farese de apretar la tuerca de bloqueo para evitar sacudidas o desplazamientos debidos a golpes importantes durante el movimiento.<\/p>\n<p>5. Al capturar im\u00e1genes de 360\u00b0, la parte inferior de la c\u00e1mara que mira hacia el casco puede estar m\u00e1s cerca que la distancia de cosido m\u00ednima requerida. Ajuste el \u00e1ngulo y la composici\u00f3n para evitar defectos de cosido a corta distancia en la parte inferior.<\/p>\n<\/div>\n<div class=\"detailmodule_text\">\n<p class=\"detail-desc-decorate-title\" style=\"font-family: OpenSans; font-size: 20px; font-weight: 900; line-height: 28px; white-space: pre-wrap; color: #000000; margin-bottom: 12px;\">En la caja<\/p>\n<p class=\"detail-desc-decorate-content\" style=\"font-family: OpenSans; font-size: 14px; font-weight: 300; line-height: 20px; white-space: pre-wrap; color: #000000; margin-bottom: 12px;\">Osmo Base Adhesiva Curva Max \u00d7 1<\/p>\n<p>Varilla recta de fibra de carbono de 28 cm \u00d7 1<\/p>\n<p>1\/4; Adaptador de rosca a doble patilla \u00d7 1<\/p>\n<p>Soporte adaptador de liberaci\u00f3n r\u00e1pida Osmo Action \u00d7 1<\/p>\n<p>Tornillo de bloqueo Osmo \u00d7 1<\/p>\n<p>Llave de bloqueo de tornillos \u00d7 1<\/p>\n<p>Llave hexagonal \u00d7 1<\/p>\n<\/div>\n<div class=\"detailmodule_text\">\n<p class=\"detail-desc-decorate-title\" style=\"font-family: OpenSans; font-size: 20px; font-weight: 900; line-height: 28px; white-space: pre-wrap; color: #000000; margin-bottom: 12px;\">Especificaciones<\/p>\n<p class=\"detail-desc-decorate-content\" style=\"font-family: OpenSans; font-size: 14px; font-weight: 300; line-height: 20px; white-space: pre-wrap; color: #000000; margin-bottom: 12px;\">Osmo Base Adhesiva Curva Max<\/p>\n<p>Dimensiones: Aprox. 50 \u00d7 55 \u00d7 24 mm (L \u00d7 A \u00d7 A)<\/p>\n<p>Peso: Aprox. 17 g<\/p>\n<p>Llave hexagonal<\/p>\n<p>Dimensiones: Aprox. 53 \u00d7 97 \u00d7 16 mm (L \u00d7 A \u00d7 A)<\/p>\n<p>Peso: Aprox. 8 g<\/p>\n<p>Ca\u00f1a recta de fibra de carbono de 28 cm<\/p>\n<p>Dimensiones: Aprox. 291 \u00d7 17 \u00d7 23 mm (L \u00d7 A \u00d7 A)<\/p>\n<p>Peso: Aprox. 45 g<\/p>\n<p>Tornillo de bloqueo Osmo<\/p>\n<p>Dimensiones: Aprox. 13,3 \u00d7 23 \u00d7 55,6 mm (L \u00d7 A \u00d7 A)<\/p>\n<p>Peso: Aprox. 12 g<\/p>\n<p>Adaptador de rosca 1\/4\u201d a dos puntas<\/p>\n<p>Dimensiones: Aprox. 32\u00d718\u00d718 mm (L\u00d7A\u00d7A)<\/p>\n<p>Peso: Aprox. 9 g<\/p>\n<p>Soporte adaptador de liberaci\u00f3n r\u00e1pida Osmo Action<\/p>\n<p>Dimensiones: Aprox. 41\u00d721\u00d734 mm (L\u00d7A\u00d7A)<\/p>\n<p>Peso: 16 g<\/p>\n<\/div>\n<div class=\"detailmodule_text\">\n<p class=\"detail-desc-decorate-title\" style=\"font-family: OpenSans; font-size: 20px; font-weight: 900; line-height: 28px; white-space: pre-wrap; color: #000000; margin-bottom: 12px;\">Compatibilidad<\/p>\n<p class=\"detail-desc-decorate-content\" style=\"font-family: OpenSans; font-size: 14px; font-weight: 300; line-height: 20px; white-space: pre-wrap; color: #000000; margin-bottom: 12px;\">Osmo 360<\/p>\n<\/div>\n<\/div>\n<\/div>","protected":false},"excerpt":{"rendered":"<p>DJI Osmo carbon fiber rod High-concerned chemical:\u00a0None Package:\u00a0Yes Compatible Model:\u00a0DJI Osmo 360 Compatible Brand:\u00a0DJI Type:\u00a0Straps &amp; Mounts Brand Name:\u00a0DJI Origin:\u00a0Mainland China DJI Osmo Third-Person Helmet Mount Kit Curved base fits helmets securely and sticks firmly. Paired with a carbon fiber rod, it enables unique third-person tracking shots. Overview The curved base fits snugly against the [&hellip;]<\/p>\n","protected":false},"featured_media":3704,"comment_status":"open","ping_status":"closed","template":"","meta":[],"product_brand":[],"product_cat":[15],"product_tag":[],"class_list":{"0":"post-3698","1":"product","2":"type-product","3":"status-publish","4":"has-post-thumbnail","6":"product_cat-repair-tool","8":"first","9":"instock","10":"shipping-taxable","11":"purchasable","12":"product-type-variable"},"_links":{"self":[{"href":"https:\/\/dronerepaire.com\/es\/wp-json\/wp\/v2\/product\/3698","targetHints":{"allow":["GET"]}}],"collection":[{"href":"https:\/\/dronerepaire.com\/es\/wp-json\/wp\/v2\/product"}],"about":[{"href":"https:\/\/dronerepaire.com\/es\/wp-json\/wp\/v2\/types\/product"}],"replies":[{"embeddable":true,"href":"https:\/\/dronerepaire.com\/es\/wp-json\/wp\/v2\/comments?post=3698"}],"wp:featuredmedia":[{"embeddable":true,"href":"https:\/\/dronerepaire.com\/es\/wp-json\/wp\/v2\/media\/3704"}],"wp:attachment":[{"href":"https:\/\/dronerepaire.com\/es\/wp-json\/wp\/v2\/media?parent=3698"}],"wp:term":[{"taxonomy":"product_brand","embeddable":true,"href":"https:\/\/dronerepaire.com\/es\/wp-json\/wp\/v2\/product_brand?post=3698"},{"taxonomy":"product_cat","embeddable":true,"href":"https:\/\/dronerepaire.com\/es\/wp-json\/wp\/v2\/product_cat?post=3698"},{"taxonomy":"product_tag","embeddable":true,"href":"https:\/\/dronerepaire.com\/es\/wp-json\/wp\/v2\/product_tag?post=3698"}],"curies":[{"name":"wp","href":"https:\/\/api.w.org\/{rel}","templated":true}]}}