{"id":3257,"date":"2025-09-15T09:42:36","date_gmt":"2025-09-15T09:42:36","guid":{"rendered":"https:\/\/dronerepaire.com\/?post_type=product&#038;p=3257"},"modified":"2025-11-13T04:46:20","modified_gmt":"2025-11-13T12:46:20","slug":"55-cm-foldable-waterproof-drone-landing-pad-compatible-with-dji-mini-3-pro-mini-2-air-2s-mavic-3-avata","status":"publish","type":"product","link":"https:\/\/dronerepaire.com\/es\/drone-parts-store\/plataforma-de-aterrizaje-para-drones-impermeable-plegable-de-55-cm-compatible-con-dji-mini-3-pro-mini-2-air-2s-mavic-3-avata\/","title":{"rendered":"Plataforma de aterrizaje para drones impermeable y plegable de 55 cm - Compatible con DJI Mini 3 Pro \/ Mini 2 \/ Air 2S \/ Mavic 3 \/ Avata"},"content":{"rendered":"<h2>Plataforma de aterrizaje para drones<\/h2>\n<p>Esta plataforma de aterrizaje plegable e impermeable de 55 cm es compatible con los drones DJI Mini 3 Pro, Mini 2, Air 2S, Mavic 3 y Avata. Con un dise\u00f1o reversible de dos colores y un tejido duradero y antideslizante, sirve como superficie de despegue\/aterrizaje y como plataforma de mantenimiento, lo que ayuda a reducir el polvo y a agilizar el cambio de palas y la limpieza del card\u00e1n.<\/p>\n<h2>Especificaciones t\u00e9cnicas<\/h2>\n<table style=\"border-collapse: collapse; width: 571px; height: 255px;\" border=\"0\" width=\"144\" cellspacing=\"0\" cellpadding=\"0\">\n<tbody>\n<tr style=\"height: 16.50pt;\">\n<td class=\"et2\" style=\"height: 16.50pt; width: 54.00pt;\" width=\"72\" height=\"22\">Especificaci\u00f3n<\/td>\n<td class=\"et2\" style=\"width: 54.00pt;\" width=\"72\">Valor<\/td>\n<\/tr>\n<tr style=\"height: 16.50pt;\">\n<td class=\"et2\" style=\"height: 16.50pt;\" height=\"22\">Di\u00e1metro<\/td>\n<td class=\"et2\">50 cm*50cm<\/td>\n<\/tr>\n<tr style=\"height: 16.50pt;\">\n<td class=\"et2\" style=\"height: 16.50pt;\" height=\"22\">Material<\/td>\n<td class=\"et2\">Tejido impermeable<\/td>\n<\/tr>\n<tr style=\"height: 16.50pt;\">\n<td class=\"et2\" style=\"height: 16.50pt;\" height=\"22\">Embalaje<\/td>\n<td class=\"et2\">Incluye bolsa<\/td>\n<\/tr>\n<\/tbody>\n<\/table>\n<h2>Caracter\u00edsticas principales<\/h2>\n<p>El doble color reversible (azul\/naranja) mejora la visibilidad<\/p>\n<p>El di\u00e1metro de 55 cm se pliega para facilitar su transporte<\/p>\n<p>La superficie impermeable y antideslizante protege contra el polvo y los terrenos resbaladizos<\/p>\n<p>Compatible con DJI Mini 3 Pro, Mini 2, Air 2S, Mavic 3, Avata, etc.<\/p>\n<p>La configuraci\u00f3n de f\u00e1cil mantenimiento proporciona una superficie limpia para cambiar las palas e inspeccionar el card\u00e1n.<\/p>\n<h2>Casos pr\u00e1cticos<\/h2>\n<p>Una zona limpia y exclusiva para cambiar las palas e inspeccionar el card\u00e1n durante el mantenimiento.<\/p>\n<p>Zona de despegue\/aterrizaje estable y visible para misiones a\u00e9reas al aire libre.<\/p>\n<p>Protege el card\u00e1n y la c\u00e1mara del polvo y la suciedad.<\/p>\n<h2>Consejos de uso<\/h2>\n<p>Aseg\u00farate de que la almohadilla quede plana sobre un suelo estable para evitar pinchazos.<\/p>\n<p>Limpiar antes de plegar y guardar para mantener la vida \u00fatil.<\/p>\n<p>Inspeccione y limpie con regularidad para conservar la calidad impermeable y antideslizante.<\/p>","protected":false},"excerpt":{"rendered":"<p>Una plataforma de aterrizaje port\u00e1til, bicolor, antideslizante e impermeable compatible con varios drones DJI.<\/p>","protected":false},"featured_media":3267,"comment_status":"open","ping_status":"closed","template":"","meta":[],"product_brand":[],"product_cat":[39],"product_tag":[],"class_list":{"0":"post-3257","1":"product","2":"type-product","3":"status-publish","4":"has-post-thumbnail","6":"product_cat-propeller","8":"first","9":"instock","10":"sale","11":"shipping-taxable","12":"purchasable","13":"product-type-variable"},"_links":{"self":[{"href":"https:\/\/dronerepaire.com\/es\/wp-json\/wp\/v2\/product\/3257","targetHints":{"allow":["GET"]}}],"collection":[{"href":"https:\/\/dronerepaire.com\/es\/wp-json\/wp\/v2\/product"}],"about":[{"href":"https:\/\/dronerepaire.com\/es\/wp-json\/wp\/v2\/types\/product"}],"replies":[{"embeddable":true,"href":"https:\/\/dronerepaire.com\/es\/wp-json\/wp\/v2\/comments?post=3257"}],"wp:featuredmedia":[{"embeddable":true,"href":"https:\/\/dronerepaire.com\/es\/wp-json\/wp\/v2\/media\/3267"}],"wp:attachment":[{"href":"https:\/\/dronerepaire.com\/es\/wp-json\/wp\/v2\/media?parent=3257"}],"wp:term":[{"taxonomy":"product_brand","embeddable":true,"href":"https:\/\/dronerepaire.com\/es\/wp-json\/wp\/v2\/product_brand?post=3257"},{"taxonomy":"product_cat","embeddable":true,"href":"https:\/\/dronerepaire.com\/es\/wp-json\/wp\/v2\/product_cat?post=3257"},{"taxonomy":"product_tag","embeddable":true,"href":"https:\/\/dronerepaire.com\/es\/wp-json\/wp\/v2\/product_tag?post=3257"}],"curies":[{"name":"wp","href":"https:\/\/api.w.org\/{rel}","templated":true}]}}