{"id":3218,"date":"2025-09-15T09:21:14","date_gmt":"2025-09-15T09:21:14","guid":{"rendered":"https:\/\/dronerepaire.com\/?post_type=product&#038;p=3218"},"modified":"2026-03-07T01:07:16","modified_gmt":"2026-03-07T09:07:16","slug":"dji-avata-2-specific-filters","status":"publish","type":"product","link":"https:\/\/dronerepaire.com\/es\/drone-parts-store\/dji-avata-2-filtros-especificos\/","title":{"rendered":"DJI Avata 2 Filtros Espec\u00edficos | Junestar JSR-2050 Series ND\/CPL\/UV\/MCUV Accesorios"},"content":{"rendered":"<h2>Filtros espec\u00edficos DJI Avata 2<\/h2>\n<p>Los filtros de la serie Junestar JSR-2050 est\u00e1n dise\u00f1ados a medida para el dron DJI Avata 2 y ofrecen una amplia gama de opciones de filtros ND, CPL, UV y MCUV para satisfacer necesidades como la reducci\u00f3n de la luz, la polarizaci\u00f3n y la protecci\u00f3n UV. Fabricados a partir de cristal \u00f3ptico de alta calidad con m\u00faltiples revestimientos, estos filtros mejoran la claridad, reducen la exposici\u00f3n y protegen el objetivo. Ideales tanto para vide\u00f3grafos a\u00e9reos profesionales como para aficionados a la fotograf\u00eda. M\u00faltiples variantes disponibles: ND8\/16\/32\/64\/256, CPL, UV, MCUV de una, dos o tres capas, etc. Se aceptan pedidos de una sola pieza y se env\u00edan en un plazo de 1 a 3 d\u00edas.<\/p>\n<p>&nbsp;<\/p>\n<table>\n<thead>\n<tr>\n<th><strong>Especificaci\u00f3n<\/strong><\/th>\n<th><strong>Detalles<\/strong><\/th>\n<\/tr>\n<\/thead>\n<tbody>\n<tr>\n<td><strong>Marca<\/strong><\/td>\n<td>JSR \/ Junestar<\/td>\n<\/tr>\n<tr>\n<td><strong>Modelo<\/strong><\/td>\n<td>JSR-2050<\/td>\n<\/tr>\n<tr>\n<td><strong>Drone compatible<\/strong><\/td>\n<td>DJI Avata 2<\/td>\n<\/tr>\n<tr>\n<td><strong>Variantes de filtro<\/strong><\/td>\n<td>MCUV \/ MCUV\u00d72 \/ MCUV\u00d73 \/ CPL \/ ND8 \/ ND16 \/ ND32 \/ ND64 \/ ND256 \/ ND8PL \/ ND16PL \/ ND32PL \/ ND64PL \/ STAR \/ UV CPL ND8 ND16 ND32 ND64 \/ NIGHT STAR<\/td>\n<\/tr>\n<tr>\n<td><strong>Material \/ Revestimiento<\/strong><\/td>\n<td>Cristal \u00f3ptico de primera calidad con revestimientos multicapa (UV, polarizaci\u00f3n, reducci\u00f3n de la luz)<\/td>\n<\/tr>\n<tr>\n<td><strong>Cantidad m\u00ednima de pedido<\/strong><\/td>\n<td>1 pieza<\/td>\n<\/tr>\n<tr>\n<td><strong>Plazo de entrega<\/strong><\/td>\n<td>Env\u00edo en un plazo de 1 a 3 d\u00edas tras el pedido<\/td>\n<\/tr>\n<tr>\n<td><strong>Embalaje<\/strong><\/td>\n<td>Caja de color (admite marcas personalizadas)<\/td>\n<\/tr>\n<tr>\n<td><strong>Pa\u00eds de fabricaci\u00f3n<\/strong><\/td>\n<td>China<\/td>\n<\/tr>\n<tr>\n<td><strong>A\u00f1o de publicaci\u00f3n<\/strong><\/td>\n<td>2024<\/td>\n<\/tr>\n<tr>\n<td><strong>Servicio posventa<\/strong><\/td>\n<td>3-pol\u00edtica de garant\u00eda (garant\u00eda de calidad)<\/td>\n<\/tr>\n<tr>\n<td><strong>Factura proporcionada<\/strong><\/td>\n<td>No<\/td>\n<\/tr>\n<tr>\n<td><strong>Internacional\/Exportaci\u00f3n<\/strong><\/td>\n<td>S\u00ed<\/td>\n<\/tr>\n<\/tbody>\n<\/table>\n<p>&nbsp;<\/p>","protected":false},"excerpt":{"rendered":"<p>DJI Avata 2 Specific Filters The Junestar JSR\u20112050 series filters are custom-designed for the DJI Avata 2 drone, offering a wide range of ND, CPL, UV, and MCUV filter options to meet needs such as light reduction, polarization, and UV protection. Crafted from high-quality optical glass with multiple coatings, these filters enhance clarity, reduce exposure, [&hellip;]<\/p>\n","protected":false},"featured_media":3223,"comment_status":"open","ping_status":"closed","template":"","meta":[],"product_brand":[],"product_cat":[39],"product_tag":[],"class_list":{"0":"post-3218","1":"product","2":"type-product","3":"status-publish","4":"has-post-thumbnail","6":"product_cat-propeller","8":"first","9":"instock","10":"sale","11":"shipping-taxable","12":"purchasable","13":"product-type-variable"},"_links":{"self":[{"href":"https:\/\/dronerepaire.com\/es\/wp-json\/wp\/v2\/product\/3218","targetHints":{"allow":["GET"]}}],"collection":[{"href":"https:\/\/dronerepaire.com\/es\/wp-json\/wp\/v2\/product"}],"about":[{"href":"https:\/\/dronerepaire.com\/es\/wp-json\/wp\/v2\/types\/product"}],"replies":[{"embeddable":true,"href":"https:\/\/dronerepaire.com\/es\/wp-json\/wp\/v2\/comments?post=3218"}],"wp:featuredmedia":[{"embeddable":true,"href":"https:\/\/dronerepaire.com\/es\/wp-json\/wp\/v2\/media\/3223"}],"wp:attachment":[{"href":"https:\/\/dronerepaire.com\/es\/wp-json\/wp\/v2\/media?parent=3218"}],"wp:term":[{"taxonomy":"product_brand","embeddable":true,"href":"https:\/\/dronerepaire.com\/es\/wp-json\/wp\/v2\/product_brand?post=3218"},{"taxonomy":"product_cat","embeddable":true,"href":"https:\/\/dronerepaire.com\/es\/wp-json\/wp\/v2\/product_cat?post=3218"},{"taxonomy":"product_tag","embeddable":true,"href":"https:\/\/dronerepaire.com\/es\/wp-json\/wp\/v2\/product_tag?post=3218"}],"curies":[{"name":"wp","href":"https:\/\/api.w.org\/{rel}","templated":true}]}}