{"id":610,"date":"2025-11-02T12:28:56","date_gmt":"2025-11-02T20:28:56","guid":{"rendered":"http:\/\/test.kriesi.at\/enfold-2017\/?page_id=610"},"modified":"2025-12-29T00:34:05","modified_gmt":"2025-12-29T08:34:05","slug":"policy","status":"publish","type":"page","link":"https:\/\/dronerepaire.com\/es\/politica\/","title":{"rendered":"Pol\u00edtica"},"content":{"rendered":"<div  class='flex_column av-22k3sa-4b7cbf5ebab25524d695c3505ca5008d av_one_full  avia-builder-el-0  el_before_av_one_full  avia-builder-el-first  first flex_column_div'     ><p>\n<style type=\"text\/css\" data-created_by=\"avia_inline_auto\" id=\"style-css-av-mg21tbw3-daaa2dad78383352f2d8b397c28cee8e\">\n#top .av-special-heading.av-mg21tbw3-daaa2dad78383352f2d8b397c28cee8e{\npadding-bottom:10px;\n}\nbody .av-special-heading.av-mg21tbw3-daaa2dad78383352f2d8b397c28cee8e .av-special-heading-tag .heading-char{\nfont-size:25px;\n}\n.av-special-heading.av-mg21tbw3-daaa2dad78383352f2d8b397c28cee8e .av-subheading{\nfont-size:15px;\n}\n<\/style>\n<div  class='av-special-heading av-mg21tbw3-daaa2dad78383352f2d8b397c28cee8e av-special-heading-h2  avia-builder-el-1  el_before_av_hr  avia-builder-el-first'><h2 class='av-special-heading-tag'  itemprop=\"headline\"  >Pol\u00edtica de privacidad<\/h2><div class=\"special-heading-border\"><div class=\"special-heading-inner-border\"><\/div><\/div><\/div><br \/>\n<div  class='hr av-1v68sq-ab1486b9e017f13969052e946af559bb hr-default  avia-builder-el-2  el_after_av_heading  el_before_av_textblock'><span class='hr-inner'><span class=\"hr-inner-style\"><\/span><\/span><\/div><br \/>\n<section  class='av_textblock_section av-mg21tjsg-31b8503f68714a0594e66de71848aba5'   itemscope=\"itemscope\" itemtype=\"https:\/\/schema.org\/CreativeWork\" ><div class='avia_textblock'  itemprop=\"text\" ><p>Respetamos su privacidad. Toda la informaci\u00f3n personal recopilada a trav\u00e9s de nuestro sitio web, incluidos el nombre, el correo electr\u00f3nico, el tel\u00e9fono y la direcci\u00f3n de env\u00edo, se utiliza \u00fanicamente para prestar nuestros servicios, procesar pedidos y comunicarnos con usted. No vendemos ni compartimos su informaci\u00f3n con terceros sin su consentimiento.<\/p>\n<\/div><\/section><\/p><\/div>\n<div  class='flex_column av-1spvgy-167ec6ad5a89a0e29327224c940cd52e av_one_full  avia-builder-el-4  el_after_av_one_full  el_before_av_one_full  first flex_column_div  column-top-margin'     ><p>\n<style type=\"text\/css\" data-created_by=\"avia_inline_auto\" id=\"style-css-av-mg21tyoz-f6930d518120f0b92fb8b7d824208355\">\n#top .av-special-heading.av-mg21tyoz-f6930d518120f0b92fb8b7d824208355{\npadding-bottom:10px;\n}\nbody .av-special-heading.av-mg21tyoz-f6930d518120f0b92fb8b7d824208355 .av-special-heading-tag .heading-char{\nfont-size:25px;\n}\n.av-special-heading.av-mg21tyoz-f6930d518120f0b92fb8b7d824208355 .av-subheading{\nfont-size:15px;\n}\n<\/style>\n<div  class='av-special-heading av-mg21tyoz-f6930d518120f0b92fb8b7d824208355 av-special-heading-h2  avia-builder-el-5  el_before_av_hr  avia-builder-el-first'><h2 class='av-special-heading-tag'  itemprop=\"headline\"  >Env\u00edo <span class='special_amp'>&amp;<\/span> Entrega<\/h2><div class=\"special-heading-border\"><div class=\"special-heading-inner-border\"><\/div><\/div><\/div><br \/>\n<div  class='hr av-1jh8xm-7a2139037349c1c58dddbafab4e199ae hr-default  avia-builder-el-6  el_after_av_heading  el_before_av_textblock'><span class='hr-inner'><span class=\"hr-inner-style\"><\/span><\/span><\/div><br \/>\n<section  class='av_textblock_section av-mg21u8w9-de85c7def982e881ac5b1aa63f5bd27a'   itemscope=\"itemscope\" itemtype=\"https:\/\/schema.org\/CreativeWork\" ><div class='avia_textblock'  itemprop=\"text\" ><p>Todos los env\u00edos de piezas y reparaciones de drones se gestionan con cuidado. Los clientes son responsables de proporcionar informaci\u00f3n de env\u00edo precisa. Los plazos de entrega pueden variar en funci\u00f3n de la ubicaci\u00f3n y el transportista. No nos hacemos responsables de los retrasos causados por la compa\u00f1\u00eda de transporte o las aduanas.<\/p>\n<\/div><\/section><br \/>\n<section  class='av_textblock_section av-mjqwilnq-f703b71a7f9dcb80cb99d22c38638f8b'   itemscope=\"itemscope\" itemtype=\"https:\/\/schema.org\/CreativeWork\" ><div class='avia_textblock'  itemprop=\"text\" ><p>Si tiene alguna pregunta, por favor <a href=\"https:\/\/dronerepaire.com\/es\/contacto-reparacion-de-drones\/\">Contacto<\/a>.<\/p>\n<\/div><\/section><\/p><\/div><div  class='flex_column av-1cp8ze-fde0470db2928df8eac76feb62ffc3c6 av_one_full  avia-builder-el-9  el_after_av_one_full  el_before_av_one_full  first flex_column_div  column-top-margin'     ><p>\n<style type=\"text\/css\" data-created_by=\"avia_inline_auto\" id=\"style-css-av-mg21uiaj-08d2ceb57f02fbe32b9dba6dfe743672\">\n#top .av-special-heading.av-mg21uiaj-08d2ceb57f02fbe32b9dba6dfe743672{\npadding-bottom:10px;\n}\nbody .av-special-heading.av-mg21uiaj-08d2ceb57f02fbe32b9dba6dfe743672 .av-special-heading-tag .heading-char{\nfont-size:25px;\n}\n.av-special-heading.av-mg21uiaj-08d2ceb57f02fbe32b9dba6dfe743672 .av-subheading{\nfont-size:15px;\n}\n<\/style>\n<div  class='av-special-heading av-mg21uiaj-08d2ceb57f02fbe32b9dba6dfe743672 av-special-heading-h2  avia-builder-el-10  el_before_av_hr  avia-builder-el-first'><h2 class='av-special-heading-tag'  itemprop=\"headline\"  >Devuelve <span class='special_amp'>&amp;<\/span> Reembolsos<\/h2><div class=\"special-heading-border\"><div class=\"special-heading-inner-border\"><\/div><\/div><\/div><br \/>\n<div  class='hr av-18bcki-0923477823f7f007710a8884e52030b8 hr-default  avia-builder-el-11  el_after_av_heading  el_before_av_textblock'><span class='hr-inner'><span class=\"hr-inner-style\"><\/span><\/span><\/div><br \/>\n<section  class='av_textblock_section av-mg21usog-fc3ed6f86c8a032b369f6f4db69b1217'   itemscope=\"itemscope\" itemtype=\"https:\/\/schema.org\/CreativeWork\" ><div class='avia_textblock'  itemprop=\"text\" ><ul>\n<li data-start=\"1038\" data-end=\"1150\">\n<p data-start=\"1040\" data-end=\"1150\">Los clientes pueden solicitar una devoluci\u00f3n o sustituci\u00f3n en el plazo de <strong data-start=\"1093\" data-end=\"1104\">14 d\u00edas<\/strong> de recibir las piezas si est\u00e1n defectuosas o da\u00f1adas.<\/p>\n<\/li>\n<li data-start=\"1151\" data-end=\"1204\">\n<p data-start=\"1153\" data-end=\"1204\">Los reembolsos se efect\u00faan previa inspecci\u00f3n y aprobaci\u00f3n.<\/p>\n<\/li>\n<li data-start=\"1205\" data-end=\"1298\">\n<p data-start=\"1207\" data-end=\"1298\">Los pedidos personalizados, las piezas usadas o los productos da\u00f1ados por un uso indebido son <strong data-start=\"1268\" data-end=\"1284\">no elegible<\/strong> para la devoluci\u00f3n.<\/p>\n<\/li>\n<\/ul>\n<\/div><\/section><\/p><\/div><\/p>\n<div  class='flex_column av-13d34q-3aed0025efcac766eed5115922b20159 av_one_full  avia-builder-el-13  el_after_av_one_full  el_before_av_one_full  first flex_column_div  column-top-margin'     ><p>\n<style type=\"text\/css\" data-created_by=\"avia_inline_auto\" id=\"style-css-av-mg21v5te-d3a8a15760429e641eab483a35021069\">\n#top .av-special-heading.av-mg21v5te-d3a8a15760429e641eab483a35021069{\npadding-bottom:10px;\n}\nbody .av-special-heading.av-mg21v5te-d3a8a15760429e641eab483a35021069 .av-special-heading-tag .heading-char{\nfont-size:25px;\n}\n.av-special-heading.av-mg21v5te-d3a8a15760429e641eab483a35021069 .av-subheading{\nfont-size:15px;\n}\n<\/style>\n<div  class='av-special-heading av-mg21v5te-d3a8a15760429e641eab483a35021069 av-special-heading-h2  avia-builder-el-14  el_before_av_hr  avia-builder-el-first'><h2 class='av-special-heading-tag'  itemprop=\"headline\"  >Condiciones del servicio de reparaci\u00f3n<\/h2><div class=\"special-heading-border\"><div class=\"special-heading-inner-border\"><\/div><\/div><\/div><br \/>\n<div  class='hr av-wps5u-3408c5c1892bae3c82fbd6e75e6d0c4e hr-default  avia-builder-el-15  el_after_av_heading  el_before_av_textblock'><span class='hr-inner'><span class=\"hr-inner-style\"><\/span><\/span><\/div><br \/>\n<section  class='av_textblock_section av-mg21vjop-7635c7942ae20683e4db4cd2601cd617'   itemscope=\"itemscope\" itemtype=\"https:\/\/schema.org\/CreativeWork\" ><div class='avia_textblock'  itemprop=\"text\" ><ul>\n<li data-start=\"1442\" data-end=\"1514\">\n<p data-start=\"1444\" data-end=\"1514\">Ofrecemos servicios de reparaci\u00f3n profesionales a trav\u00e9s de ingenieros certificados.<\/p>\n<\/li>\n<li data-start=\"1515\" data-end=\"1584\">\n<p data-start=\"1517\" data-end=\"1584\">Los clientes pueden optar por la reparaci\u00f3n de bricolaje con nuestra orientaci\u00f3n t\u00e9cnica de pago.<\/p>\n<\/li>\n<li data-start=\"1585\" data-end=\"1670\">\n<p data-start=\"1587\" data-end=\"1670\">Se ofrece asistencia t\u00e9cnica a distancia para problemas complejos; pueden aplicarse tarifas parciales.<\/p>\n<\/li>\n<li data-start=\"1671\" data-end=\"1749\">\n<p data-start=\"1673\" data-end=\"1749\">Nos reservamos el derecho a denegar el servicio si la seguridad o el cumplimiento de la normativa est\u00e1n en peligro.<\/p>\n<\/li>\n<\/ul>\n<\/div><\/section><\/p><\/div>\n<div  class='flex_column av-ojb2y-d239967e0497a60a75ed7ca12ddec724 av_one_full  avia-builder-el-17  el_after_av_one_full  el_before_av_one_full  first flex_column_div  column-top-margin'     ><p>\n<style type=\"text\/css\" data-created_by=\"avia_inline_auto\" id=\"style-css-av-mg21vzz5-5f591a42585b6a3c8c578cf70f5a7f97\">\n#top .av-special-heading.av-mg21vzz5-5f591a42585b6a3c8c578cf70f5a7f97{\npadding-bottom:10px;\n}\nbody .av-special-heading.av-mg21vzz5-5f591a42585b6a3c8c578cf70f5a7f97 .av-special-heading-tag .heading-char{\nfont-size:25px;\n}\n.av-special-heading.av-mg21vzz5-5f591a42585b6a3c8c578cf70f5a7f97 .av-subheading{\nfont-size:15px;\n}\n<\/style>\n<div  class='av-special-heading av-mg21vzz5-5f591a42585b6a3c8c578cf70f5a7f97 av-special-heading-h2  avia-builder-el-18  el_before_av_hr  avia-builder-el-first'><h2 class='av-special-heading-tag'  itemprop=\"headline\"  >Limitaci\u00f3n de responsabilidad<\/h2><div class=\"special-heading-border\"><div class=\"special-heading-inner-border\"><\/div><\/div><\/div><br \/>\n<div  class='hr av-mg17e-4c4461e6c5b926f008ab844359a45be8 hr-default  avia-builder-el-19  el_after_av_heading  el_before_av_textblock'><span class='hr-inner'><span class=\"hr-inner-style\"><\/span><\/span><\/div><br \/>\n<section  class='av_textblock_section av-mg21w9p4-dd091a0571c50a9ca3057029c599e974'   itemscope=\"itemscope\" itemtype=\"https:\/\/schema.org\/CreativeWork\" ><div class='avia_textblock'  itemprop=\"text\" ><ul>\n<li data-start=\"1923\" data-end=\"2050\">\n<p data-start=\"1925\" data-end=\"2050\">No nos hacemos responsables de da\u00f1os indirectos, incidentales o consecuentes derivados del uso de nuestros productos o servicios.<\/p>\n<\/li>\n<li data-start=\"2051\" data-end=\"2130\">\n<p data-start=\"2053\" data-end=\"2130\">Todos los servicios de reparaci\u00f3n y piezas se proporcionan \u201ctal cual\u201d a menos que se indique lo contrario.<\/p>\n<\/li>\n<li data-start=\"2131\" data-end=\"2223\">\n<p data-start=\"2133\" data-end=\"2223\">Los clientes son responsables de seguir las directrices de seguridad y las instrucciones del fabricante.<\/p>\n<\/li>\n<\/ul>\n<\/div><\/section><\/p><\/div>\n<div  class='flex_column av-e4nfe-26c092e0354f751a958f4b063d033c47 av_one_full  avia-builder-el-21  el_after_av_one_full  avia-builder-el-last  first flex_column_div  column-top-margin'     ><p>\n<style type=\"text\/css\" data-created_by=\"avia_inline_auto\" id=\"style-css-av-mg21wnrf-bd6316bb01b30f9fd34b0c50bf39f1f2\">\n#top .av-special-heading.av-mg21wnrf-bd6316bb01b30f9fd34b0c50bf39f1f2{\npadding-bottom:10px;\n}\nbody .av-special-heading.av-mg21wnrf-bd6316bb01b30f9fd34b0c50bf39f1f2 .av-special-heading-tag .heading-char{\nfont-size:25px;\n}\n.av-special-heading.av-mg21wnrf-bd6316bb01b30f9fd34b0c50bf39f1f2 .av-subheading{\nfont-size:15px;\n}\n<\/style>\n<div  class='av-special-heading av-mg21wnrf-bd6316bb01b30f9fd34b0c50bf39f1f2 av-special-heading-h2  avia-builder-el-22  el_before_av_hr  avia-builder-el-first'><h2 class='av-special-heading-tag'  itemprop=\"headline\"  >Cambios en la pol\u00edtica<\/h2><div class=\"special-heading-border\"><div class=\"special-heading-inner-border\"><\/div><\/div><\/div><br \/>\n<div  class='hr av-9tiju-f8f5c6bf93ad8c034650ac7a777e9d5d hr-default  avia-builder-el-23  el_after_av_heading  el_before_av_textblock'><span class='hr-inner'><span class=\"hr-inner-style\"><\/span><\/span><\/div><br \/>\n<section  class='av_textblock_section av-mg21wx6w-a1c11b69e98368de8347f2e3f37f8f3f'   itemscope=\"itemscope\" itemtype=\"https:\/\/schema.org\/CreativeWork\" ><div class='avia_textblock'  itemprop=\"text\" ><p data-start=\"2133\" data-end=\"2223\">Podemos actualizar esta pol\u00edtica de vez en cuando. La \u00faltima versi\u00f3n se publicar\u00e1 en nuestro sitio web con la fecha de entrada en vigor. Se recomienda a los clientes que la revisen peri\u00f3dicamente.<\/p>\n<\/div><\/section><\/p><\/div>","protected":false},"excerpt":{"rendered":"","protected":false},"author":1,"featured_media":0,"parent":0,"menu_order":0,"comment_status":"closed","ping_status":"closed","template":"","meta":{"footnotes":""},"class_list":["post-610","page","type-page","status-publish","hentry"],"_links":{"self":[{"href":"https:\/\/dronerepaire.com\/es\/wp-json\/wp\/v2\/pages\/610","targetHints":{"allow":["GET"]}}],"collection":[{"href":"https:\/\/dronerepaire.com\/es\/wp-json\/wp\/v2\/pages"}],"about":[{"href":"https:\/\/dronerepaire.com\/es\/wp-json\/wp\/v2\/types\/page"}],"author":[{"embeddable":true,"href":"https:\/\/dronerepaire.com\/es\/wp-json\/wp\/v2\/users\/1"}],"replies":[{"embeddable":true,"href":"https:\/\/dronerepaire.com\/es\/wp-json\/wp\/v2\/comments?post=610"}],"version-history":[{"count":5,"href":"https:\/\/dronerepaire.com\/es\/wp-json\/wp\/v2\/pages\/610\/revisions"}],"predecessor-version":[{"id":4041,"href":"https:\/\/dronerepaire.com\/es\/wp-json\/wp\/v2\/pages\/610\/revisions\/4041"}],"wp:attachment":[{"href":"https:\/\/dronerepaire.com\/es\/wp-json\/wp\/v2\/media?parent=610"}],"curies":[{"name":"wp","href":"https:\/\/api.w.org\/{rel}","templated":true}]}}