{"id":3678,"date":"2025-11-26T19:24:48","date_gmt":"2025-11-27T03:24:48","guid":{"rendered":"https:\/\/dronerepaire.com\/orders-tracking\/"},"modified":"2025-12-29T00:27:32","modified_gmt":"2025-12-29T08:27:32","slug":"order-tracking","status":"publish","type":"page","link":"https:\/\/dronerepaire.com\/es\/seguimiento-de-pedidos\/","title":{"rendered":"Seguimiento de pedidos"},"content":{"rendered":"<h2>Seguimiento de pedidos<\/h2>\n<p>Si no puede acceder a los datos de su pedido, no dude en <a href=\"https:\/\/dronerepaire.com\/es\/contacto-reparacion-de-drones\/\">Contacto<\/a>. Tambi\u00e9n puede consultar la informaci\u00f3n de su pedido a trav\u00e9s de <a href=\"https:\/\/www.17track.net\/en\" target=\"_blank\" rel=\"noopener\">plataformas log\u00edsticas internacionales<\/a>.<\/p>","protected":false},"excerpt":{"rendered":"<p>Order Tracking Should you be unable to access your order details, please do not hesitate to contact us. You can also check your order information through international logistics platforms.<\/p>","protected":false},"author":1,"featured_media":0,"parent":0,"menu_order":0,"comment_status":"closed","ping_status":"closed","template":"","meta":{"footnotes":""},"class_list":["post-3678","page","type-page","status-publish","hentry"],"_links":{"self":[{"href":"https:\/\/dronerepaire.com\/es\/wp-json\/wp\/v2\/pages\/3678","targetHints":{"allow":["GET"]}}],"collection":[{"href":"https:\/\/dronerepaire.com\/es\/wp-json\/wp\/v2\/pages"}],"about":[{"href":"https:\/\/dronerepaire.com\/es\/wp-json\/wp\/v2\/types\/page"}],"author":[{"embeddable":true,"href":"https:\/\/dronerepaire.com\/es\/wp-json\/wp\/v2\/users\/1"}],"replies":[{"embeddable":true,"href":"https:\/\/dronerepaire.com\/es\/wp-json\/wp\/v2\/comments?post=3678"}],"version-history":[{"count":6,"href":"https:\/\/dronerepaire.com\/es\/wp-json\/wp\/v2\/pages\/3678\/revisions"}],"predecessor-version":[{"id":4040,"href":"https:\/\/dronerepaire.com\/es\/wp-json\/wp\/v2\/pages\/3678\/revisions\/4040"}],"wp:attachment":[{"href":"https:\/\/dronerepaire.com\/es\/wp-json\/wp\/v2\/media?parent=3678"}],"curies":[{"name":"wp","href":"https:\/\/api.w.org\/{rel}","templated":true}]}}