{"id":3658,"date":"2025-11-17T04:29:09","date_gmt":"2025-11-17T12:29:09","guid":{"rendered":"https:\/\/dronerepaire.com\/?page_id=3658"},"modified":"2025-12-29T00:42:27","modified_gmt":"2025-12-29T08:42:27","slug":"drone-repair-near-me","status":"publish","type":"page","link":"https:\/\/dronerepaire.com\/es\/reparacion-de-drones-cerca-de-mi\/","title":{"rendered":"Reparaci\u00f3n de drones cerca de m\u00ed"},"content":{"rendered":"<h1>reparaci\u00f3n de drones cerca de m\u00ed<\/h1>","protected":false},"excerpt":{"rendered":"<p>reparaci\u00f3n de drones cerca de m\u00ed<\/p>","protected":false},"author":1,"featured_media":0,"parent":0,"menu_order":0,"comment_status":"closed","ping_status":"closed","template":"","meta":{"footnotes":""},"class_list":["post-3658","page","type-page","status-publish","hentry"],"_links":{"self":[{"href":"https:\/\/dronerepaire.com\/es\/wp-json\/wp\/v2\/pages\/3658","targetHints":{"allow":["GET"]}}],"collection":[{"href":"https:\/\/dronerepaire.com\/es\/wp-json\/wp\/v2\/pages"}],"about":[{"href":"https:\/\/dronerepaire.com\/es\/wp-json\/wp\/v2\/types\/page"}],"author":[{"embeddable":true,"href":"https:\/\/dronerepaire.com\/es\/wp-json\/wp\/v2\/users\/1"}],"replies":[{"embeddable":true,"href":"https:\/\/dronerepaire.com\/es\/wp-json\/wp\/v2\/comments?post=3658"}],"version-history":[{"count":5,"href":"https:\/\/dronerepaire.com\/es\/wp-json\/wp\/v2\/pages\/3658\/revisions"}],"predecessor-version":[{"id":4042,"href":"https:\/\/dronerepaire.com\/es\/wp-json\/wp\/v2\/pages\/3658\/revisions\/4042"}],"wp:attachment":[{"href":"https:\/\/dronerepaire.com\/es\/wp-json\/wp\/v2\/media?parent=3658"}],"curies":[{"name":"wp","href":"https:\/\/api.w.org\/{rel}","templated":true}]}}