{"id":3787,"date":"2025-11-26T22:32:06","date_gmt":"2025-11-27T06:32:06","guid":{"rendered":"https:\/\/dronerepaire.com\/drone-parts-store\/dji-inspire-2-arm\/"},"modified":"2025-11-26T22:33:38","modified_gmt":"2025-11-27T06:33:38","slug":"dji-inspire-2-arm","status":"publish","type":"product","link":"https:\/\/dronerepaire.com\/de\/drone-parts-store\/dji-inspire-2-arm\/","title":{"rendered":"DJI Inspire 2 Arm"},"content":{"rendered":"<div class=\"product-specs-list-container\">\n<h2>DJI Inspire 2 Arm<\/h2>\n<ul class=\"product-specs-list util-clearfix\">\n<li class=\"product-prop line-limit-length\"><span class=\"property-title\">Sehr besorgniserregende Chemikalie:\u00a0<\/span><span class=\"property-desc line-limit-length\">Keine<\/span><\/li>\n<li class=\"product-prop line-limit-length\"><span class=\"property-title\">Kompatibles Drohnenmodell:\u00a0<\/span><span class=\"property-desc line-limit-length\">Arm f\u00fcr DJI Inspire 2<\/span><\/li>\n<li class=\"product-prop line-limit-length\"><span class=\"property-title\">Modellnummer:\u00a0<\/span><span class=\"property-desc line-limit-length\">Arm f\u00fcr DJI Inspire 2<\/span><\/li>\n<li class=\"product-prop line-limit-length\"><span class=\"property-title\">Kompatible Drohne Marke:\u00a0<\/span><span class=\"property-desc line-limit-length\">DJI<\/span><\/li>\n<li class=\"product-prop line-limit-length\"><span class=\"property-title\">Markenname:\u00a0<\/span><span class=\"property-desc line-limit-length\">SUNFLYING<\/span><\/li>\n<li class=\"product-prop line-limit-length\"><span class=\"property-title\">Herkunft:\u00a0<\/span><span class=\"property-desc line-limit-length\">Festland China<\/span><\/li>\n<\/ul>\n<\/div>\n<p><span style=\"font-size: 18px;\"> Arm f\u00fcr DJI Inspire 2<\/span><\/p>\n<p><span style=\"font-size: 18px;\">1. bekommen von anderen Drohne, aber es ist gut funktionieren<\/span><\/p>\n<p><span style=\"font-size: 18px;\">Inklusive\uff1a1St\u00fcck Arm<\/span><\/p>\n<p><img loading=\"lazy\" decoding=\"async\" class=\"\" src=\"https:\/\/ae01.alicdn.com\/kf\/H5baf93a2120543719298cb6c8d3b7a74s.jpg\" width=\"566\" height=\"566\" alt=\"\" title=\"\"><\/p>","protected":false},"excerpt":{"rendered":"<p>DJI Inspire 2 Arm Hochwertige Chemie: Keine Kompatible Drohne Modell: Arm f\u00fcr DJI Inspire 2 Modellnummer: Arm f\u00fcr DJI Inspire 2 Kompatible Drohne Marke: DJI Markenname: SUNFLYING Herkunft: Festland China Arm f\u00fcr DJI Inspire 2 1.Get von anderen Drohne, aber es ist gut funktionieren Inklusive\uff1a1St\u00fcck Arm<\/p>","protected":false},"featured_media":3792,"comment_status":"open","ping_status":"closed","template":"","meta":[],"product_brand":[],"product_cat":[15],"product_tag":[],"class_list":{"0":"post-3787","1":"product","2":"type-product","3":"status-publish","4":"has-post-thumbnail","6":"product_cat-repair-tool","8":"first","9":"instock","10":"shipping-taxable","11":"purchasable","12":"product-type-variable"},"_links":{"self":[{"href":"https:\/\/dronerepaire.com\/de\/wp-json\/wp\/v2\/product\/3787","targetHints":{"allow":["GET"]}}],"collection":[{"href":"https:\/\/dronerepaire.com\/de\/wp-json\/wp\/v2\/product"}],"about":[{"href":"https:\/\/dronerepaire.com\/de\/wp-json\/wp\/v2\/types\/product"}],"replies":[{"embeddable":true,"href":"https:\/\/dronerepaire.com\/de\/wp-json\/wp\/v2\/comments?post=3787"}],"wp:featuredmedia":[{"embeddable":true,"href":"https:\/\/dronerepaire.com\/de\/wp-json\/wp\/v2\/media\/3792"}],"wp:attachment":[{"href":"https:\/\/dronerepaire.com\/de\/wp-json\/wp\/v2\/media?parent=3787"}],"wp:term":[{"taxonomy":"product_brand","embeddable":true,"href":"https:\/\/dronerepaire.com\/de\/wp-json\/wp\/v2\/product_brand?post=3787"},{"taxonomy":"product_cat","embeddable":true,"href":"https:\/\/dronerepaire.com\/de\/wp-json\/wp\/v2\/product_cat?post=3787"},{"taxonomy":"product_tag","embeddable":true,"href":"https:\/\/dronerepaire.com\/de\/wp-json\/wp\/v2\/product_tag?post=3787"}],"curies":[{"name":"wp","href":"https:\/\/api.w.org\/{rel}","templated":true}]}}