{"id":3713,"date":"2025-11-26T22:10:47","date_gmt":"2025-11-27T06:10:47","guid":{"rendered":"https:\/\/dronerepaire.com\/drone-parts-store\/original-gimbal-part-for-dji-mini-3-pro-gimbal-housing-shell-camera-lens-ptz-signal-cable-yaw-roll-motor-arm-rubber-damping\/"},"modified":"2025-11-26T22:23:04","modified_gmt":"2025-11-27T06:23:04","slug":"dji-mini-3-pro-original-gimbal","status":"publish","type":"product","link":"https:\/\/dronerepaire.com\/de\/drone-parts-store\/dji-mini-3-pro-original-kardanisch\/","title":{"rendered":"DJI Mini 3 Pro Original Gimbal Teil Geh\u00e4use Schale Kamera Objektiv PTZ Signal Kabel Gieren Roll Motor \/ Arm Gummi D\u00e4mpfung"},"content":{"rendered":"<div class=\"product-specs-list-container\">\n<h2>DJI Mini 3 Pro Original Gimbal Teil<\/h2>\n<ul class=\"product-specs-list util-clearfix\">\n<li class=\"product-prop line-limit-length\"><span class=\"property-title\">Sehr besorgniserregende Chemikalie:\u00a0<\/span><span class=\"property-desc line-limit-length\">Keine<\/span><\/li>\n<li class=\"product-prop line-limit-length\"><span class=\"property-title\">Kompatibles Drohnenmodell:\u00a0<\/span><span class=\"property-desc line-limit-length\">DJI Mini 3 pro<\/span><\/li>\n<li class=\"product-prop line-limit-length\"><span class=\"property-title\">Gr\u00f6\u00dfe:\u00a0<\/span><span class=\"property-desc line-limit-length\">\/<\/span><\/li>\n<li class=\"product-prop line-limit-length\"><span class=\"property-title\">Paket:\u00a0<\/span><span class=\"property-desc line-limit-length\">Ja<\/span><\/li>\n<li class=\"product-prop line-limit-length\"><span class=\"property-title\">Gewicht:\u00a0<\/span><span class=\"property-desc line-limit-length\">\/<\/span><\/li>\n<li class=\"product-prop line-limit-length\"><span class=\"property-title\">Modellnummer:\u00a0<\/span><span class=\"property-desc line-limit-length\">DJI Mini 3 pro<\/span><\/li>\n<li class=\"product-prop line-limit-length\"><span class=\"property-title\">Kompatible Drohne Marke:\u00a0<\/span><span class=\"property-desc line-limit-length\">DJI<\/span><\/li>\n<li class=\"product-prop line-limit-length\"><span class=\"property-title\">Markenname:\u00a0<\/span><span class=\"property-desc line-limit-length\">OKOUME<\/span><\/li>\n<li class=\"product-prop line-limit-length\"><span class=\"property-title\">Herkunft:\u00a0<\/span><span class=\"property-desc line-limit-length\">Festland China<\/span><\/li>\n<\/ul>\n<\/div>\n<div class=\"detailmodule_dynamic\"><\/div>\n<div class=\"detailmodule_html\">\n<div class=\"detail-desc-decorate-richtext\">\n<div class=\"detailmodule_html\">\n<div class=\"detail-desc-decorate-richtext\">\n<div class=\"detailmodule_html\">\n<div class=\"detail-desc-decorate-richtext\">\n<p><span style=\"font-size: 26px; font-family: 'times new roman', times, serif;\">Original Gimbal Teil f\u00fcr DJI Mini 3 Pro Gimbal Geh\u00e4use Schale Kamera Objektiv PTZ Signalkabel Gieren Roll Motor \/ Arm Gummid\u00e4mpfung<\/span><\/p>\n<div><\/div>\n<p style=\"font-family: 'open sans', roboto, arial, helvetica, sans-serif, simsun; font-size: 14px; font-weight: 400; letter-spacing: normal; line-height: inherit; text-align: start; white-space: normal; color: #000000; background-color: #ffffff; border: 0px; margin: 0px; padding: 0px; box-sizing: border-box;\" align=\"start\"><span style=\"background-color: #ffffff; color: #009ce0; font-size: 26px; font-family: 'times new roman', times, serif;\"><strong>Beschreibung:<\/strong><\/span><\/p>\n<ul style=\"font-family: 'open sans', roboto, arial, helvetica, sans-serif, simsun; font-size: 14px; font-weight: 400; letter-spacing: normal; line-height: inherit; text-align: start; white-space: normal; color: #000000; background-color: #ffffff; border: 0px; margin: 0px; padding: 0px; list-style: disc; box-sizing: border-box;\">\n<li style=\"font-family: inherit; font-size: inherit; font-weight: inherit; line-height: inherit; border: 0px; margin: 0px; padding: 0px; display: list-item; box-sizing: border-box;\">\n<p style=\"font-family: inherit; font-size: 14px; font-weight: 400; line-height: inherit; border: 0px; margin: 0px; padding: 0px; box-sizing: border-box;\"><span style=\"font-size: 20px; font-family: 'times new roman', times, serif;\">Original von DJI<\/span><\/p>\n<\/li>\n<li style=\"font-family: inherit; font-size: inherit; font-weight: inherit; line-height: inherit; border: 0px; margin: 0px; padding: 0px; display: list-item; box-sizing: border-box;\">\n<p style=\"font-family: inherit; font-size: 14px; font-weight: 400; line-height: inherit; border: 0px; margin: 0px; padding: 0px; box-sizing: border-box;\"><span style=\"font-size: 20px; font-family: 'times new roman', times, serif;\">Kompatibel mit <\/span><span style=\"color: #009ce0; font-size: 20px; font-family: 'times new roman', times, serif;\"><strong>DJI Mini 3 PRO<\/strong><\/span><span style=\"color: #009ce0; font-size: 20px; font-family: 'times new roman', times, serif;\"><strong>\u00a0<\/strong><\/span><span style=\"font-size: 20px; font-family: 'times new roman', times, serif;\">nur<\/span><\/p>\n<\/li>\n<li style=\"font-family: inherit; font-size: inherit; font-weight: inherit; line-height: inherit; border: 0px; margin: 0px; padding: 0px; display: list-item; box-sizing: border-box;\">\n<p style=\"font-family: inherit; font-size: 14px; font-weight: 400; line-height: inherit; border: 0px; margin: 0px; padding: 0px; box-sizing: border-box;\"><span style=\"font-size: 20px; font-family: 'times new roman', times, serif;\">Gut als Ersatzteil<\/span><\/p>\n<\/li>\n<li style=\"font-family: inherit; font-size: inherit; font-weight: inherit; line-height: inherit; border: 0px; margin: 0px; padding: 0px; display: list-item; box-sizing: border-box;\">\n<p style=\"font-family: inherit; font-size: 14px; font-weight: 400; line-height: inherit; border: 0px; margin: 0px; padding: 0px; box-sizing: border-box;\"><span style=\"font-size: 20px; font-family: 'times new roman', times, serif;\">Auf Lager, schneller Versand<\/span><\/p>\n<\/li>\n<\/ul>\n<p style=\"text-align: left;\" align=\"left\"><span style=\"color: #f44e3b; font-size: 22px; font-family: 'times new roman', times, serif;\">HINWEIS\uff1a Es ist DJI Original verwendet, aber funktioniert gut\uff01<\/span><\/p>\n<p><span style=\"color: #f44e3b; font-size: 22px; font-family: 'times new roman', times, serif;\">Kurze sto\u00dfd\u00e4mpfende B\u00e4lle und sto\u00dfd\u00e4mpfende B\u00e4lle mit vertikalen Streifen sind universell einsetzbar.<\/span><\/p>\n<div class=\"detailmodule_html\">\n<div class=\"detail-desc-decorate-richtext\">\n<p style=\"font-size: 14px; font-weight: 400; line-height: inherit; margin: 0px; padding: 0px; box-sizing: border-box;\"><span style=\"background-color: #ffffff; color: #f44e3b; font-size: 22px; font-family: 'times new roman', times, serif;\">Jedes Ger\u00e4t muss vor der Auslieferung getestet werden und gut funktionieren Dieses Produkt muss nach der Installation kalibriert werden! Wenn Sie kein professioneller Reparateur sind, oder Sie sind eine Person mit schwachen manipulativen abiity, bitte nicht kaufen, auch!Wenn die Installation fehlschl\u00e4gt oder die Kalibrierung Fehler verursacht Sch\u00e4den an der Zubeh\u00f6r, keine Entsch\u00e4digung gegeben werden.<\/span><\/p>\n<div><\/div>\n<\/div>\n<\/div>\n<div class=\"detailmodule_html\">\n<div class=\"detail-desc-decorate-richtext\">\n<div class=\"detailmodule_html\">\n<div class=\"detail-desc-decorate-richtext\">\n<div class=\"detailmodule_html\">\n<div class=\"detail-desc-decorate-richtext\">\n<div class=\"detailmodule_html\">\n<div class=\"detail-desc-decorate-richtext\">\n<p style=\"font-size: 14px; font-weight: 400; line-height: inherit; margin: 0px; padding: 0px; box-sizing: border-box;\"><span style=\"color: #f44e3b; font-size: 20px; font-family: georgia, serif;\">Bevor Sie einen Kauf t\u00e4tigen, beachten Sie bitte die folgenden Punkte, um unn\u00f6tige Streitigkeiten zu vermeiden. Bitte best\u00e4tigen und akzeptieren Sie die folgenden Fragen, bevor Sie eine Bestellung aufgeben. Wir danken Ihnen.<\/span><\/p>\n<div><\/div>\n<p><span style=\"color: #000000; font-size: 18px;\">Den DJI Mini 3pro gibt es in einem neuen und einem alten Modell. Das neue Modell ist mit der Gimbal-Kamera des Mini 3 ausgestattet, w\u00e4hrend das alte Modell noch die Gimbal-Kamera des Mini 3pro verwendet, aber es wurde best\u00e4tigt, dass sie austauschbar sind. Das Lagerhaus wird sie nach dem Zufallsprinzip ausliefern. Bitte aktualisieren Sie vor dem Austausch auf die neueste Firmware und installieren Sie sie dann. Die APP meldet jedoch die Fehlermeldung Gimbal-Kalibrierungsfehler ERROR. Wenn Ihnen die Fehlerschrift auf der Seite nicht gef\u00e4llt, m\u00fcssen Sie eine professionelle Software f\u00fcr die Kalibrierung und den Fehlerkorrekturcode kaufen oder einen Fachmann finden, um das Problem zu l\u00f6sen. Aber dieser Fehler wird die Leistung \u00fcberhaupt nicht beeintr\u00e4chtigen, und hat keine Auswirkungen auf die Fotografie und Videoaufnahme.<\/span><\/p>\n<\/div>\n<\/div>\n<\/div>\n<\/div>\n<\/div>\n<\/div>\n<\/div>\n<\/div>\n<p><img decoding=\"async\" src=\"https:\/\/ae01.alicdn.com\/kf\/S297bbc5c7a5b41e09e4d7a96d9400644B.jpg\" alt=\"\" title=\"\"><img decoding=\"async\" src=\"https:\/\/ae01.alicdn.com\/kf\/S97e54ca3580e4d8bafca427bd3d39b8bL.jpg\" alt=\"\" title=\"\"><img decoding=\"async\" src=\"https:\/\/ae01.alicdn.com\/kf\/S91cf79cc87d44e1a92cc72b0c86952492.jpg\" alt=\"\" title=\"\"><img decoding=\"async\" src=\"https:\/\/ae01.alicdn.com\/kf\/S4230f7fe157143adb420182ac623c561V.jpg\" alt=\"\" title=\"\"><img decoding=\"async\" src=\"https:\/\/ae01.alicdn.com\/kf\/S0075e73adeb54b6a9f5a0dcab60e9e35m.jpg\" alt=\"\" title=\"\"><img decoding=\"async\" src=\"https:\/\/ae01.alicdn.com\/kf\/Se5c12a7faec34445916ee98aad78213cg.jpg\" alt=\"\" title=\"\"><img decoding=\"async\" src=\"https:\/\/ae01.alicdn.com\/kf\/Sabe386d0570648108a9cc11269b53ce3t.jpg\" alt=\"\" title=\"\"><img decoding=\"async\" src=\"https:\/\/ae01.alicdn.com\/kf\/Sa22fedcdf0054d5ba0c7c9774b5d259dq.jpg\" alt=\"\" title=\"\"><\/p>\n<\/div>\n<\/div>\n<\/div>\n<\/div>\n<\/div>\n<\/div>\n<p><img decoding=\"async\" src=\"https:\/\/ae01.alicdn.com\/kf\/S2b5dcba7d0934db19db2fd74ffa68a0bE.jpg\" alt=\"\" title=\"\"><\/p>","protected":false},"excerpt":{"rendered":"<p>DJI Mini 3 Pro Original Gimbal Part High-concerned chemical:\u00a0None Compatible Drone Model:\u00a0DJI Mini 3 pro Size:\u00a0\/ Package:\u00a0Yes Weight:\u00a0\/ Model Number:\u00a0DJI Mini 3 pro Compatible Drone Brand:\u00a0DJI Brand Name:\u00a0OKOUME Origin:\u00a0Mainland China Original Gimbal Part for DJI Mini 3 Pro Gimbal Housing Shell Camera Lens PTZ Signal Cable Yaw Roll Motor \/ Arm Rubber Damping Description: Original [&hellip;]<\/p>\n","protected":false},"featured_media":3786,"comment_status":"open","ping_status":"closed","template":"","meta":[],"product_brand":[],"product_cat":[15],"product_tag":[],"class_list":{"0":"post-3713","1":"product","2":"type-product","3":"status-publish","4":"has-post-thumbnail","6":"product_cat-repair-tool","8":"first","9":"instock","10":"shipping-taxable","11":"purchasable","12":"product-type-variable"},"_links":{"self":[{"href":"https:\/\/dronerepaire.com\/de\/wp-json\/wp\/v2\/product\/3713","targetHints":{"allow":["GET"]}}],"collection":[{"href":"https:\/\/dronerepaire.com\/de\/wp-json\/wp\/v2\/product"}],"about":[{"href":"https:\/\/dronerepaire.com\/de\/wp-json\/wp\/v2\/types\/product"}],"replies":[{"embeddable":true,"href":"https:\/\/dronerepaire.com\/de\/wp-json\/wp\/v2\/comments?post=3713"}],"wp:featuredmedia":[{"embeddable":true,"href":"https:\/\/dronerepaire.com\/de\/wp-json\/wp\/v2\/media\/3786"}],"wp:attachment":[{"href":"https:\/\/dronerepaire.com\/de\/wp-json\/wp\/v2\/media?parent=3713"}],"wp:term":[{"taxonomy":"product_brand","embeddable":true,"href":"https:\/\/dronerepaire.com\/de\/wp-json\/wp\/v2\/product_brand?post=3713"},{"taxonomy":"product_cat","embeddable":true,"href":"https:\/\/dronerepaire.com\/de\/wp-json\/wp\/v2\/product_cat?post=3713"},{"taxonomy":"product_tag","embeddable":true,"href":"https:\/\/dronerepaire.com\/de\/wp-json\/wp\/v2\/product_tag?post=3713"}],"curies":[{"name":"wp","href":"https:\/\/api.w.org\/{rel}","templated":true}]}}