{"id":3698,"date":"2025-11-26T21:51:58","date_gmt":"2025-11-27T05:51:58","guid":{"rendered":"https:\/\/dronerepaire.com\/drone-parts-store\/dji-osmo-third-person-helmet-mount-kit-paired-with-a-carbon-fiber-rod-it-enables-unique-third-person-tracking-shots-original\/"},"modified":"2025-11-26T22:09:50","modified_gmt":"2025-11-27T06:09:50","slug":"dji-osmo-carbon-fiber-rod","status":"publish","type":"product","link":"https:\/\/dronerepaire.com\/de\/drone-parts-store\/dji-osmo-kohlefaserstab\/","title":{"rendered":"DJI Osmo Kohlefaserstab, er erm\u00f6glicht einzigartige Aufnahmen aus der dritten Person Original"},"content":{"rendered":"<div class=\"product-specs-list-container\">\n<h2>DJI Osmo Kohlefaserstab<\/h2>\n<ul class=\"product-specs-list util-clearfix\">\n<li class=\"product-prop line-limit-length\"><span class=\"property-title\">Sehr besorgniserregende Chemikalie:\u00a0<\/span><span class=\"property-desc line-limit-length\">Keine<\/span><\/li>\n<li class=\"product-prop line-limit-length\"><span class=\"property-title\">Paket:\u00a0<\/span><span class=\"property-desc line-limit-length\">Ja<\/span><\/li>\n<li class=\"product-prop line-limit-length\"><span class=\"property-title\">Kompatibles Modell:\u00a0<\/span><span class=\"property-desc line-limit-length\">DJI Osmo 360<\/span><\/li>\n<li class=\"product-prop line-limit-length\"><span class=\"property-title\">Kompatible Marke:\u00a0<\/span><span class=\"property-desc line-limit-length\">DJI<\/span><\/li>\n<li class=\"product-prop line-limit-length\"><span class=\"property-title\">Art:\u00a0<\/span><span class=\"property-desc line-limit-length\">Gurte &amp; Halterungen<\/span><\/li>\n<li class=\"product-prop line-limit-length\"><span class=\"property-title\">Markenname:\u00a0<\/span><span class=\"property-desc line-limit-length\">DJI<\/span><\/li>\n<li class=\"product-prop line-limit-length\"><span class=\"property-title\">Herkunft:\u00a0<\/span><span class=\"property-desc line-limit-length\">Festland China<\/span><\/li>\n<\/ul>\n<\/div>\n<div class=\"detailmodule_html\">\n<div class=\"detail-desc-decorate-richtext\">\n<div class=\"detailmodule_text-image\">\n<h2 class=\"detail-desc-decorate-title\" style=\"font-family: OpenSans; font-size: 20px; font-weight: 900; line-height: 28px; white-space: pre-wrap; color: #000000; margin-bottom: 12px;\">DJI Osmo Dritte-Person-Helmhalterung<\/h2>\n<p class=\"detail-desc-decorate-content\" style=\"font-family: OpenSans; font-size: 14px; font-weight: 300; line-height: 20px; white-space: pre-wrap; color: #000000; margin-bottom: 12px;\">Die gew\u00f6lbte Basis passt sich sicher an Helme an und haftet fest. In Kombination mit einer Kohlefaserstange erm\u00f6glicht sie einzigartige Aufnahmen aus der dritten Person.<\/p>\n<div><img decoding=\"async\" class=\"detail-desc-decorate-image\" src=\"https:\/\/ae01.alicdn.com\/kf\/Sbb9cd8cc59724469825bf41dd4343dc9r.jpg\" alt=\"\" title=\"\"><\/div>\n<\/div>\n<div class=\"detailmodule_text\">\n<p class=\"detail-desc-decorate-title\" style=\"font-family: OpenSans; font-size: 20px; font-weight: 900; line-height: 28px; white-space: pre-wrap; color: #000000; margin-bottom: 12px;\">\u00dcbersicht<\/p>\n<p class=\"detail-desc-decorate-content\" style=\"font-family: OpenSans; font-size: 14px; font-weight: 300; line-height: 20px; white-space: pre-wrap; color: #000000; margin-bottom: 12px;\">Die gebogene Basis liegt eng am Helm an und haftet fest an ihrem Platz. Gepaart mit einer hochfesten geraden Kohlefaserstange erm\u00f6glicht sie eine unverwechselbare Third-Person-Tracking-Perspektive.<\/p>\n<\/div>\n<div class=\"detailmodule_text\">\n<p class=\"detail-desc-decorate-title\" style=\"font-family: OpenSans; font-size: 20px; font-weight: 900; line-height: 28px; white-space: pre-wrap; color: #000000; margin-bottom: 12px;\">Tipps<\/p>\n<p class=\"detail-desc-decorate-content\" style=\"font-family: OpenSans; font-size: 14px; font-weight: 300; line-height: 20px; white-space: pre-wrap; color: #000000; margin-bottom: 12px;\">1. Wenn Sie den Sockel anbringen, dr\u00fccken Sie ihn l\u00e4nger als 30 Sekunden fest an und lassen Sie ihn 30 Minuten lang ruhen, damit er gut haftet.<\/p>\n<p>2. Dieses Produkt ist nur f\u00fcr die einmalige Verwendung auf sauberen, gekr\u00fcmmten Oberfl\u00e4chen vorgesehen. Wenn die Oberfl\u00e4che nicht ausreichend glatt ist, tragen Sie zuerst das mitgelieferte Klebepad auf und befestigen Sie dann die Basis.<\/p>\n<p>3. Die ideale Anwendungstemperatur liegt zwischen -10\u00b0C und 40\u00b0C (14\u00b0 F bis 104\u00b0 F).<\/p>\n<p>4. Ziehen Sie nach dem Tragen die Sicherungsmutter fest, um ein Wackeln oder Verrutschen durch starke St\u00f6\u00dfe w\u00e4hrend der Bewegung zu verhindern.<\/p>\n<p>5. Bei der Aufnahme von 360\u00b0-Aufnahmen kann die Unterseite der Kamera, die auf den Helm gerichtet ist, n\u00e4her sein als der erforderliche Mindestabstand f\u00fcr das Stitching. Passen Sie den Winkel und den Bildausschnitt an, um Fehler beim Stitching im Nahbereich zu vermeiden.<\/p>\n<\/div>\n<div class=\"detailmodule_text\">\n<p class=\"detail-desc-decorate-title\" style=\"font-family: OpenSans; font-size: 20px; font-weight: 900; line-height: 28px; white-space: pre-wrap; color: #000000; margin-bottom: 12px;\">In der Box<\/p>\n<p class=\"detail-desc-decorate-content\" style=\"font-family: OpenSans; font-size: 14px; font-weight: 300; line-height: 20px; white-space: pre-wrap; color: #000000; margin-bottom: 12px;\">Osmo Gebogene Klebebasis Max \u00d7 1<\/p>\n<p>28 cm Carbonfaser-Geradstab \u00d7 1<\/p>\n<p>1\/4; Gewinde auf Dual Prong Adapter \u00d7 1<\/p>\n<p>Osmo Action Schnellwechsel-Adapterhalterung \u00d7 1<\/p>\n<p>Osmo Feststellschraube \u00d7 1<\/p>\n<p>Schraubensicherungsschl\u00fcssel \u00d7 1<\/p>\n<p>Sechskantschl\u00fcssel \u00d7 1<\/p>\n<\/div>\n<div class=\"detailmodule_text\">\n<p class=\"detail-desc-decorate-title\" style=\"font-family: OpenSans; font-size: 20px; font-weight: 900; line-height: 28px; white-space: pre-wrap; color: #000000; margin-bottom: 12px;\">Spezifikationen<\/p>\n<p class=\"detail-desc-decorate-content\" style=\"font-family: OpenSans; font-size: 14px; font-weight: 300; line-height: 20px; white-space: pre-wrap; color: #000000; margin-bottom: 12px;\">Osmo Gebogene Klebebasis Max<\/p>\n<p>Abmessungen: Ca. 50 \u00d7 55 \u00d7 24 mm (L \u00d7 B \u00d7 H)<\/p>\n<p>Gewicht: Ca. 17 g<\/p>\n<p>Sechskantschl\u00fcssel<\/p>\n<p>Abmessungen: Ca. 53 \u00d7 97 \u00d7 16 mm (L \u00d7 B \u00d7 H)<\/p>\n<p>Gewicht: Ca. 8 g<\/p>\n<p>28cm Carbonfaser Gerader Stab<\/p>\n<p>Abmessungen: Ca. 291 \u00d7 17 \u00d7 23 mm (L \u00d7 B \u00d7 H)<\/p>\n<p>Gewicht: Ca. 45 g<\/p>\n<p>Osmo Feststellschraube<\/p>\n<p>Abmessungen: Ca. 13,3 \u00d7 23 \u00d7 55,6 mm (L \u00d7 B \u00d7 H)<\/p>\n<p>Gewicht: Ca. 12 g<\/p>\n<p>1\/4\u201d-Gewinde auf zweipoligen Adapter<\/p>\n<p>Abmessungen: Ca. 32\u00d718\u00d718 mm (L\u00d7B\u00d7H)<\/p>\n<p>Gewicht: Ca. 9 g<\/p>\n<p>Osmo Action Schnellwechsel-Adapterhalterung<\/p>\n<p>Abmessungen: Ca. 41\u00d721\u00d734 mm (L\u00d7B\u00d7H)<\/p>\n<p>Gewicht: 16 g<\/p>\n<\/div>\n<div class=\"detailmodule_text\">\n<p class=\"detail-desc-decorate-title\" style=\"font-family: OpenSans; font-size: 20px; font-weight: 900; line-height: 28px; white-space: pre-wrap; color: #000000; margin-bottom: 12px;\">Kompatibilit\u00e4t<\/p>\n<p class=\"detail-desc-decorate-content\" style=\"font-family: OpenSans; font-size: 14px; font-weight: 300; line-height: 20px; white-space: pre-wrap; color: #000000; margin-bottom: 12px;\">Osmo 360<\/p>\n<\/div>\n<\/div>\n<\/div>","protected":false},"excerpt":{"rendered":"<p>DJI Osmo carbon fiber rod High-concerned chemical:\u00a0None Package:\u00a0Yes Compatible Model:\u00a0DJI Osmo 360 Compatible Brand:\u00a0DJI Type:\u00a0Straps &amp; Mounts Brand Name:\u00a0DJI Origin:\u00a0Mainland China DJI Osmo Third-Person Helmet Mount Kit Curved base fits helmets securely and sticks firmly. Paired with a carbon fiber rod, it enables unique third-person tracking shots. Overview The curved base fits snugly against the [&hellip;]<\/p>\n","protected":false},"featured_media":3704,"comment_status":"open","ping_status":"closed","template":"","meta":[],"product_brand":[],"product_cat":[15],"product_tag":[],"class_list":{"0":"post-3698","1":"product","2":"type-product","3":"status-publish","4":"has-post-thumbnail","6":"product_cat-repair-tool","8":"first","9":"instock","10":"shipping-taxable","11":"purchasable","12":"product-type-variable"},"_links":{"self":[{"href":"https:\/\/dronerepaire.com\/de\/wp-json\/wp\/v2\/product\/3698","targetHints":{"allow":["GET"]}}],"collection":[{"href":"https:\/\/dronerepaire.com\/de\/wp-json\/wp\/v2\/product"}],"about":[{"href":"https:\/\/dronerepaire.com\/de\/wp-json\/wp\/v2\/types\/product"}],"replies":[{"embeddable":true,"href":"https:\/\/dronerepaire.com\/de\/wp-json\/wp\/v2\/comments?post=3698"}],"wp:featuredmedia":[{"embeddable":true,"href":"https:\/\/dronerepaire.com\/de\/wp-json\/wp\/v2\/media\/3704"}],"wp:attachment":[{"href":"https:\/\/dronerepaire.com\/de\/wp-json\/wp\/v2\/media?parent=3698"}],"wp:term":[{"taxonomy":"product_brand","embeddable":true,"href":"https:\/\/dronerepaire.com\/de\/wp-json\/wp\/v2\/product_brand?post=3698"},{"taxonomy":"product_cat","embeddable":true,"href":"https:\/\/dronerepaire.com\/de\/wp-json\/wp\/v2\/product_cat?post=3698"},{"taxonomy":"product_tag","embeddable":true,"href":"https:\/\/dronerepaire.com\/de\/wp-json\/wp\/v2\/product_tag?post=3698"}],"curies":[{"name":"wp","href":"https:\/\/api.w.org\/{rel}","templated":true}]}}