{"id":3670,"date":"2025-11-26T18:14:36","date_gmt":"2025-11-27T02:14:36","guid":{"rendered":"https:\/\/dronerepaire.com\/?post_type=product&#038;p=3670"},"modified":"2025-11-26T18:17:42","modified_gmt":"2025-11-27T02:17:42","slug":"dji-o4-air-unit-pro","status":"publish","type":"product","link":"https:\/\/dronerepaire.com\/de\/drone-parts-store\/dji-o4-air-unit-pro\/","title":{"rendered":"DJI O4 Air Unit Pro"},"content":{"rendered":"<h2 class=\"p1\"><strong>DJI O4 Air Unit Pro<\/strong><\/h2>\n<div id=\"attachment_3672\" style=\"width: 505px\" class=\"wp-caption alignnone\"><img loading=\"lazy\" decoding=\"async\" aria-describedby=\"caption-attachment-3672\" class=\"wp-image-3672 size-portfolio\" src=\"https:\/\/dronerepaire.com\/wp-content\/uploads\/2025\/11\/DJI-O4-Air-Unit-495x400.jpg\" alt=\"DJI O4 Air Einheit\" width=\"495\" height=\"400\" title=\"\" srcset=\"https:\/\/dronerepaire.com\/wp-content\/uploads\/2025\/11\/DJI-O4-Air-Unit-495x400.jpg 495w, https:\/\/dronerepaire.com\/wp-content\/uploads\/2025\/11\/DJI-O4-Air-Unit-845x684.jpg 845w\" sizes=\"auto, (max-width: 495px) 100vw, 495px\" \/><p id=\"caption-attachment-3672\" class=\"wp-caption-text\">DJI O4 Air Einheit<\/p><\/div>\n<p class=\"p1\">Die DJI O4 Air Unit Pro verbessert die FPV-Flugerfahrungen mit ihren \u00fcberlegenen Bildgebungsf\u00e4higkeiten und der erweiterten \u00dcbertragungsreichweite. Ausgestattet mit einem 1\/1,3-Zoll-Bildsensor nimmt sie atemberaubende 4K\/120fps-Videos auf und unterst\u00fctzt ein 155\u00b0 ultraweites Sichtfeld, um eindringliche Bilder mit au\u00dfergew\u00f6hnlichen Details zu erfassen.<\/p>\n<p class=\"p1\">Das Dual-Antennen-Design sorgt f\u00fcr eine robuste Verbindung mit einer maximalen Reichweite von bis zu 15 km, w\u00e4hrend die extrem niedrige Latenz von 15 Millisekunden eine Echtzeit-Reaktion erm\u00f6glicht. Damit ist es die erste Wahl f\u00fcr professionelle FPV-Piloten, die eine erstklassige Leistung suchen.<\/p>\n<p>&nbsp;<\/p>\n<h2 class=\"p1\"><strong>Spezifikationen:<\/strong><\/h2>\n<div id=\"attachment_3673\" style=\"width: 505px\" class=\"wp-caption alignnone\"><img loading=\"lazy\" decoding=\"async\" aria-describedby=\"caption-attachment-3673\" class=\"wp-image-3673 size-portfolio\" src=\"https:\/\/dronerepaire.com\/wp-content\/uploads\/2025\/11\/DJI-O4-Air-Drone-Unit-Pro-495x400.jpg\" alt=\"DJI O4 Air Drohneneinheit Pro\" width=\"495\" height=\"400\" title=\"\"><p id=\"caption-attachment-3673\" class=\"wp-caption-text\">DJI O4 Air Drohneneinheit Pro<\/p><\/div>\n<ul>\n<li class=\"p2\"><strong>Gewicht:<\/strong>\u00a0Ungef\u00e4hr 32 Gramm<\/li>\n<li class=\"p2\"><strong>Bildsensor:<\/strong>\u00a01\/1,3-Zoll-CMOS<\/li>\n<li class=\"p2\"><strong>Video-Aufl\u00f6sung:<\/strong>\u00a0Bis zu 4K bei 120 Bildern pro Sekunde<\/li>\n<li class=\"p2\"><strong>Sichtfeld (FOV):<\/strong>\u00a0155\u00b0 ultraweit<\/li>\n<li class=\"p2\"><strong>Farbmodus:<\/strong>\u00a010-Bit D-Log M<\/li>\n<li class=\"p2\"><strong>Aufl\u00f6sung der Video\u00fcbertragung:<\/strong>\u00a01080p bei 100fps<\/li>\n<li class=\"p2\"><strong>Latenzzeit:<\/strong>\u00a0Weniger als 15 Millisekunden<\/li>\n<li class=\"p2\"><strong>Maximale \u00dcbertragungsdistanz:<\/strong>\u00a0Bis zu 15 Kilometer<\/li>\n<li class=\"p2\"><strong>Interner Speicher:<\/strong>\u00a04 GB integriert, erweiterbar \u00fcber microSD-Karte<\/li>\n<li class=\"p2\"><strong>Antennenentwurf:<\/strong>\u00a0Doppelantenne<\/li>\n<li class=\"p2\"><strong>Abstand der Befestigungsl\u00f6cher:<\/strong>\u00a033,5 \u00d7 33,5 mm<\/li>\n<li class=\"p2\"><strong>H\u00f6he:<\/strong>\u00a013 mm<\/li>\n<li class=\"p2\"><strong>K\u00fchlsystem:<\/strong>\u00a0Verbesserte K\u00fchlungsm\u00f6glichkeiten mit Boden-Low-Power-Modus<\/li>\n<li class=\"p2\"><strong>Standby-Zeit (Energiesparmodus am Boden aktiviert):<\/strong>\u00a0Bis zu 2,5 Minuten<\/li>\n<li class=\"p2\"><strong>Leistungsaufnahme:<\/strong>\u00a0Unterst\u00fctzt 2-6S LiPo-Akkus (7,4V - 26,4V)<\/li>\n<li class=\"p2\"><strong>Video-Codierung:<\/strong>\u00a0H.265<\/li>\n<li class=\"p2\"><strong>Maximale Video\u00fcbertragungsbitrate:<\/strong>\u00a060 Mbit\/s<\/li>\n<li class=\"p2\"><strong>Rennmodus:<\/strong>\u00a0Unterst\u00fctzt bis zu acht Flugzeuge gleichzeitig mit einer Latenzzeit von nur 15 Millisekunden bei der Video\u00fcbertragung<\/li>\n<li class=\"p2\"><strong>Canvas-Modus:<\/strong>\u00a0Unterst\u00fctzt Betaflight OSD-Einstellungen f\u00fcr anpassbare Bildschirmanzeigen<\/li>\n<li class=\"p2\"><strong>Betriebstemperaturbereich:<\/strong>\u00a0-10\u00b0C bis 40\u00b0C<\/li>\n<li class=\"p2\"><strong>Lagertemperaturbereich:<\/strong>\u00a0-20\u00b0C bis 60\u00b0C<\/li>\n<li class=\"p2\"><strong>Unterst\u00fctzte Videoformate:<\/strong>\u00a0MP4 (H.264\/MPEG-4 AVC)<\/li>\n<li class=\"p2\"><strong>Firmware-Upgrades:<\/strong>\u00a0Unterst\u00fctzt Firmware-Upgrades \u00fcber DJI Assistant 2 (DJI FPV Serie)<\/li>\n<li class=\"p2\"><strong>App-Kompatibilit\u00e4t:<\/strong>\u00a0Kompatibel mit der DJI Fly App zur Anpassung der Einstellungen und Live-Ansicht<\/li>\n<li class=\"p2\"><strong>Garantie:<\/strong>\u00a01 Jahr beschr\u00e4nkte Garantie<\/li>\n<\/ul>\n<h2 class=\"p1\"><strong>Kompatibilit\u00e4t:<\/strong><\/h2>\n<div id=\"attachment_3675\" style=\"width: 505px\" class=\"wp-caption alignnone\"><img loading=\"lazy\" decoding=\"async\" aria-describedby=\"caption-attachment-3675\" class=\"wp-image-3675 size-portfolio\" src=\"https:\/\/dronerepaire.com\/wp-content\/uploads\/2025\/11\/DJI-O4-Air-Unit-Pro-cpu-495x400.jpg\" alt=\"DJI O4 Air Unit Pro cpu\" width=\"495\" height=\"400\" title=\"\"><p id=\"caption-attachment-3675\" class=\"wp-caption-text\">DJI O4 Air Unit Pro cpu<\/p><\/div>\n<ul>\n<li class=\"p2\"><strong>Schutzbrille:<\/strong>\u00a0Kompatibel mit DJI Goggles 2, DJI Goggles Integra, DJI Goggles 3, und DJI Goggles N3.<\/li>\n<li class=\"p2\"><strong>Fernsteuerungen:<\/strong>\u00a0Unterst\u00fctzt DJI FPV Remote Controller 2 und DJI FPV Remote Controller 3.<\/li>\n<li class=\"p2\"><strong>Drone Frames:<\/strong>\u00a0Geeignet f\u00fcr Drohnenrahmen von 3 Zoll und mehr, die eine flexible Montage f\u00fcr verschiedene kreative Flugszenarien erm\u00f6glichen.<\/li>\n<li class=\"p2\"><strong>Fluglotsen:<\/strong>\u00a0Kompatibel mit Flugcontrollern, die den Canvas-Modus und Betaflight OSD-Einstellungen unterst\u00fctzen.<\/li>\n<li class=\"p2\"><strong>Fernbedienungen von Drittanbietern:<\/strong>\u00a0Unterst\u00fctzt Fernbedienungen von Drittanbietern mit anderen Protokollen; ein zus\u00e4tzlicher Empf\u00e4nger ist erforderlich.<\/li>\n<li class=\"p2\"><strong>Flugkontrollprotokoll:<\/strong>\u00a0Um den DJI FPV Remote Controller zu verwenden, muss das Flugsteuerungsprotokoll auf SBUS eingestellt sein.<\/li>\n<li class=\"p2\"><strong>Analoge Video\u00fcbertragungssysteme:<\/strong>\u00a0Bei der Verwendung mit anderen Renndrohnen, die eine analoge Video\u00fcbertragung verwenden, wird empfohlen, die Brillen mindestens einen Meter voneinander entfernt zu halten und die Verteilungsfrequenz manuell auszuw\u00e4hlen und die entsprechende Video\u00fcbertragungsleistung einzustellen.<\/li>\n<li class=\"p2\"><strong>Kompatibilit\u00e4t des Zubeh\u00f6rs:<\/strong>\u00a0Teilweise Zubeh\u00f6rkompatibilit\u00e4t mit der DJI O3 Air Unit; bitte pr\u00fcfen Sie vor dem Kauf die Zubeh\u00f6rkompatibilit\u00e4tsliste.<\/li>\n<li class=\"p2\"><strong>Software-Kompatibilit\u00e4t:<\/strong>\u00a0Kompatibel mit der Gyroflow-Software f\u00fcr die Offline-Nachstabilisierung.<\/li>\n<li class=\"p2\"><strong>ND-Filter-Kompatibilit\u00e4t:<\/strong>\u00a0Das DJI O4 Air Unit Pro Kameramodul kann mit dem DJI Avata 2 ND Filter Set (ND8\/16\/32) verwendet werden.<\/li>\n<li class=\"p2\"><strong>Einhaltung von Vorschriften:<\/strong>\u00a0Entspricht den FCC-, CE- und SRRC-Normen.<\/li>\n<li class=\"p2\"><strong>Anmerkung:<\/strong>\u00a0Flugbrillen von Drittanbietern werden nicht unterst\u00fctzt.<\/li>\n<\/ul>\n<h2 class=\"p1\"><strong>Das Paket enth\u00e4lt:<\/strong><\/h2>\n<ul>\n<li class=\"p1\">DJI O4 Air Unit Pro<\/li>\n<li class=\"p1\">Kamera-Modul<\/li>\n<li class=\"p1\">Zwei Antennen<\/li>\n<li class=\"p2\">3-in-1-Kabel<\/li>\n<li class=\"p2\">Befestigungsmaterial<\/li>\n<li class=\"p2\">Benutzerhandbuch<\/li>\n<\/ul>","protected":false},"excerpt":{"rendered":"<p>DJI O4 Air Unit Pro The DJI O4 Air Unit Pro elevates FPV flight experiences with its superior imaging capabilities and extended transmission range. Equipped with a 1\/1.3-inch image sensor, it records stunning 4K\/120fps video and supports a 155\u00b0 ultra-wide FOV, capturing immersive visuals with exceptional detail. The dual-antenna design ensures a robust connection with [&hellip;]<\/p>\n","protected":false},"featured_media":3671,"comment_status":"open","ping_status":"closed","template":"","meta":[],"product_brand":[],"product_cat":[15],"product_tag":[],"class_list":{"0":"post-3670","1":"product","2":"type-product","3":"status-publish","4":"has-post-thumbnail","6":"product_cat-repair-tool","8":"first","9":"instock","10":"sale","11":"shipping-taxable","12":"purchasable","13":"product-type-simple"},"_links":{"self":[{"href":"https:\/\/dronerepaire.com\/de\/wp-json\/wp\/v2\/product\/3670","targetHints":{"allow":["GET"]}}],"collection":[{"href":"https:\/\/dronerepaire.com\/de\/wp-json\/wp\/v2\/product"}],"about":[{"href":"https:\/\/dronerepaire.com\/de\/wp-json\/wp\/v2\/types\/product"}],"replies":[{"embeddable":true,"href":"https:\/\/dronerepaire.com\/de\/wp-json\/wp\/v2\/comments?post=3670"}],"wp:featuredmedia":[{"embeddable":true,"href":"https:\/\/dronerepaire.com\/de\/wp-json\/wp\/v2\/media\/3671"}],"wp:attachment":[{"href":"https:\/\/dronerepaire.com\/de\/wp-json\/wp\/v2\/media?parent=3670"}],"wp:term":[{"taxonomy":"product_brand","embeddable":true,"href":"https:\/\/dronerepaire.com\/de\/wp-json\/wp\/v2\/product_brand?post=3670"},{"taxonomy":"product_cat","embeddable":true,"href":"https:\/\/dronerepaire.com\/de\/wp-json\/wp\/v2\/product_cat?post=3670"},{"taxonomy":"product_tag","embeddable":true,"href":"https:\/\/dronerepaire.com\/de\/wp-json\/wp\/v2\/product_tag?post=3670"}],"curies":[{"name":"wp","href":"https:\/\/api.w.org\/{rel}","templated":true}]}}