{"id":3257,"date":"2025-09-15T09:42:36","date_gmt":"2025-09-15T09:42:36","guid":{"rendered":"https:\/\/dronerepaire.com\/?post_type=product&#038;p=3257"},"modified":"2025-11-13T04:46:20","modified_gmt":"2025-11-13T12:46:20","slug":"55-cm-foldable-waterproof-drone-landing-pad-compatible-with-dji-mini-3-pro-mini-2-air-2s-mavic-3-avata","status":"publish","type":"product","link":"https:\/\/dronerepaire.com\/de\/drone-parts-store\/55-cm-faltbare-wasserdichte-drohne-landeplatz-kompatibel-mit-dji-mini-3-pro-mini-2-air-2s-mavic-3-avata\/","title":{"rendered":"55 cm faltbares, wasserdichtes Drohnen-Landepad - Kompatibel mit DJI Mini 3 Pro \/ Mini 2 \/ Air 2S \/ Mavic 3 \/ Avata"},"content":{"rendered":"<h2>\u00dcbersicht Drohnenlandeplatz<\/h2>\n<p>Dieses 55 cm lange, wasserdichte, faltbare Landepad ist kompatibel mit DJI Mini 3 Pro, Mini 2, Air 2S, Mavic 3 und Avata Drohnen. Mit einem reversiblen zweifarbigen Design und rutschfestem, strapazierf\u00e4higem Stoff dient es sowohl als Start-\/Landefl\u00e4che als auch als Wartungsplattform, um Staub zu reduzieren und den Blattwechsel und die Gimbal-Reinigung zu vereinfachen.<\/p>\n<h2>Technische Daten<\/h2>\n<table style=\"border-collapse: collapse; width: 571px; height: 255px;\" border=\"0\" width=\"144\" cellspacing=\"0\" cellpadding=\"0\">\n<tbody>\n<tr style=\"height: 16.50pt;\">\n<td class=\"et2\" style=\"height: 16.50pt; width: 54.00pt;\" width=\"72\" height=\"22\">Spezifikation<\/td>\n<td class=\"et2\" style=\"width: 54.00pt;\" width=\"72\">Wert<\/td>\n<\/tr>\n<tr style=\"height: 16.50pt;\">\n<td class=\"et2\" style=\"height: 16.50pt;\" height=\"22\">Durchmesser<\/td>\n<td class=\"et2\">50 cm*50cm<\/td>\n<\/tr>\n<tr style=\"height: 16.50pt;\">\n<td class=\"et2\" style=\"height: 16.50pt;\" height=\"22\">Material<\/td>\n<td class=\"et2\">Wasserdichtes Gewebe<\/td>\n<\/tr>\n<tr style=\"height: 16.50pt;\">\n<td class=\"et2\" style=\"height: 16.50pt;\" height=\"22\">Verpackung<\/td>\n<td class=\"et2\">Inklusive Etui<\/td>\n<\/tr>\n<\/tbody>\n<\/table>\n<h2>Wesentliche Merkmale<\/h2>\n<p>Zweifarbig reversibel (blau\/orange) f\u00fcr bessere Sichtbarkeit<\/p>\n<p>55 cm Durchmesser, flach zusammenlegbar f\u00fcr einfachen Transport<\/p>\n<p>Wasserdichte, rutschfeste Oberfl\u00e4che sch\u00fctzt vor Staub und rutschigem Untergrund<\/p>\n<p>Kompatibel mit DJI Mini 3 Pro, Mini 2, Air 2S, Mavic 3, Avata, etc.<\/p>\n<p>Der wartungsfreundliche Aufbau bietet eine saubere Oberfl\u00e4che f\u00fcr Blattwechsel und Kardaninspektionen<\/p>\n<h2>Anwendungsf\u00e4lle<\/h2>\n<p>Ein sauberer, spezieller Bereich f\u00fcr den Austausch von Bl\u00e4ttern und die Kardaninspektion w\u00e4hrend der Wartung.<\/p>\n<p>Stabiler und gut sichtbarer Start- und Landeplatz f\u00fcr Au\u00dfeneins\u00e4tze aus der Luft.<\/p>\n<p>Sch\u00fctzt Gimbal und Kamera vor Verschmutzung durch Staub und Schutt.<\/p>\n<h2>Tipps f\u00fcr die Verwendung<\/h2>\n<p>Achten Sie darauf, dass die Unterlage flach auf einem stabilen Untergrund liegt, um Einstiche zu vermeiden.<\/p>\n<p>Vor dem Falten und Lagern reinigen, um die Lebensdauer zu verl\u00e4ngern.<\/p>\n<p>Regelm\u00e4\u00dfig \u00fcberpr\u00fcfen und reinigen, um die Wasserdichtigkeit und Rutschfestigkeit zu erhalten.<\/p>","protected":false},"excerpt":{"rendered":"<p>Ein tragbares, zweifarbiges, rutschfestes und wasserdichtes Landepad, das mit mehreren DJI-Drohnen kompatibel ist.<\/p>","protected":false},"featured_media":3267,"comment_status":"open","ping_status":"closed","template":"","meta":[],"product_brand":[],"product_cat":[39],"product_tag":[],"class_list":{"0":"post-3257","1":"product","2":"type-product","3":"status-publish","4":"has-post-thumbnail","6":"product_cat-propeller","8":"first","9":"instock","10":"sale","11":"shipping-taxable","12":"purchasable","13":"product-type-variable"},"_links":{"self":[{"href":"https:\/\/dronerepaire.com\/de\/wp-json\/wp\/v2\/product\/3257","targetHints":{"allow":["GET"]}}],"collection":[{"href":"https:\/\/dronerepaire.com\/de\/wp-json\/wp\/v2\/product"}],"about":[{"href":"https:\/\/dronerepaire.com\/de\/wp-json\/wp\/v2\/types\/product"}],"replies":[{"embeddable":true,"href":"https:\/\/dronerepaire.com\/de\/wp-json\/wp\/v2\/comments?post=3257"}],"wp:featuredmedia":[{"embeddable":true,"href":"https:\/\/dronerepaire.com\/de\/wp-json\/wp\/v2\/media\/3267"}],"wp:attachment":[{"href":"https:\/\/dronerepaire.com\/de\/wp-json\/wp\/v2\/media?parent=3257"}],"wp:term":[{"taxonomy":"product_brand","embeddable":true,"href":"https:\/\/dronerepaire.com\/de\/wp-json\/wp\/v2\/product_brand?post=3257"},{"taxonomy":"product_cat","embeddable":true,"href":"https:\/\/dronerepaire.com\/de\/wp-json\/wp\/v2\/product_cat?post=3257"},{"taxonomy":"product_tag","embeddable":true,"href":"https:\/\/dronerepaire.com\/de\/wp-json\/wp\/v2\/product_tag?post=3257"}],"curies":[{"name":"wp","href":"https:\/\/api.w.org\/{rel}","templated":true}]}}