{"id":3698,"date":"2025-11-26T21:51:58","date_gmt":"2025-11-27T05:51:58","guid":{"rendered":"https:\/\/dronerepaire.com\/drone-parts-store\/dji-osmo-third-person-helmet-mount-kit-paired-with-a-carbon-fiber-rod-it-enables-unique-third-person-tracking-shots-original\/"},"modified":"2025-11-26T22:09:50","modified_gmt":"2025-11-27T06:09:50","slug":"dji-osmo-carbon-fiber-rod","status":"publish","type":"product","link":"https:\/\/dronerepaire.com\/ar\/drone-parts-store\/\u0642\u0636\u064a\u0628-\u0645\u0646-\u0623\u0644\u064a\u0627\u0641-\u0627\u0644\u0643\u0631\u0628\u0648\u0646-dji-osmo\/","title":{"rendered":"\u0642\u0636\u064a\u0628 \u0645\u0646 \u0623\u0644\u064a\u0627\u0641 \u0627\u0644\u0643\u0631\u0628\u0648\u0646 DJI Osmo\u060c \u064a\u062a\u064a\u062d \u0644\u0642\u0637\u0627\u062a \u062a\u062a\u0628\u0639 \u0641\u0631\u064a\u062f\u0629 \u0645\u0646 \u0646\u0648\u0639\u0647\u0627 \u0645\u0646 \u0645\u0646\u0638\u0648\u0631 \u0634\u062e\u0635 \u062b\u0627\u0644\u062b \u0623\u0635\u0644\u064a"},"content":{"rendered":"<div class=\"product-specs-list-container\">\n<h2>\u0642\u0636\u064a\u0628 \u0645\u0646 \u0623\u0644\u064a\u0627\u0641 \u0627\u0644\u0643\u0631\u0628\u0648\u0646 DJI Osmo<\/h2>\n<ul class=\"product-specs-list util-clearfix\">\n<li class=\"product-prop line-limit-length\"><span class=\"property-title\">\u0645\u0627\u062f\u0629 \u0643\u064a\u0645\u064a\u0627\u0626\u064a\u0629 \u0639\u0627\u0644\u064a\u0629 \u0627\u0644\u062e\u0637\u0648\u0631\u0629:\u00a0<\/span><span class=\"property-desc line-limit-length\">\u0644\u0627 \u064a\u0648\u062c\u062f<\/span><\/li>\n<li class=\"product-prop line-limit-length\"><span class=\"property-title\">\u0627\u0644\u062d\u0632\u0645\u0629:\u00a0<\/span><span class=\"property-desc line-limit-length\">\u0646\u0639\u0645<\/span><\/li>\n<li class=\"product-prop line-limit-length\"><span class=\"property-title\">\u0627\u0644\u0637\u0631\u0627\u0632 \u0627\u0644\u0645\u062a\u0648\u0627\u0641\u0642:\u00a0<\/span><span class=\"property-desc line-limit-length\">DJI Osmo 360<\/span><\/li>\n<li class=\"product-prop line-limit-length\"><span class=\"property-title\">\u0627\u0644\u0639\u0644\u0627\u0645\u0629 \u0627\u0644\u062a\u062c\u0627\u0631\u064a\u0629 \u0627\u0644\u0645\u062a\u0648\u0627\u0641\u0642\u0629:\u00a0<\/span><span class=\"property-desc line-limit-length\">DJI<\/span><\/li>\n<li class=\"product-prop line-limit-length\"><span class=\"property-title\">\u0627\u0644\u0646\u0648\u0639:\u00a0<\/span><span class=\"property-desc line-limit-length\">\u0627\u0644\u0623\u0634\u0631\u0637\u0629 \u0648\u0627\u0644\u062d\u0648\u0627\u0645\u0644<\/span><\/li>\n<li class=\"product-prop line-limit-length\"><span class=\"property-title\">\u0627\u0633\u0645 \u0627\u0644\u0639\u0644\u0627\u0645\u0629 \u0627\u0644\u062a\u062c\u0627\u0631\u064a\u0629:\u00a0<\/span><span class=\"property-desc line-limit-length\">DJI<\/span><\/li>\n<li class=\"product-prop line-limit-length\"><span class=\"property-title\">\u0627\u0644\u0645\u0646\u0634\u0623:\u00a0<\/span><span class=\"property-desc line-limit-length\">\u0627\u0644\u0628\u0631 \u0627\u0644\u0631\u0626\u064a\u0633\u064a \u0644\u0644\u0635\u064a\u0646<\/span><\/li>\n<\/ul>\n<\/div>\n<div class=\"detailmodule_html\">\n<div class=\"detail-desc-decorate-richtext\">\n<div class=\"detailmodule_text-image\">\n<h2 class=\"detail-desc-decorate-title\" style=\"font-family: OpenSans; font-size: 20px; font-weight: 900; line-height: 28px; white-space: pre-wrap; color: #000000; margin-bottom: 12px;\">\u0637\u0642\u0645 \u062a\u062b\u0628\u064a\u062a \u0627\u0644\u062e\u0648\u0630\u0629 \u0644\u0644\u0634\u062e\u0635 \u0627\u0644\u062b\u0627\u0644\u062b DJI Osmo \u0644\u0644\u0634\u062e\u0635 \u0627\u0644\u062b\u0627\u0644\u062b<\/h2>\n<p class=\"detail-desc-decorate-content\" style=\"font-family: OpenSans; font-size: 14px; font-weight: 300; line-height: 20px; white-space: pre-wrap; color: #000000; margin-bottom: 12px;\">\u0642\u0627\u0639\u062f\u0629 \u0645\u0646\u062d\u0646\u064a\u0629 \u062a\u0646\u0627\u0633\u0628 \u0627\u0644\u062e\u0648\u0630\u0627\u062a \u0628\u0625\u062d\u0643\u0627\u0645 \u0648\u062a\u0644\u062a\u0635\u0642 \u0628\u0625\u062d\u0643\u0627\u0645. \u0639\u0646\u062f \u0627\u0642\u062a\u0631\u0627\u0646\u0647\u0627 \u0628\u0642\u0636\u064a\u0628 \u0645\u0646 \u0623\u0644\u064a\u0627\u0641 \u0627\u0644\u0643\u0631\u0628\u0648\u0646\u060c \u0641\u0625\u0646\u0647\u0627 \u062a\u062a\u064a\u062d \u0644\u0642\u0637\u0627\u062a \u062a\u062a\u0628\u0639 \u0641\u0631\u064a\u062f\u0629 \u0645\u0646 \u0646\u0648\u0639\u0647\u0627 \u0645\u0646 \u0645\u0646\u0638\u0648\u0631 \u0634\u062e\u0635 \u062b\u0627\u0644\u062b.<\/p>\n<div><img decoding=\"async\" class=\"detail-desc-decorate-image\" src=\"https:\/\/ae01.alicdn.com\/kf\/Sbb9cd8cc59724469825bf41dd4343dc9r.jpg\" alt=\"\" title=\"\"><\/div>\n<\/div>\n<div class=\"detailmodule_text\">\n<p class=\"detail-desc-decorate-title\" style=\"font-family: OpenSans; font-size: 20px; font-weight: 900; line-height: 28px; white-space: pre-wrap; color: #000000; margin-bottom: 12px;\">\u0644\u0645\u062d\u0629 \u0639\u0627\u0645\u0629<\/p>\n<p class=\"detail-desc-decorate-content\" style=\"font-family: OpenSans; font-size: 14px; font-weight: 300; line-height: 20px; white-space: pre-wrap; color: #000000; margin-bottom: 12px;\">\u062a\u062a\u0644\u0627\u0621\u0645 \u0627\u0644\u0642\u0627\u0639\u062f\u0629 \u0627\u0644\u0645\u0646\u062d\u0646\u064a\u0629 \u0628\u0634\u0643\u0644 \u0645\u0631\u064a\u062d \u0645\u0639 \u0627\u0644\u062e\u0648\u0630\u0629 \u0648\u062a\u0644\u062a\u0635\u0642 \u0628\u0625\u062d\u0643\u0627\u0645 \u0644\u062a\u0628\u0642\u0649 \u0641\u064a \u0645\u0643\u0627\u0646\u0647\u0627. \u0643\u0645\u0627 \u0623\u0646\u0647\u0627 \u0645\u0642\u062a\u0631\u0646\u0629 \u0628\u0642\u0636\u064a\u0628 \u0645\u0633\u062a\u0642\u064a\u0645 \u0645\u0646 \u0623\u0644\u064a\u0627\u0641 \u0627\u0644\u0643\u0631\u0628\u0648\u0646 \u0639\u0627\u0644\u064a\u0629 \u0627\u0644\u0642\u0648\u0629\u060c \u0645\u0645\u0627 \u064a\u062a\u064a\u062d \u0645\u0646\u0638\u0648\u0631 \u062a\u062a\u0628\u0639 \u0645\u0645\u064a\u0632 \u0645\u0646 \u0645\u0646\u0638\u0648\u0631 \u0627\u0644\u0634\u062e\u0635 \u0627\u0644\u062b\u0627\u0644\u062b.<\/p>\n<\/div>\n<div class=\"detailmodule_text\">\n<p class=\"detail-desc-decorate-title\" style=\"font-family: OpenSans; font-size: 20px; font-weight: 900; line-height: 28px; white-space: pre-wrap; color: #000000; margin-bottom: 12px;\">\u0627\u0644\u0625\u0631\u0634\u0627\u062f\u0627\u062a<\/p>\n<p class=\"detail-desc-decorate-content\" style=\"font-family: OpenSans; font-size: 14px; font-weight: 300; line-height: 20px; white-space: pre-wrap; color: #000000; margin-bottom: 12px;\">1. \u0639\u0646\u062f \u062a\u062b\u0628\u064a\u062a \u0627\u0644\u0642\u0627\u0639\u062f\u0629\u060c \u0627\u0636\u063a\u0637 \u0628\u0642\u0648\u0629 \u0644\u0623\u0643\u062b\u0631 \u0645\u0646 30 \u062b\u0627\u0646\u064a\u0629\u060c \u0648\u0627\u062a\u0631\u0643\u0647\u0627 \u0644\u0645\u062f\u0629 30 \u062f\u0642\u064a\u0642\u0629 \u0644\u0636\u0645\u0627\u0646 \u0627\u0644\u0627\u0644\u062a\u0635\u0627\u0642.<\/p>\n<p>2. \u0647\u0630\u0627 \u0627\u0644\u0645\u0646\u062a\u062c \u0645\u062e\u0635\u0635 \u0644\u0644\u0627\u0633\u062a\u062e\u062f\u0627\u0645 \u0644\u0645\u0631\u0629 \u0648\u0627\u062d\u062f\u0629 \u0639\u0644\u0649 \u0627\u0644\u0623\u0633\u0637\u062d \u0627\u0644\u0646\u0638\u064a\u0641\u0629 \u0648\u0627\u0644\u0645\u0646\u062d\u0646\u064a\u0629 \u0641\u0642\u0637. \u0625\u0630\u0627 \u0644\u0645 \u064a\u0643\u0646 \u0627\u0644\u0633\u0637\u062d \u0623\u0645\u0644\u0633 \u0628\u0645\u0627 \u0641\u064a\u0647 \u0627\u0644\u0643\u0641\u0627\u064a\u0629\u060c \u0636\u0639\u064a \u0627\u0644\u0648\u0633\u0627\u062f\u0629 \u0627\u0644\u0644\u0627\u0635\u0642\u0629 \u0627\u0644\u0645\u0631\u0641\u0642\u0629 \u0623\u0648\u0644\u0627\u064b\u060c \u062b\u0645 \u062b\u0628\u0651\u062a\u064a \u0627\u0644\u0642\u0627\u0639\u062f\u0629.<\/p>\n<p>3. \u062a\u062a\u0631\u0627\u0648\u062d \u062f\u0631\u062c\u0629 \u062d\u0631\u0627\u0631\u0629 \u0627\u0644\u0627\u0633\u062a\u062e\u062f\u0627\u0645 \u0627\u0644\u0645\u062b\u0627\u0644\u064a\u0629 \u0628\u064a\u0646 -10 \u062f\u0631\u062c\u0627\u062a \u0645\u0626\u0648\u064a\u0629 \u064840 \u062f\u0631\u062c\u0629 \u0645\u0626\u0648\u064a\u0629 (14 \u062f\u0631\u062c\u0629 \u0641\u0647\u0631\u0646\u0647\u0627\u064a\u062a \u0625\u0644\u0649 104 \u062f\u0631\u062c\u0629 \u0641\u0647\u0631\u0646\u0647\u0627\u064a\u062a).<\/p>\n<p>4. \u0628\u0639\u062f \u0627\u0644\u062a\u0622\u0643\u0644\u060c \u062a\u0623\u0643\u062f \u0645\u0646 \u0625\u062d\u0643\u0627\u0645 \u0631\u0628\u0637 \u0635\u0627\u0645\u0648\u0644\u0629 \u0627\u0644\u0642\u0641\u0644 \u0644\u0645\u0646\u0639 \u0627\u0644\u0627\u0647\u062a\u0632\u0627\u0632 \u0623\u0648 \u0627\u0644\u0625\u0632\u0627\u062d\u0629 \u0628\u0633\u0628\u0628 \u0627\u0644\u0635\u062f\u0645\u0627\u062a \u0627\u0644\u0643\u0628\u064a\u0631\u0629 \u0623\u062b\u0646\u0627\u0621 \u0627\u0644\u062d\u0631\u0643\u0629.<\/p>\n<p>5. \u0623\u062b\u0646\u0627\u0621 \u0627\u0644\u062a\u0642\u0627\u0637 \u0644\u0642\u0637\u0627\u062a \u0628\u0632\u0627\u0648\u064a\u0629 360 \u062f\u0631\u062c\u0629\u060c \u0642\u062f \u064a\u0643\u0648\u0646 \u0627\u0644\u062c\u0632\u0621 \u0627\u0644\u0633\u0641\u0644\u064a \u0645\u0646 \u0627\u0644\u0643\u0627\u0645\u064a\u0631\u0627 \u0627\u0644\u0645\u0648\u0627\u062c\u0647 \u0644\u0644\u062e\u0648\u0630\u0629 \u0623\u0642\u0631\u0628 \u0645\u0646 \u0627\u0644\u062d\u062f \u0627\u0644\u0623\u062f\u0646\u0649 \u0644\u0645\u0633\u0627\u0641\u0629 \u0627\u0644\u062e\u064a\u0627\u0637\u0629 \u0627\u0644\u0645\u0637\u0644\u0648\u0628\u0629. \u0627\u0636\u0628\u0637 \u0627\u0644\u0632\u0627\u0648\u064a\u0629 \u0648\u0627\u0644\u062a\u0631\u0643\u064a\u0628 \u0644\u062a\u062c\u0646\u0628 \u0639\u064a\u0648\u0628 \u0627\u0644\u062e\u064a\u0627\u0637\u0629 \u0627\u0644\u0642\u0631\u064a\u0628\u0629 \u0627\u0644\u0645\u062f\u0649 \u0641\u064a \u0627\u0644\u0623\u0633\u0641\u0644.<\/p>\n<\/div>\n<div class=\"detailmodule_text\">\n<p class=\"detail-desc-decorate-title\" style=\"font-family: OpenSans; font-size: 20px; font-weight: 900; line-height: 28px; white-space: pre-wrap; color: #000000; margin-bottom: 12px;\">\u0641\u064a \u0627\u0644\u0635\u0646\u062f\u0648\u0642<\/p>\n<p class=\"detail-desc-decorate-content\" style=\"font-family: OpenSans; font-size: 14px; font-weight: 300; line-height: 20px; white-space: pre-wrap; color: #000000; margin-bottom: 12px;\">\u0623\u0648\u0632\u0645\u0648 \u0642\u0627\u0639\u062f\u0629 \u0644\u0627\u0635\u0642\u0629 \u0645\u0646\u062d\u0646\u064a\u0629 \u0645\u0627\u0643\u0633 \u00d7 1<\/p>\n<p>\u0642\u0636\u064a\u0628 \u0645\u0633\u062a\u0642\u064a\u0645 \u0645\u0646 \u0623\u0644\u064a\u0627\u0641 \u0627\u0644\u0643\u0631\u0628\u0648\u0646 28 \u0633\u0645 \u00d7 1<\/p>\n<p>1\/4\u061b \u0645\u062d\u0648\u0644 \u062b\u0646\u0627\u0626\u064a \u0627\u0644\u0634\u0642 \u0625\u0644\u0649 \u062b\u0646\u0627\u0626\u064a \u0627\u0644\u0634\u0642 \u00d7 1<\/p>\n<p>\u062d\u0627\u0645\u0644 \u0645\u0647\u0627\u064a\u0626 \u0627\u0644\u062d\u0631\u0643\u0629 \u0627\u0644\u0633\u0631\u064a\u0639\u0629 \u0627\u0644\u062a\u062d\u0631\u064a\u0631 \u0645\u0646 Osmo Action \u00d7 1<\/p>\n<p>\u0628\u0631\u063a\u064a \u0642\u0641\u0644 \u0623\u0648\u0632\u0645\u0648 \u0627\u0644\u0644\u0648\u0644\u0628\u064a \u00d7 1<\/p>\n<p>\u0645\u0641\u062a\u0627\u062d \u0628\u0631\u0627\u063a\u064a \u0627\u0644\u0642\u0641\u0644 \u0627\u0644\u0644\u0648\u0644\u0628\u064a \u00d7 1<\/p>\n<p>\u0645\u0641\u062a\u0627\u062d \u0633\u062f\u0627\u0633\u064a \u0639\u0634\u0631\u064a \u00d7 1<\/p>\n<\/div>\n<div class=\"detailmodule_text\">\n<p class=\"detail-desc-decorate-title\" style=\"font-family: OpenSans; font-size: 20px; font-weight: 900; line-height: 28px; white-space: pre-wrap; color: #000000; margin-bottom: 12px;\">\u0627\u0644\u0645\u0648\u0627\u0635\u0641\u0627\u062a<\/p>\n<p class=\"detail-desc-decorate-content\" style=\"font-family: OpenSans; font-size: 14px; font-weight: 300; line-height: 20px; white-space: pre-wrap; color: #000000; margin-bottom: 12px;\">\u0623\u0648\u0632\u0645\u0648 \u0642\u0627\u0639\u062f\u0629 \u0644\u0627\u0635\u0642\u0629 \u0645\u0646\u062d\u0646\u064a\u0629 \u0645\u0627\u0643\u0633<\/p>\n<p>\u0627\u0644\u0623\u0628\u0639\u0627\u062f: 50 \u00d7 55 \u00d7 24 \u0645\u0645 \u062a\u0642\u0631\u064a\u0628\u064b\u0627 (\u0627\u0644\u0637\u0648\u0644 \u00d7 \u0627\u0644\u0639\u0631\u0636 \u00d7 \u0627\u0644\u0627\u0631\u062a\u0641\u0627\u0639)<\/p>\n<p>\u0627\u0644\u0648\u0632\u0646: 17 \u062c\u0645 \u062a\u0642\u0631\u064a\u0628\u064b\u0627<\/p>\n<p>\u0645\u0641\u062a\u0627\u062d \u0633\u062f\u0627\u0633\u064a \u0639\u0634\u0631\u064a<\/p>\n<p>\u0627\u0644\u0623\u0628\u0639\u0627\u062f: \u062d\u0648\u0627\u0644\u064a 53 \u00d7 97 \u00d7 16 \u0645\u0645 (\u0627\u0644\u0637\u0648\u0644 \u00d7 \u0627\u0644\u0639\u0631\u0636 \u00d7 \u0627\u0644\u0627\u0631\u062a\u0641\u0627\u0639)<\/p>\n<p>\u0627\u0644\u0648\u0632\u0646: 8 \u062c\u0645 \u062a\u0642\u0631\u064a\u0628\u064b\u0627<\/p>\n<p>\u0642\u0636\u064a\u0628 \u0645\u0633\u062a\u0642\u064a\u0645 \u0645\u0646 \u0623\u0644\u064a\u0627\u0641 \u0627\u0644\u0643\u0631\u0628\u0648\u0646 28 \u0633\u0645<\/p>\n<p>\u0627\u0644\u0623\u0628\u0639\u0627\u062f: 291 \u00d7 17 \u00d7 23 \u0645\u0644\u0645 \u062a\u0642\u0631\u064a\u0628\u064b\u0627 (\u0627\u0644\u0637\u0648\u0644 \u00d7 \u0627\u0644\u0639\u0631\u0636 \u00d7 \u0627\u0644\u0627\u0631\u062a\u0641\u0627\u0639)<\/p>\n<p>\u0627\u0644\u0648\u0632\u0646: 45 \u062c\u0645 \u062a\u0642\u0631\u064a\u0628\u064b\u0627<\/p>\n<p>\u0628\u0631\u063a\u064a \u0642\u0641\u0644 \u0623\u0648\u0632\u0645\u0648<\/p>\n<p>\u0627\u0644\u0623\u0628\u0639\u0627\u062f: 13.3 \u00d7 23 \u00d7 55.6 \u0645\u0645 \u062a\u0642\u0631\u064a\u0628\u064b\u0627 (\u0627\u0644\u0637\u0648\u0644 \u00d7 \u0627\u0644\u0639\u0631\u0636 \u00d7 \u0627\u0644\u0627\u0631\u062a\u0641\u0627\u0639)<\/p>\n<p>\u0627\u0644\u0648\u0632\u0646: 12 \u062c\u0645 \u062a\u0642\u0631\u064a\u0628\u064b\u0627<\/p>\n<p>\u0645\u062d\u0648\u0644 \u0645\u0646 \u062e\u064a\u0637 1\/4 \u0628\u0648\u0635\u0629 \u0625\u0644\u0649 \u0645\u062d\u0648\u0644 \u062b\u0646\u0627\u0626\u064a \u0627\u0644\u0634\u0642<\/p>\n<p>\u0627\u0644\u0623\u0628\u0639\u0627\u062f: 32 \u00d7 18 \u00d7 18 \u00d7 18 \u0645\u0645 \u062a\u0642\u0631\u064a\u0628\u064b\u0627 (\u0627\u0644\u0637\u0648\u0644 \u00d7 \u0627\u0644\u0639\u0631\u0636 \u00d7 \u0627\u0644\u0627\u0631\u062a\u0641\u0627\u0639)<\/p>\n<p>\u0627\u0644\u0648\u0632\u0646: 9 \u062c\u0645 \u062a\u0642\u0631\u064a\u0628\u064b\u0627<\/p>\n<p>\u062d\u0627\u0645\u0644 \u0645\u0647\u0627\u064a\u0626 \u0627\u0644\u0625\u0635\u062f\u0627\u0631 \u0627\u0644\u0633\u0631\u064a\u0639 Osmo Action \u0633\u0631\u064a\u0639 \u0627\u0644\u062a\u062d\u0631\u064a\u0631<\/p>\n<p>\u0627\u0644\u0623\u0628\u0639\u0627\u062f: \u062d\u0648\u0627\u0644\u064a 41 \u00d7 21 \u00d7 34 \u0645\u0645 (\u0627\u0644\u0637\u0648\u0644 \u00d7 \u0627\u0644\u0639\u0631\u0636 \u00d7 \u0627\u0644\u0627\u0631\u062a\u0641\u0627\u0639)<\/p>\n<p>\u0627\u0644\u0648\u0632\u0646: 16 \u062c\u0645<\/p>\n<\/div>\n<div class=\"detailmodule_text\">\n<p class=\"detail-desc-decorate-title\" style=\"font-family: OpenSans; font-size: 20px; font-weight: 900; line-height: 28px; white-space: pre-wrap; color: #000000; margin-bottom: 12px;\">\u0627\u0644\u062a\u0648\u0627\u0641\u0642<\/p>\n<p class=\"detail-desc-decorate-content\" style=\"font-family: OpenSans; font-size: 14px; font-weight: 300; line-height: 20px; white-space: pre-wrap; color: #000000; margin-bottom: 12px;\">\u0623\u0648\u0632\u0645\u0648 360<\/p>\n<\/div>\n<\/div>\n<\/div>","protected":false},"excerpt":{"rendered":"<p>DJI Osmo carbon fiber rod High-concerned chemical:\u00a0None Package:\u00a0Yes Compatible Model:\u00a0DJI Osmo 360 Compatible Brand:\u00a0DJI Type:\u00a0Straps &amp; Mounts Brand Name:\u00a0DJI Origin:\u00a0Mainland China DJI Osmo Third-Person Helmet Mount Kit Curved base fits helmets securely and sticks firmly. Paired with a carbon fiber rod, it enables unique third-person tracking shots. Overview The curved base fits snugly against the [&hellip;]<\/p>\n","protected":false},"featured_media":3704,"comment_status":"open","ping_status":"closed","template":"","meta":[],"product_brand":[],"product_cat":[15],"product_tag":[],"class_list":{"0":"post-3698","1":"product","2":"type-product","3":"status-publish","4":"has-post-thumbnail","6":"product_cat-repair-tool","8":"first","9":"instock","10":"shipping-taxable","11":"purchasable","12":"product-type-variable"},"_links":{"self":[{"href":"https:\/\/dronerepaire.com\/ar\/wp-json\/wp\/v2\/product\/3698","targetHints":{"allow":["GET"]}}],"collection":[{"href":"https:\/\/dronerepaire.com\/ar\/wp-json\/wp\/v2\/product"}],"about":[{"href":"https:\/\/dronerepaire.com\/ar\/wp-json\/wp\/v2\/types\/product"}],"replies":[{"embeddable":true,"href":"https:\/\/dronerepaire.com\/ar\/wp-json\/wp\/v2\/comments?post=3698"}],"wp:featuredmedia":[{"embeddable":true,"href":"https:\/\/dronerepaire.com\/ar\/wp-json\/wp\/v2\/media\/3704"}],"wp:attachment":[{"href":"https:\/\/dronerepaire.com\/ar\/wp-json\/wp\/v2\/media?parent=3698"}],"wp:term":[{"taxonomy":"product_brand","embeddable":true,"href":"https:\/\/dronerepaire.com\/ar\/wp-json\/wp\/v2\/product_brand?post=3698"},{"taxonomy":"product_cat","embeddable":true,"href":"https:\/\/dronerepaire.com\/ar\/wp-json\/wp\/v2\/product_cat?post=3698"},{"taxonomy":"product_tag","embeddable":true,"href":"https:\/\/dronerepaire.com\/ar\/wp-json\/wp\/v2\/product_tag?post=3698"}],"curies":[{"name":"wp","href":"https:\/\/api.w.org\/{rel}","templated":true}]}}